{"id":5064,"date":"2019-08-02T11:16:22","date_gmt":"2019-08-02T17:16:22","guid":{"rendered":"https:\/\/diftuxpan.com\/web1\/?page_id=5064"},"modified":"2022-01-24T12:05:11","modified_gmt":"2022-01-24T18:05:11","slug":"aviso-de-privacidad","status":"publish","type":"page","link":"https:\/\/diftuxpan.com\/web1\/aviso-de-privacidad\/","title":{"rendered":"AVISO DE PRIVACIDAD"},"content":{"rendered":"<p><strong>El Sistema para el Desarrollo Integral de la Familia del Municipio de Tuxpan, Jalisco<\/strong>, con domicilio ubicado en la\u00a0<a href=\"https:\/\/maps.google.com\/?q=avenida+Laureles+n%C3%BAmero+1151&amp;entry=gmail&amp;source=g\">avenida Tizatirla sin \u00a0n\u00famero <\/a>, en la colonia Talpita de Tuxpan, Jalisco, es el responsable del uso y protecci\u00f3n de sus datos personales, por lo que de conformidad con el\u00a0<a href=\"http:\/\/go.vlex.com\/vid\/647165469\/node\/23?fbt=webapp_preview\">art\u00edculo 23<\/a>\u00a0de la\u00a0<a href=\"http:\/\/go.vlex.com\/vid\/647165469?fbt=webapp_preview\">Ley General de Transparencia y Acceso a la Informaci\u00f3n P\u00fablica<\/a>, los art\u00edculos 20, 21, 22, 23 punto 1, fracciones II y III, 24 punto 1 fracci\u00f3n V y 25 fracciones XV, XVII y XX de la Ley de Transparencia y Acceso a la Informaci\u00f3n P\u00fablica del Estado de Jalisco y sus Municipios; el art\u00edculo 2 fracciones III, XV y XVI y 53 del Reglamento de la ley de Transparencia referida; los art\u00edculos D\u00e9cimo S\u00e9ptimo, D\u00e9cimo Noveno, Vig\u00e9simo y Vig\u00e9simo Primero de los Lineamientos Generales en materia de Protecci\u00f3n de Informaci\u00f3n Confidencial y Reservada, art\u00edculo 28 de la Ley General de Protecci\u00f3n de Datos Personales en Posesi\u00f3n de los Sujetos Obligado, en relaci\u00f3n con el\u00a0<a href=\"http:\/\/go.vlex.com\/vid\/695776313\/node\/24?fbt=webapp_preview\">art\u00edculo 24<\/a>\u00a0de la\u00a0<a href=\"http:\/\/go.vlex.com\/vid\/695776313?fbt=webapp_preview\">Ley de Protecci\u00f3n de Datos Personales en Posesi\u00f3n de Sujetos Obligados del Estado de Jalisco<\/a>\u00a0y sus Municipios, emite el presente Aviso de Privacidad, por medio del cual se da a conocer la utilizaci\u00f3n, tratamiento, procesos, modificaciones y procesos de transmisi\u00f3n de la informaci\u00f3n p\u00fablica confidencial en posesi\u00f3n del presente sujeto obligado.<\/p>\n<p>Los datos personales, son toda aquella informaci\u00f3n concerniente a una persona f\u00edsica identificada o identificable, en tanto que los datos personales sensibles son aquellos que se refieren a la esfera m\u00e1s \u00edntima de su titular, o cuya utilizaci\u00f3n indebida pueda dar origen a discriminaci\u00f3n o conlleve un riesgo grave para \u00e9ste.<\/p>\n<p>&nbsp;<\/p>\n<p>El tratamiento de sus datos personales se realiza con fundamento en lo establecido en el\u00a0<a href=\"http:\/\/go.vlex.com\/vid\/695776313\/node\/3?fbt=webapp_preview\">art\u00edculo 3<\/a>. 1. Fracciones III, XXXII y 87. 1. Fracciones I y X de la\u00a0<a href=\"http:\/\/go.vlex.com\/vid\/695776313?fbt=webapp_preview\">Ley de Protecci\u00f3n de Datos Personales en Posesi\u00f3n de Sujetos Obligados del Estado de Jalisco<\/a>\u00a0y sus Municipios.<\/p>\n<p>La finalidad de este sujeto obligado de recabar datos personales, es para facilitar el cumplimiento de sus facultades, atribuciones y obligaciones, en favor de las personas vulnerables, mediante el otorgamiento de sus programas y servicios, siendo as\u00ed que los datos personales que ser\u00e1n sometidos a tratamiento son: nombre, edad, sexo, fotograf\u00eda, CURP, estado civil, domicilio, nacionalidad, tel\u00e9fono particular, correo electr\u00f3nico, firma, RFC, grado de estudios, as\u00ed como los datos patrimoniales como n\u00famero de cuenta bancaria, ingresos o percepciones y en algunos casos, los datos personales sensibles que requieren de especial protecci\u00f3n, como aquellos que se refieren al estado de salud f\u00edsica o mental, origen racial o \u00e9tnico,\u00a0informaci\u00f3n gen\u00e9tica, datos biom\u00e9tricos, creencias religiosas, filos\u00f3ficas y morales, opiniones pol\u00edticas y preferencia sexual.<\/p>\n<p>Los datos personales antes citados, podr\u00e1n ser obtenidos por el Sistema DIF Tuxpan, de forma directa o indirecta, a trav\u00e9s de medios electr\u00f3nicos, por escrito o por tel\u00e9fono y \u00fanicamente ser\u00e1n utilizados para el cumplimiento de los objetivos, facultades, atribuciones y obligaciones de este Organismo, entre las que se encuentran el otorgamiento de programas y servicios, la tramitaci\u00f3n de solicitudes de informaci\u00f3n y ejercicio de derechos ARCO, el tr\u00e1mite de quejas y\/o procedimientos administrativos de responsabilidad laboral interpuestos en contra de los empleados del Sistema DIF Tuxpan, el registro de las personas f\u00edsicas o morales que fungen como proveedores de bienes y servicios de este Organismo y la celebraci\u00f3n de convenios o contratos con personas f\u00edsicas y\/o morales. Dichos datos estar\u00e1n bajo el resguardo y la protecci\u00f3n de cada Direcci\u00f3n, Departamento o \u00c1rea competente de recabarlos, por lo que este Sujeto Obligado no realiza tratamiento de la informaci\u00f3n, distinto de aquel para el cual fueron obtenidos.<\/p>\n<p>Respecto a la transferencia de informaci\u00f3n confidencial, los terceros receptores de los datos personales pueden ser: las autoridades judiciales, el agente del Ministerio P\u00fablico, la Auditor\u00eda Superior del Estado, el Instituto Nacional Electoral (INE), el Instituto Nacional de las Personas Adultas Mayores, (INAPAM), el Sistema para el Desarrollo Integral de la Familia del Estado de Jalisco, as\u00ed como los Sistemas DIF Municipales del Estado de Jalisco, el Instituto de Transparencia, Informaci\u00f3n p\u00fablica y Protecci\u00f3n de Datos Personales del Estado de Jalisco (ITEI) para cumplir con las obligaciones de transparencia, los sujetos obligados a los que se dirijan las solicitudes de informaci\u00f3n p\u00fablica que sean de su competencia y en forma general, las autoridades Estatales y Municipales,\u00a0siempre que los datos se utilicen para el ejercicio de sus facultades y atribuciones. En estos casos no se requerir\u00e1 autorizaci\u00f3n del titular de la informaci\u00f3n confidencial para su transferencia, ni tampoco cuando\u00a0est\u00e9 relacionada con el otorgamiento de est\u00edmulos, apoyos, subsidios y recursos p\u00fablicos, est\u00e9 sujeta a una orden judicial, se cuente con\u00a0el consentimiento expreso de no confidencialidad, por escrito o por cualquier medio, del titular de los datos personales, o sea considerada como no confidencial por disposici\u00f3n legal expresa. Se le informa que este sujeto obligado NO realiza transferencias de informaci\u00f3n personal de las cuales sea necesario su consentimiento.<\/p>\n<p>Los titulares de informaci\u00f3n confidencial pueden solicitar en cualquier momento, su Acceso, Rectificaci\u00f3n, Cancelaci\u00f3n, Oposici\u00f3n o Revocaci\u00f3n del consentimiento\u00a0para el tratamiento de los mismos, mediante la presentaci\u00f3n de solicitud de ejercicio de derechos ARCO y podr\u00e1n hacerlo ante la Unidad de Transparencia del\u00a0Sistema DIF Tuxpan, Jalisco ubicada en\u00a0<a href=\"https:\/\/maps.google.com\/?q=Avenida+Laureles+n%C3%BAmero+1151,+colonia+Unidad+FOVISSSTE&amp;entry=gmail&amp;source=g\">Avenida Tizatirla sin n\u00famero, colonia Talpita<\/a>, en Tuxpan, Jalisco.<\/p>\n<p>Cualquier cambio al presente aviso de privacidad se har\u00e1 del conocimiento de los titulares de la informaci\u00f3n confidencial, a trav\u00e9s de la p\u00e1gina de internet de este sujeto obligado, la cual es <a href=\"http:\/\/www.diftuxpan.gob.mx\">www.diftuxpan.gob.mx<\/a>, as\u00ed como en nuestro portal de internet de transparencia, en donde adem\u00e1s podr\u00e1 consultar el aviso de privacidad simplificado disponible en el siguiente link:\u00a0<a href=\"https:\/\/diftuxpan.com\/web1\/aviso-de-privacidad\/\">https:\/\/diftuxpan.com\/web1\/aviso-de-privacidad\/<\/a><\/p>\n","protected":false},"excerpt":{"rendered":"<p>El Sistema para el Desarrollo Integral de la Familia del Municipio de Tuxpan, Jalisco, con domicilio ubicado en la\u00a0avenida Tizatirla sin \u00a0n\u00famero , en la colonia<span class=\"excerpt-hellip\"> [\u2026]<\/span><\/p>\n","protected":false},"author":2,"featured_media":0,"parent":0,"menu_order":0,"comment_status":"closed","ping_status":"closed","template":"","meta":[],"_links":{"self":[{"href":"https:\/\/diftuxpan.com\/web1\/wp-json\/wp\/v2\/pages\/5064"}],"collection":[{"href":"https:\/\/diftuxpan.com\/web1\/wp-json\/wp\/v2\/pages"}],"about":[{"href":"https:\/\/diftuxpan.com\/web1\/wp-json\/wp\/v2\/types\/page"}],"author":[{"embeddable":true,"href":"https:\/\/diftuxpan.com\/web1\/wp-json\/wp\/v2\/users\/2"}],"replies":[{"embeddable":true,"href":"https:\/\/diftuxpan.com\/web1\/wp-json\/wp\/v2\/comments?post=5064"}],"version-history":[{"count":6,"href":"https:\/\/diftuxpan.com\/web1\/wp-json\/wp\/v2\/pages\/5064\/revisions"}],"predecessor-version":[{"id":6262,"href":"https:\/\/diftuxpan.com\/web1\/wp-json\/wp\/v2\/pages\/5064\/revisions\/6262"}],"wp:attachment":[{"href":"https:\/\/diftuxpan.com\/web1\/wp-json\/wp\/v2\/media?parent=5064"}],"curies":[{"name":"wp","href":"https:\/\/api.w.org\/{rel}","templated":true}]}}