{"id":5018,"date":"2019-08-02T10:01:08","date_gmt":"2019-08-02T16:01:08","guid":{"rendered":"https:\/\/diftuxpan.com\/web1\/?page_id=5018"},"modified":"2023-01-25T13:01:30","modified_gmt":"2023-01-25T19:01:30","slug":"versiones-estenograficas-asi-como-actasminutas-de-reuniones-o-sesiones-de-sus-organos-colegiados","status":"publish","type":"page","link":"https:\/\/diftuxpan.com\/web1\/versiones-estenograficas-asi-como-actasminutas-de-reuniones-o-sesiones-de-sus-organos-colegiados\/","title":{"rendered":"Versiones Escenogr\u00e1ficas, as\u00ed como Actas,Minutas de reuniones o sesiones de sus \u00f3rganos colegiados"},"content":{"rendered":"<p><span style=\"color: #000000;\">SESIONES DE PATRONATO SISTEMA DIF ADMINISTRACI\u00d3N 2015 &#8211; 2018<\/span><\/p>\n<p><span style=\"color: #000080;\"><a style=\"color: #000080;\" href=\"https:\/\/diftuxpan.com\/web1\/wp-content\/uploads\/2019\/08\/1ra-sesion-ordinaria-oct-2015.pdf\">1ra Sesi\u00f3n Ordinaria Octubre 2015<\/a><\/span><\/p>\n<p><span style=\"color: #000080;\"><a style=\"color: #000080;\" href=\"https:\/\/diftuxpan.com\/web1\/wp-content\/uploads\/2019\/08\/sesion-extraodinaria-oct-2015.pdf\">1ra Sesi\u00f3n Extraordinaria octubre 2015<\/a><\/span><\/p>\n<p><span style=\"color: #000080;\"><a style=\"color: #000080;\" href=\"https:\/\/diftuxpan.com\/web1\/wp-content\/uploads\/2019\/08\/1ra-sesion-extraodinaria-Enero-2017.pdf\">1ra Sesi\u00f3n Extraordinaria Enero 2017<\/a><\/span><\/p>\n<p><span style=\"color: #000080;\"><a style=\"color: #000080;\" href=\"https:\/\/diftuxpan.com\/web1\/wp-content\/uploads\/2019\/08\/sesion-odinaria-nov-2017.pdf\">Sesion Ordinaria Noviembre 2017<\/a><\/span><\/p>\n<p><span style=\"color: #000080;\"><a style=\"color: #000080;\" href=\"https:\/\/diftuxpan.com\/web1\/wp-content\/uploads\/2019\/08\/sesion-odinaria-dic-2017.pdf\">Sesi\u00f3n Ordinaria Diciembre 2017<\/a><\/span><\/p>\n<p><span style=\"color: #000080;\"><a style=\"color: #000080;\" href=\"https:\/\/diftuxpan.com\/web1\/wp-content\/uploads\/2019\/08\/sesion-odinaria-marzo-2018.pdf\">Sesi\u00f3n Ordinaria Marzo 2018<\/a><\/span><\/p>\n<p><span style=\"color: #000080;\"><a style=\"color: #000080;\" href=\"https:\/\/diftuxpan.com\/web1\/wp-content\/uploads\/2019\/08\/sesion-odinaria-abril-2018.pdf\">Sesi\u00f3n Ordinaria Abril 2018<\/a><\/span><\/p>\n<p><span style=\"color: #000080;\"><a style=\"color: #000080;\" href=\"https:\/\/diftuxpan.com\/web1\/wp-content\/uploads\/2019\/08\/sesion-odinaria-junio-2018.pdf\">Sesi\u00f3n Ordinaria Junio 2018<\/a><\/span><\/p>\n<p><span style=\"color: #000000;\">SESIONES DE PATRONATO SISTEMA DIF ADMINISTRACI\u00d3N 2018 &#8211; 2021<\/span><\/p>\n<p><span style=\"color: #000080;\"><a style=\"color: #000080;\" href=\"https:\/\/diftuxpan.com\/web1\/wp-content\/uploads\/2019\/08\/SESION-1-OCTUBRE-2018.pdf\">1ra. Sesion Ordinaria Octubre 2018<\/a><\/span><\/p>\n<p><span style=\"color: #000080;\"><a style=\"color: #000080;\" href=\"https:\/\/diftuxpan.com\/web1\/wp-content\/uploads\/2019\/08\/SESION-2-ENERO-2019.pdf\">\u00a02da Sesion Ordinaria\u00a0 Enero 2019<\/a><\/span><\/p>\n<p><span style=\"color: #000080;\"><a style=\"color: #000080;\" href=\"https:\/\/diftuxpan.com\/web1\/wp-content\/uploads\/2019\/08\/SESION-3-ABRIL-2019.pdf\">3ra Sesi\u00f3n Ordinaria\u00a0 Abril 2019<\/a><\/span><\/p>\n<p><span style=\"color: #000000;\">SESIONES DE PATRONATO SISTEMA DIF ADMINISTRACI\u00d3N 2021 &#8211; 2024<\/span><\/p>\n<p><span style=\"color: #000000;\">2021<\/span><\/p>\n<p><span style=\"color: #000080;\"><a style=\"color: #000080;\" href=\"https:\/\/diftuxpan.com\/web1\/wp-content\/uploads\/2019\/08\/ACTA-NOVIEMBRE.pdf\">Sesi\u00f3n Ordinaria Noviembre<\/a><\/span><\/p>\n<p><span style=\"color: #000080;\"><a style=\"color: #000080;\" href=\"https:\/\/diftuxpan.com\/web1\/wp-content\/uploads\/2019\/08\/ACTA-DICIEMBRE-.pdf\">1ra Sesi\u00f3n Ordinaria Diciembre\u00a0<\/a><\/span><\/p>\n<p><span style=\"color: #000000;\">2022<\/span><\/p>\n<p><span style=\"color: #000080;\"><a style=\"color: #000080;\" href=\"https:\/\/diftuxpan.com\/web1\/wp-content\/uploads\/2019\/08\/CamScanner-02-24-2022-14.27.pdf\">Sesi\u00f3n Extraordinaria Enero<\/a><\/span><\/p>\n<p><strong><span style=\"color: #000000;\">2023\u00a0<\/span><\/strong><\/p>\n<p><span style=\"color: #000000;\"><strong>Comit\u00e9 de Transparencia<\/strong>\u00a0<\/span><\/p>\n<p><span style=\"color: #333399;\"><a style=\"color: #333399;\" href=\"https:\/\/diftuxpan.com\/web1\/wp-content\/uploads\/2023\/01\/ACTA-DE-DECLARATORIA-.pdf\">Acta de Declaratoria\u00a0 de Informaci\u00f3n inexistente<\/a><\/span><\/p>\n<p><span style=\"color: #000000;\"><\/span><\/p>\n","protected":false},"excerpt":{"rendered":"<p>SESIONES DE PATRONATO SISTEMA DIF ADMINISTRACI\u00d3N 2015 &#8211; 2018 1ra Sesi\u00f3n Ordinaria Octubre 2015 1ra Sesi\u00f3n Extraordinaria octubre 2015 1ra Sesi\u00f3n Extraordinaria Enero 2017 Sesion Ordinaria<span class=\"excerpt-hellip\"> [\u2026]<\/span><\/p>\n","protected":false},"author":2,"featured_media":0,"parent":0,"menu_order":0,"comment_status":"closed","ping_status":"closed","template":"","meta":[],"_links":{"self":[{"href":"https:\/\/diftuxpan.com\/web1\/wp-json\/wp\/v2\/pages\/5018"}],"collection":[{"href":"https:\/\/diftuxpan.com\/web1\/wp-json\/wp\/v2\/pages"}],"about":[{"href":"https:\/\/diftuxpan.com\/web1\/wp-json\/wp\/v2\/types\/page"}],"author":[{"embeddable":true,"href":"https:\/\/diftuxpan.com\/web1\/wp-json\/wp\/v2\/users\/2"}],"replies":[{"embeddable":true,"href":"https:\/\/diftuxpan.com\/web1\/wp-json\/wp\/v2\/comments?post=5018"}],"version-history":[{"count":6,"href":"https:\/\/diftuxpan.com\/web1\/wp-json\/wp\/v2\/pages\/5018\/revisions"}],"predecessor-version":[{"id":6663,"href":"https:\/\/diftuxpan.com\/web1\/wp-json\/wp\/v2\/pages\/5018\/revisions\/6663"}],"wp:attachment":[{"href":"https:\/\/diftuxpan.com\/web1\/wp-json\/wp\/v2\/media?parent=5018"}],"curies":[{"name":"wp","href":"https:\/\/api.w.org\/{rel}","templated":true}]}}