{"id":4949,"date":"2019-07-10T13:47:25","date_gmt":"2019-07-10T19:47:25","guid":{"rendered":"https:\/\/diftuxpan.com\/web1\/?page_id=4949"},"modified":"2026-02-20T14:34:37","modified_gmt":"2026-02-20T20:34:37","slug":"inventarios-de-bienes-muebles-vehiculos-e-inmuebles-del-sujeto-obligado","status":"publish","type":"page","link":"https:\/\/diftuxpan.com\/web1\/inventarios-de-bienes-muebles-vehiculos-e-inmuebles-del-sujeto-obligado\/","title":{"rendered":"Inventarios de Bienes Muebles, Veh\u00edculos e Inmuebles del Sujeto Obligado"},"content":{"rendered":"<p><span style=\"color: #000000;\">Unidad B\u00e1sica de Rehabilitaci\u00f3n UBR:<\/span><\/p>\n<p><span style=\"color: #000080;\"><a style=\"color: #000080;\" href=\"https:\/\/diftuxpan.com\/web1\/wp-content\/uploads\/2019\/07\/Fracci\u00f3n-VI-Inciso-R.pdf\">Inventario de bienes Muebles e Inmuebles<\/a><\/span><\/p>\n<p><span style=\"color: #000000;\">Centro de Atenci\u00f3n Especializada en Terapia Familiar CAETF:<\/span><\/p>\n<p><span style=\"color: #000080;\"><a style=\"color: #000080;\" href=\"https:\/\/diftuxpan.com\/web1\/wp-content\/uploads\/2019\/07\/INVENTARIO-CAEFT-PSIC.-II-BAJAS-ELIMINADAS.xlsx\">Inventario\u00a0 Psicolog\u00eda II\u00a0<\/a><\/span><\/p>\n<p><span style=\"color: #000080;\"><a style=\"color: #000080;\" href=\"https:\/\/diftuxpan.com\/web1\/wp-content\/uploads\/2019\/07\/INVENTARIO-CAEFT-PSIC.-II-BAJAS-ELIMINADAS.xlsx\">Inventario\u00a0 Psicolog\u00eda II\u00a0<\/a><\/span><\/p>\n<p><span style=\"color: #000080;\"><a style=\"color: #000080;\" href=\"https:\/\/diftuxpan.com\/web1\/wp-content\/uploads\/2019\/07\/INVENTARIO-PSICOLOGIA-1-2018-.pdf\">Inventario Psicolog\u00eda I\u00a0<\/a><\/span><\/p>\n<p><span style=\"color: #000080;\"> <a style=\"color: #000080;\" href=\"https:\/\/diftuxpan.com\/web1\/wp-content\/uploads\/2019\/07\/INVENTARIO-PSICOLOGIA-1-2018-AGOSTO.pdf\">Inventario Psicolog\u00eda I\u00a0<\/a><\/span><\/p>\n<p><span style=\"color: #000080;\"><a style=\"color: #000080;\" href=\"https:\/\/diftuxpan.com\/web1\/wp-content\/uploads\/2019\/07\/INVENTARIO-PSICOLOGIA-1.pdf\">Inventario Psicolog\u00eda I\u00a0<\/a><\/span><\/p>\n<p><span style=\"color: #000000;\">Departamento de Trabajo Social:<\/span><\/p>\n<p><span style=\"color: #000080;\"><a style=\"color: #000080;\" href=\"https:\/\/diftuxpan.com\/web1\/wp-content\/uploads\/2019\/07\/FRACCION-III-INCISO-R.pdf\">Inventario Departamento de Trabajo Social<\/a><\/span><\/p>\n<p><span style=\"color: #000000;\">C.A.I.C. &#8220;Aprende Jugando&#8221;:<\/span><\/p>\n<p><span style=\"color: #000080;\"><a style=\"color: #000080;\" href=\"https:\/\/diftuxpan.com\/web1\/wp-content\/uploads\/2019\/07\/inventario-APRENDE-JUGANDO.pdf\">Inventario C.AI.C. &#8220;Aprende Jugando&#8221;<\/a><\/span><\/p>\n<p><span style=\"color: #000000;\">Departamento de Comunicaci\u00f3n Social:<\/span><\/p>\n<p><span style=\"color: #000080;\"><a style=\"color: #000080;\" href=\"https:\/\/diftuxpan.com\/web1\/wp-content\/uploads\/2019\/07\/INVENTARIO-DEPARTAMENTO-COMUNICACION-SOCIAL-DIF-TUXPAN-ADMINIST.pdf\">Inventario Dpto. Comunicaci\u00f3n Social<\/a><\/span><\/p>\n<p><span style=\"color: #000000;\">Capacitaci\u00f3n al Trabajo:<\/span><\/p>\n<p><span style=\"color: #000080;\"><a style=\"color: #000080;\" href=\"https:\/\/diftuxpan.com\/web1\/wp-content\/uploads\/2019\/07\/inventario-2015-a-2018.pdf\">Inventario Dpto. Capacitaci\u00f3n al trabajo Administraci\u00f3n 2015 &#8211; 2018<\/a><\/span><\/p>\n<p><span style=\"color: #000000;\">Administraci\u00f3n:<\/span><\/p>\n<p><span style=\"color: #000080;\"><a style=\"color: #000080;\" href=\"https:\/\/diftuxpan.com\/web1\/wp-content\/uploads\/2018\/05\/v-r.pdf\">Inventario del Departamento de Administraci\u00f3n actualizaci\u00f3n diciembre 2018 y Junio 2019<\/a><\/span><\/p>\n<h5><span style=\"color: #000000;\">ADMINISTRACI\u00d3N 2021 &#8211; 2024\u00a0<\/span><\/h5>\n<p><span style=\"color: #333333;\">INVENTARIOS :<\/span><\/p>\n<p><span style=\"color: #333399;\"><a style=\"color: #333399;\" href=\"https:\/\/diftuxpan.com\/web1\/wp-content\/uploads\/2022\/05\/INVENT-ACTUALIZADO-APCE20220531_14091212.pdf\">\u00a0APCE<\/a> <\/span><\/p>\n<p><span style=\"color: #333399;\"><a style=\"color: #333399;\" href=\"https:\/\/diftuxpan.com\/web1\/wp-content\/uploads\/2022\/05\/INVENT-ACTUALIZADO-CAIC-APRENDE-JUGANDO20220531_14072793.pdf\">CAIC APRENDE JUGANDO<\/a><\/span><\/p>\n<p><span style=\"color: #333399;\"><a style=\"color: #333399;\" href=\"https:\/\/diftuxpan.com\/web1\/wp-content\/uploads\/2022\/05\/INVENT-ACTUALIZADO-CAIC-GRILLITO-CANTOR20220531_14061112.pdf\">CAIC GRILLITO CANTOR<\/a><\/span><\/p>\n<p><span style=\"color: #333399;\"><a style=\"color: #333399;\" href=\"https:\/\/diftuxpan.com\/web1\/wp-content\/uploads\/2022\/05\/INVENT-ACTUALIZADO-CENTRO-DE-DIA20220531_14045648.pdf\">CENTRO DE D\u00cdA Y COMEDOR ASISTENCIAL &#8220;SOR AMADA&#8221; <\/a> <\/span><\/p>\n<p><span style=\"color: #333399;\"><a style=\"color: #333399;\" href=\"https:\/\/diftuxpan.com\/web1\/wp-content\/uploads\/2022\/05\/INVENT-ACTUALIZADO-DE-ADMINISTRACION20220531_14002449.pdf\">\u00a0DEPARTAMENTO\u00a0 ADMINISTRATIVO<\/a><\/span><\/p>\n<p><span style=\"color: #333399;\"><a style=\"color: #333399;\" href=\"https:\/\/diftuxpan.com\/web1\/wp-content\/uploads\/2022\/05\/INVENT-ACTUALIZADO-DE-COMUNICACION-SOCIAL20220531_13584392.pdf\">COMUNICACI\u00d3N SOCIAL<\/a><\/span><\/p>\n<p><span style=\"color: #333399;\"><a style=\"color: #333399;\" href=\"https:\/\/diftuxpan.com\/web1\/wp-content\/uploads\/2022\/05\/INVENT-ACTUALIZADO-DE-SEGURIDAD-ALIMENTARIA20220531_13540446.pdf\">SEGURIDAD ALIMENTARIA<\/a> <\/span><\/p>\n<p><span style=\"color: #333399;\"><a style=\"color: #333399;\" href=\"https:\/\/diftuxpan.com\/web1\/wp-content\/uploads\/2022\/05\/INVENT-ACTUALIZADO-DE-TRABAJO-SOCIAL20220531_13594522.pdf\">TRABAJO SOCIAL<\/a><\/span><\/p>\n<p><span style=\"color: #333399;\"><a style=\"color: #333399;\" href=\"https:\/\/diftuxpan.com\/web1\/wp-content\/uploads\/2022\/05\/INVENT-ACTUALIZADO-DEPTO-JURIDICO20220531_14095055.pdf\">DEPTO. JUR\u00cdDICO<\/a> <\/span><\/p>\n<p><span style=\"color: #333399;\"><a style=\"color: #333399;\" href=\"https:\/\/diftuxpan.com\/web1\/wp-content\/uploads\/2022\/05\/INVENT-ACTUALIZADO-DEPTO-PSICOLOGIA20220531_14033288.pdf\">DEPTO. DE\u00a0 PSICOLOG\u00cdA\u00a0<\/a><\/span><\/p>\n<p><span style=\"color: #333399;\"><a style=\"color: #333399;\" href=\"https:\/\/diftuxpan.com\/web1\/wp-content\/uploads\/2022\/05\/INVENT-ACTUALIZADO-UAVI20220531_14141904.pdf\">UNIDAD DE ATENCI\u00d3N A\u00a0 LA VIOLENCIA INTRAFAMILIAR UAVI<\/a><\/span><\/p>\n<p><span style=\"color: #333399;\"><a style=\"color: #333399;\" href=\"https:\/\/diftuxpan.com\/web1\/wp-content\/uploads\/2022\/05\/INVENT-ACTUALIZADO-UBR20220531_14014852.pdf\">UNIDAD B\u00c1SICA DE REHABILITACI\u00d3N UBR<\/a><\/span><\/p>\n<h5><span style=\"color: #000000;\"><strong>ADMINISTRACI\u00d3N 2024 &#8211; 2027<\/strong><\/span><\/h5>\n<p><span style=\"color: #333399;\"><a style=\"color: #333399;\" href=\"https:\/\/diftuxpan.com\/web1\/wp-content\/uploads\/2026\/02\/INVENTARIO-COMPLETO-DIF-1.pdf\">INVENTARIO SISTEMA DIF<\/a><\/span><\/p>\n","protected":false},"excerpt":{"rendered":"<p>Unidad B\u00e1sica de Rehabilitaci\u00f3n UBR: Inventario de bienes Muebles e Inmuebles Centro de Atenci\u00f3n Especializada en Terapia Familiar CAETF: Inventario\u00a0 Psicolog\u00eda II\u00a0 Inventario\u00a0 Psicolog\u00eda II\u00a0 Inventario<span class=\"excerpt-hellip\"> [\u2026]<\/span><\/p>\n","protected":false},"author":2,"featured_media":0,"parent":0,"menu_order":0,"comment_status":"closed","ping_status":"closed","template":"","meta":[],"_links":{"self":[{"href":"https:\/\/diftuxpan.com\/web1\/wp-json\/wp\/v2\/pages\/4949"}],"collection":[{"href":"https:\/\/diftuxpan.com\/web1\/wp-json\/wp\/v2\/pages"}],"about":[{"href":"https:\/\/diftuxpan.com\/web1\/wp-json\/wp\/v2\/types\/page"}],"author":[{"embeddable":true,"href":"https:\/\/diftuxpan.com\/web1\/wp-json\/wp\/v2\/users\/2"}],"replies":[{"embeddable":true,"href":"https:\/\/diftuxpan.com\/web1\/wp-json\/wp\/v2\/comments?post=4949"}],"version-history":[{"count":14,"href":"https:\/\/diftuxpan.com\/web1\/wp-json\/wp\/v2\/pages\/4949\/revisions"}],"predecessor-version":[{"id":8149,"href":"https:\/\/diftuxpan.com\/web1\/wp-json\/wp\/v2\/pages\/4949\/revisions\/8149"}],"wp:attachment":[{"href":"https:\/\/diftuxpan.com\/web1\/wp-json\/wp\/v2\/media?parent=4949"}],"curies":[{"name":"wp","href":"https:\/\/api.w.org\/{rel}","templated":true}]}}