{"id":4751,"date":"2019-06-06T09:27:28","date_gmt":"2019-06-06T15:27:28","guid":{"rendered":"https:\/\/diftuxpan.com\/web1\/?page_id=4751"},"modified":"2022-07-08T11:48:38","modified_gmt":"2022-07-08T17:48:38","slug":"programas-sociales-que-aplica-el-sujeto-obligado","status":"publish","type":"page","link":"https:\/\/diftuxpan.com\/web1\/programas-sociales-que-aplica-el-sujeto-obligado\/","title":{"rendered":"Programas Sociales que aplica el sujeto obligado"},"content":{"rendered":"<p><span style=\"color: #000000;\">CAPACITACI\u00d3N AL TRABAJO<\/span><\/p>\n<p><span style=\"color: #000080;\"><a style=\"color: #000080;\" href=\"https:\/\/diftuxpan.com\/web1\/wp-content\/uploads\/2019\/06\/Beneficiarios2016.pdf\">Padr\u00f3n de beneficiarios programa BECATE 2016<\/a><\/span><\/p>\n<p><span style=\"color: #000080;\"><a style=\"color: #000080;\" href=\"https:\/\/diftuxpan.com\/web1\/wp-content\/uploads\/2019\/06\/6-D.pdf\">Padr\u00f3n de beneficiarios\u00a0 programa BECATE 2017<\/a><\/span><\/p>\n<p><span style=\"color: #000080;\"><a style=\"color: #000080;\" href=\"https:\/\/diftuxpan.com\/web1\/wp-content\/uploads\/2019\/06\/Resultados-2017-Fraccion-VI-D.pdf\">Resultados Programa BECATE 2017<\/a><\/span><\/p>\n<p><span style=\"color: #000080;\"><a style=\"color: #000080;\" href=\"https:\/\/diftuxpan.com\/web1\/wp-content\/uploads\/2019\/06\/BECATE.pdf\">Padr\u00f3n de Beneficiarios BECATE 2018<\/a><\/span><\/p>\n<p><span style=\"color: #000080;\"><a style=\"color: #000080;\" href=\"https:\/\/diftuxpan.com\/web1\/wp-content\/uploads\/2019\/06\/INDICADORES-DEL-PROGRAMA-BECATE-2018.pdf\">Indicadores del Programa\u00a0 BECATE 2018<\/a><\/span><\/p>\n<p><span style=\"color: #000080;\"><a style=\"color: #000080;\" href=\"https:\/\/diftuxpan.com\/web1\/wp-content\/uploads\/2019\/06\/BECATE-2018-ROSYTA-.pdf\">Informe BECATE 2018\u00a0<\/a><\/span><\/p>\n<p><span style=\"color: #000080;\"><a style=\"color: #000080;\" href=\"https:\/\/diftuxpan.com\/web1\/wp-content\/uploads\/2019\/06\/lista-de-cursos-kids-fraccion-Vl-inciso-D2.pdf\">Listado de personas inscritas a los cursos de Verano DIF 2019<\/a><\/span><\/p>\n<p><span style=\"color: #333399;\"><a style=\"color: #333399;\" href=\"https:\/\/diftuxpan.com\/web1\/wp-content\/uploads\/2019\/06\/fraccion-6-inciso-D2.pdf\">Leyenda Padr\u00f3n de beneficiarios<\/a><\/span><\/p>\n<p><span style=\"color: #000080;\"><a style=\"color: #000080;\" href=\"https:\/\/diftuxpan.com\/web1\/wp-content\/uploads\/2019\/06\/LISTA-DE-CURSO-BECATE-2019-fraccion-VI-inciso-D2.pdf\">Lista de Cursos Programa BECATE Autoempleo 2019\u00a0<\/a><\/span><\/p>\n<p><span style=\"color: #000080;\"><a style=\"color: #000080;\" href=\"https:\/\/diftuxpan.com\/web1\/wp-content\/uploads\/2019\/06\/fracion-6-1-inciso-D2.pdf\">Informe Actividades Diciembre 2019<\/a><\/span><\/p>\n<p><span style=\"color: #000080;\"><a style=\"color: #000080;\" href=\"https:\/\/diftuxpan.com\/web1\/wp-content\/uploads\/2019\/06\/LISTA-DE-ALUMNAS-CURSOS-2020.pdf\">Lista de alumnas\u00a0 Cursos 2020<\/a><\/span><\/p>\n<p><span style=\"color: #000000;\">PSICOLOG\u00cdA\u00a0<\/span><\/p>\n<p><span style=\"color: #333399;\"><a style=\"color: #333399;\" href=\"https:\/\/diftuxpan.com\/web1\/wp-content\/uploads\/2019\/06\/lINEAMIENTOS-2020.pdf\">Lineamientos del Proyecto de\u00a0 Apoyos Escolares ejercicio fiscal\u00a0 2020<\/a><\/span><\/p>\n<p><span style=\"color: #333399;\"><a style=\"color: #333399;\" href=\"https:\/\/diftuxpan.com\/web1\/wp-content\/uploads\/2019\/06\/PADRON-AE_2020-2021.xlsx\">Padr\u00f3n de Beneficiarios de Apoyos Escolares programa PREVERP_2020-2021<\/a><\/span><\/p>\n<h6><span style=\"color: #333333;\">ADMINISTRACI\u00d3N 2021- 2024<\/span><\/h6>\n<p><a href=\"https:\/\/diftuxpan.com\/web1\/wp-content\/uploads\/2022\/07\/FRACCION-VI-PSICOLOGIA.pdf\"><span style=\"color: #333399;\">Programas Sociales<\/span><\/a><\/p>\n","protected":false},"excerpt":{"rendered":"<p>CAPACITACI\u00d3N AL TRABAJO Padr\u00f3n de beneficiarios programa BECATE 2016 Padr\u00f3n de beneficiarios\u00a0 programa BECATE 2017 Resultados Programa BECATE 2017 Padr\u00f3n de Beneficiarios BECATE 2018 Indicadores del<span class=\"excerpt-hellip\"> [\u2026]<\/span><\/p>\n","protected":false},"author":2,"featured_media":0,"parent":0,"menu_order":0,"comment_status":"closed","ping_status":"closed","template":"","meta":[],"_links":{"self":[{"href":"https:\/\/diftuxpan.com\/web1\/wp-json\/wp\/v2\/pages\/4751"}],"collection":[{"href":"https:\/\/diftuxpan.com\/web1\/wp-json\/wp\/v2\/pages"}],"about":[{"href":"https:\/\/diftuxpan.com\/web1\/wp-json\/wp\/v2\/types\/page"}],"author":[{"embeddable":true,"href":"https:\/\/diftuxpan.com\/web1\/wp-json\/wp\/v2\/users\/2"}],"replies":[{"embeddable":true,"href":"https:\/\/diftuxpan.com\/web1\/wp-json\/wp\/v2\/comments?post=4751"}],"version-history":[{"count":19,"href":"https:\/\/diftuxpan.com\/web1\/wp-json\/wp\/v2\/pages\/4751\/revisions"}],"predecessor-version":[{"id":6472,"href":"https:\/\/diftuxpan.com\/web1\/wp-json\/wp\/v2\/pages\/4751\/revisions\/6472"}],"wp:attachment":[{"href":"https:\/\/diftuxpan.com\/web1\/wp-json\/wp\/v2\/media?parent=4751"}],"curies":[{"name":"wp","href":"https:\/\/api.w.org\/{rel}","templated":true}]}}