{"id":4422,"date":"2019-05-13T13:13:39","date_gmt":"2019-05-13T19:13:39","guid":{"rendered":"https:\/\/diftuxpan.com\/web1\/?page_id=4422"},"modified":"2019-09-11T12:05:06","modified_gmt":"2019-09-11T18:05:06","slug":"declaraciones-patrimoniales-de-los-servidores-publicos","status":"publish","type":"page","link":"https:\/\/diftuxpan.com\/web1\/declaraciones-patrimoniales-de-los-servidores-publicos\/","title":{"rendered":"Declaraciones patrimoniales de los servidores p\u00fablicos"},"content":{"rendered":"<p><span style=\"color: #008080;\"><a style=\"color: #008080;\" href=\"https:\/\/diftuxpan.com\/web1\/wp-content\/uploads\/2019\/05\/Declaraci\u00f3n.pdf\">Declaraci\u00f3n Patromonial de Modificacion para los Servidores Publicos del Sistema DIF de Tuxpan jalisco<\/a><\/span><\/p>\n<p><span style=\"color: #000000;\">DECLARACI\u00d3N INICIAL:<\/span><\/p>\n<p><span style=\"color: #000080;\"><a style=\"color: #000080;\" href=\"https:\/\/diftuxpan.com\/web1\/wp-content\/uploads\/2019\/05\/Elena-Villalobos.-Directora.pdf\">Elena Villalobos S\u00e1nchez; Directora Sistema DIF\u00a0<\/a><\/span><\/p>\n<p><span style=\"color: #000080;\"><a style=\"color: #000080;\" href=\"https:\/\/diftuxpan.com\/web1\/wp-content\/uploads\/2019\/05\/Jaime-Quezada.-Contador.pdf\">Jaime Jesus Quezada Barajas; Administraci\u00f3n<\/a><\/span><\/p>\n<p><span style=\"color: #000080;\"><a style=\"color: #000080;\" href=\"https:\/\/diftuxpan.com\/web1\/wp-content\/uploads\/2019\/05\/Ema-Bojado.-Departamento-juridico.pdf\">Ema Gullermina Bojado Maga\u00f1a; Departamento jur\u00eddico<\/a><\/span><\/p>\n<p><span style=\"color: #000080;\"><a style=\"color: #000080;\" href=\"https:\/\/diftuxpan.com\/web1\/wp-content\/uploads\/2019\/05\/Maria-Elizabeth.-Psicologia.pdf\">Maria Elizabeth Ram\u00edrez Monta\u00f1o; Psicolog\u00eda<\/a><\/span><\/p>\n<p><span style=\"color: #000080;\"><a style=\"color: #000080;\" href=\"https:\/\/diftuxpan.com\/web1\/wp-content\/uploads\/2019\/05\/Laura-Alejandra.-Psicologia.pdf\">Laura Alejandra Alcaraz Godinez; Psicolog\u00eda<\/a><\/span><\/p>\n<p><span style=\"color: #000080;\"><a style=\"color: #000080;\" href=\"https:\/\/diftuxpan.com\/web1\/wp-content\/uploads\/2019\/05\/Yazmin-Barajas.-Trabajo-social.pdf\">Yazmin Barajas Fabian; Trabajo social<\/a><\/span><\/p>\n<p><span style=\"color: #000080;\"><a style=\"color: #000080;\" href=\"https:\/\/diftuxpan.com\/web1\/wp-content\/uploads\/2019\/05\/Alejandro-Martinez.-Comunicacion-social.pdf\">Alejandro Mart\u00ednez L\u00f3pez; Comunicaci\u00f3n social<\/a><\/span><\/p>\n<p><span style=\"color: #000080;\"><a style=\"color: #000080;\" href=\"https:\/\/diftuxpan.com\/web1\/wp-content\/uploads\/2019\/05\/Edith-Araceli.-Capacitacon-del-trabajo..pdf\">Edith Araceli Mart\u00ednez V\u00e1zquez ; Capacitaci\u00f3n del trabajo.<\/a><\/span><\/p>\n<p><span style=\"color: #000080;\"><a style=\"color: #000080;\" href=\"https:\/\/diftuxpan.com\/web1\/wp-content\/uploads\/2019\/05\/Miriam-Sanchez.-Seguridad-alimentaria.pdf\">Miriam S\u00e1nchez S\u00e1nchez; Seguridad alimentaria<\/a><\/span><\/p>\n<p><span style=\"color: #000080;\"><a style=\"color: #000080;\" href=\"https:\/\/diftuxpan.com\/web1\/wp-content\/uploads\/2019\/05\/Ludmila-Dinora.-Directora-CAIC-el-grillio-cantor.pdf\">Ludmila Dinora Ayala Mart\u00ednez. ,Directora CAIC &#8220;El Grillito Cantor&#8221;<\/a><\/span><\/p>\n<p><span style=\"color: #000080;\"><a style=\"color: #000080;\" href=\"https:\/\/diftuxpan.com\/web1\/wp-content\/uploads\/2019\/05\/Ruth-Jetzabel.-Directora-CAIC-aprende-jugando.pdf\">Ruth Jetzabel Santillan Murguia;Directora CAIC &#8220;Aprende Jugando&#8221;<\/a><\/span><\/p>\n<p><span style=\"color: #000080;\"><a style=\"color: #000080;\" href=\"https:\/\/diftuxpan.com\/web1\/wp-content\/uploads\/2019\/05\/Maria-Luisa.-UBR.pdf\">Maria Luisa Mart\u00cdnez Cortes ; Coordinadora UBR<\/a><\/span><\/p>\n<p><span style=\"color: #000080;\"><a style=\"color: #000080;\" href=\"https:\/\/diftuxpan.com\/web1\/wp-content\/uploads\/2019\/05\/Alvaro-Cortez.-Cordinador-UAVI.pdf\">Alvaro Cortes Lara; Jur\u00eddico &#8211; Coordinador UAVI<\/a><\/span><\/p>\n<p><span style=\"color: #000080;\"><a style=\"color: #000080;\" href=\"https:\/\/diftuxpan.com\/web1\/wp-content\/uploads\/2019\/05\/Adriana-Guzman.-Coordinadora-comedor-asistencial-y-centro-de-dia-sor-amada..pdf\">Adriana Guzm\u00e1n Hern\u00e1ndez . Coordinadora comedor asistencial y Centro de D\u00eda &#8220;Sor Amada&#8221;.<\/a><\/span><\/p>\n<p><span style=\"color: #000000;\">DECLARACI\u00d3N DE MODIFICACI\u00d3N:<\/span><\/p>\n<p><span style=\"color: #000080;\"><a style=\"color: #000080;\" href=\"https:\/\/diftuxpan.com\/web1\/wp-content\/uploads\/2019\/05\/Elena-Villalobos.pdf\">Elena Villalobos S\u00e1nchez; Directora Sistema DIF<\/a><\/span><\/p>\n<p><span style=\"color: #000080;\"><a style=\"color: #000080;\" href=\"https:\/\/diftuxpan.com\/web1\/wp-content\/uploads\/2019\/05\/Jaime-Jesus.pdf\">Jaime Jesus Quezada Barajas; Administraci\u00f3n<\/a><\/span><\/p>\n<p><span style=\"color: #000080;\"><a style=\"color: #000080;\" href=\"https:\/\/diftuxpan.com\/web1\/wp-content\/uploads\/2019\/05\/Ema-Guillermina.Departamento-juridico.pdf\">Ema Guillermina Bojado Maga\u00f1a;Departamento Jur\u00eddico<\/a><\/span><\/p>\n<p><span style=\"color: #000080;\"><a style=\"color: #000080;\" href=\"https:\/\/diftuxpan.com\/web1\/wp-content\/uploads\/2019\/05\/Laura-Alejandra.Psicologa.pdf\">Laura Alejandra Alcaraz Godines ;Psicolog\u00eda<\/a><\/span><\/p>\n<p><span style=\"color: #000080;\"><a style=\"color: #000080;\" href=\"https:\/\/diftuxpan.com\/web1\/wp-content\/uploads\/2019\/05\/Yazmin-Barajas.-Trabajadora-social.pdf\">Yazmin Barajas Fabian ; Trabajo Social<\/a><\/span><\/p>\n<p><span style=\"color: #000080;\"><a style=\"color: #000080;\" href=\"https:\/\/diftuxpan.com\/web1\/wp-content\/uploads\/2019\/05\/Alejandro-Martinez.pdf\">Alejandro Mart\u00ednez L\u00f3pez, Comunicaci\u00f3n Social<\/a><\/span><\/p>\n<p><span style=\"color: #000080;\"><a style=\"color: #000080;\" href=\"https:\/\/diftuxpan.com\/web1\/wp-content\/uploads\/2019\/05\/Edith-Araceli.Capacitacion-del-trabajo.pdf\">Edith Araceli Mart\u00ednez V\u00e1zquez; Capacitaci\u00f3n del trabajo<\/a><\/span><\/p>\n<p><span style=\"color: #000080;\"><a style=\"color: #000080;\" href=\"https:\/\/diftuxpan.com\/web1\/wp-content\/uploads\/2019\/05\/Miriam-Sanchez.-Seguridad-alimenticia.pdf\">Miriam Guadalupe S\u00e1nchez\u00a0 S\u00e1nchez. Seguridad alimenticia<\/a><\/span><\/p>\n<p><span style=\"color: #000080;\"><a style=\"color: #000080;\" href=\"https:\/\/diftuxpan.com\/web1\/wp-content\/uploads\/2019\/05\/Maria-Luisa.-Psicologa.pdf\">Maria Luisa Martinez Cortes ; Coordinadora UBR<\/a><\/span><\/p>\n<p><span style=\"color: #000080;\"><a style=\"color: #000080;\" href=\"https:\/\/diftuxpan.com\/web1\/wp-content\/uploads\/2019\/05\/Ludmila-Dinora.pdf\">Ludmila Dinora Ayala Mart\u00ednez . Directora CAIC &#8220;El Grillito Cantor&#8221;<\/a><\/span><\/p>\n<p><span style=\"color: #000080;\"><a style=\"color: #000080;\" href=\"https:\/\/diftuxpan.com\/web1\/wp-content\/uploads\/2019\/05\/Ruth-Jezabel.pdf\">Ruth Jetzabel Santill\u00e1n Murguia; Directora CAIC &#8220;Aprende Jugando&#8221;<\/a><\/span><\/p>\n<p><span style=\"color: #000000;\">CURRICULUM PERSONAL DIF\u00a0<\/span><\/p>\n<p><span style=\"color: #000080;\"><a style=\"color: #000080;\" href=\"https:\/\/diftuxpan.com\/web1\/wp-content\/uploads\/2019\/05\/Elena-Villalovos-convertido-convertido-1.pdf\">Elena Villalobos S\u00e1nchez , Directora Sistema DIF<\/a><\/span><\/p>\n<p><span style=\"color: #000080;\"><a style=\"color: #000080;\" href=\"https:\/\/diftuxpan.com\/web1\/wp-content\/uploads\/2019\/05\/Jaime-Jesus-Quezada-convertido-convertido.pdf\">Jaime Jes\u00fas Quezada Barajas; Administraci\u00f3n<\/a><\/span><\/p>\n<p><span style=\"color: #000080;\"><a style=\"color: #000080;\" href=\"https:\/\/diftuxpan.com\/web1\/wp-content\/uploads\/2019\/05\/Ema-Guillermina-convertido-convertido.pdf\">Ema Guillermina Bojado Maga\u00f1a; Departamento Jur\u00eddico<\/a><\/span><\/p>\n<p><span style=\"color: #000080;\"><a style=\"color: #000080;\" href=\"https:\/\/diftuxpan.com\/web1\/wp-content\/uploads\/2019\/05\/Yazmin-Barajas-convertido-1-convertido.pdf\">Yazmin Barajas Fabian , Trabajo Social\u00a0<\/a><\/span><\/p>\n<p><span style=\"color: #000080;\"><a style=\"color: #000080;\" href=\"https:\/\/diftuxpan.com\/web1\/wp-content\/uploads\/2019\/05\/Alejandro-convertido-convertido.pdf\">Alejandro Mart\u00ednez L\u00f3pez ; Comunicaci\u00f3n Social\u00a0<\/a><\/span><\/p>\n<p><span style=\"color: #000080;\"><a style=\"color: #000080;\" href=\"https:\/\/diftuxpan.com\/web1\/wp-content\/uploads\/2019\/05\/Ediht-Araceli-convertido-convertido.pdf\">Ediht Araceli Mart\u00ednez V\u00e1zquez; Capacitaci\u00f3n al Trabajo<\/a><\/span><\/p>\n<p><span style=\"color: #000080;\"><a style=\"color: #000080;\" href=\"https:\/\/diftuxpan.com\/web1\/wp-content\/uploads\/2019\/05\/Miriam-Sanchez-convertido-convertido.pdf\">Miriam Guadalupe S\u00e1nchez\u00a0 S\u00e1nchez; Seguridad Alimentaria<\/a><\/span><\/p>\n<p><span style=\"color: #000080;\"><a style=\"color: #000080;\" href=\"https:\/\/diftuxpan.com\/web1\/wp-content\/uploads\/2019\/05\/Maria-Luisa-convertido-convertido.pdf\">Maria Luisa Cortes ; Coordinadora UBR<\/a><\/span><\/p>\n<p><span style=\"color: #000080;\"><a style=\"color: #000080;\" href=\"https:\/\/diftuxpan.com\/web1\/wp-content\/uploads\/2019\/05\/Ruth-Jetzabel-convertido-convertido.pdf\">Ruth Jetzabel Santill\u00e1n Murguia; Directora CAIC &#8220;Aprende Jugando&#8221;<\/a><\/span><\/p>\n<p><span style=\"color: #000080;\"><a style=\"color: #000080;\" href=\"https:\/\/diftuxpan.com\/web1\/wp-content\/uploads\/2019\/05\/Adriana-Guzman-convertido-convertido.pdf\">Adriana Guzm\u00e1n Hern\u00e1ndez; Cordinadora Comedor Asistencia y Centro de D\u00eda &#8220;Sor Amada&#8221;<\/a><\/span><\/p>\n<p>&nbsp;<\/p>\n<p>&nbsp;<\/p>\n","protected":false},"excerpt":{"rendered":"<p>Declaraci\u00f3n Patromonial de Modificacion para los Servidores Publicos del Sistema DIF de Tuxpan jalisco DECLARACI\u00d3N INICIAL: Elena Villalobos S\u00e1nchez; Directora Sistema DIF\u00a0 Jaime Jesus Quezada Barajas;<span class=\"excerpt-hellip\"> [\u2026]<\/span><\/p>\n","protected":false},"author":2,"featured_media":0,"parent":0,"menu_order":0,"comment_status":"closed","ping_status":"closed","template":"","meta":[],"_links":{"self":[{"href":"https:\/\/diftuxpan.com\/web1\/wp-json\/wp\/v2\/pages\/4422"}],"collection":[{"href":"https:\/\/diftuxpan.com\/web1\/wp-json\/wp\/v2\/pages"}],"about":[{"href":"https:\/\/diftuxpan.com\/web1\/wp-json\/wp\/v2\/types\/page"}],"author":[{"embeddable":true,"href":"https:\/\/diftuxpan.com\/web1\/wp-json\/wp\/v2\/users\/2"}],"replies":[{"embeddable":true,"href":"https:\/\/diftuxpan.com\/web1\/wp-json\/wp\/v2\/comments?post=4422"}],"version-history":[{"count":6,"href":"https:\/\/diftuxpan.com\/web1\/wp-json\/wp\/v2\/pages\/4422\/revisions"}],"predecessor-version":[{"id":5224,"href":"https:\/\/diftuxpan.com\/web1\/wp-json\/wp\/v2\/pages\/4422\/revisions\/5224"}],"wp:attachment":[{"href":"https:\/\/diftuxpan.com\/web1\/wp-json\/wp\/v2\/media?parent=4422"}],"curies":[{"name":"wp","href":"https:\/\/api.w.org\/{rel}","templated":true}]}}