{"id":4373,"date":"2019-05-09T08:33:13","date_gmt":"2019-05-09T14:33:13","guid":{"rendered":"https:\/\/diftuxpan.com\/web1\/?page_id=4373"},"modified":"2022-07-08T11:50:02","modified_gmt":"2022-07-08T17:50:02","slug":"servicios-publicos-que-presta-el-sujeto-obligado","status":"publish","type":"page","link":"https:\/\/diftuxpan.com\/web1\/servicios-publicos-que-presta-el-sujeto-obligado\/","title":{"rendered":"Servicios P\u00fablicos que presta el sujeto obligado"},"content":{"rendered":"<p><strong><span style=\"color: #000000;\">DIRECCI\u00d3N SISTEMA DIF :<\/span><\/strong><\/p>\n<p><span style=\"color: #000080;\"><a style=\"color: #000080;\" href=\"https:\/\/diftuxpan.com\/web1\/wp-content\/uploads\/2019\/05\/subir-fraccion-6-insiso-b-2015-2017.pdf\">Servicios p\u00fablicos Administraci\u00f3n\u00a0 2015 &#8211; 2018<\/a><\/span><\/p>\n<p><span style=\"color: #000080;\"><a style=\"color: #000080;\" href=\"https:\/\/diftuxpan.com\/web1\/wp-content\/uploads\/2019\/05\/subir-fraccion-6-insiso-b-2018-2019.pdf\">Servicios P\u00fablicos Administratorio\u00a0 2018 &#8211; 2019<\/a><\/span><\/p>\n<p><strong><span style=\"color: #000000;\">UNIDAD DE TRANSPARENCIA:<\/span><\/strong><\/p>\n<p><span style=\"color: #333399;\"><a style=\"color: #333399;\" href=\"https:\/\/diftuxpan.com\/web1\/wp-content\/uploads\/2019\/05\/FRACCION-VI-INCISO-B.pdf\">\u00a0Denominaci\u00f3n del Tramite Unidad de Transparencia DIF Tuxpan Jalisco<\/a><\/span><\/p>\n<p><span style=\"color: #0000ff;\"><a style=\"color: #0000ff;\" href=\"https:\/\/diftuxpan.com\/web1\/wp-content\/uploads\/2019\/05\/FRACCION-VI-INCISO-B-fORMATO-DOS.pdf\"><span style=\"color: #333399;\">Denominaci\u00f3n del Servicio Unida de Transparencia DIF Tuxpan Jalisco<\/span>\u00a0<\/a><\/span><\/p>\n<p><strong><span style=\"color: #000000;\">COMUNICACI\u00d3N SOCIAL:<\/span><\/strong><\/p>\n<p><span style=\"color: #333399;\"><a style=\"color: #333399;\" href=\"https:\/\/diftuxpan.com\/web1\/wp-content\/uploads\/2019\/05\/com.-soc.-transparencia.pdf\">Departamento de Comunicaci\u00f3n Social\u00a0<\/a><\/span><\/p>\n<p><span style=\"color: #333399;\">https:\/\/transparencia.info.jalisco.gob.mx\/sites\/default\/files\/Manual%20de%20Organizaci%C3%B3n%20DIF%20Jalisco%202018.pdf<\/span><\/p>\n<p><span style=\"color: #333399;\"><a style=\"color: #333399;\" href=\"https:\/\/diftuxpan.com\/web1\/wp-content\/uploads\/2019\/05\/INVENTARIO-DEPARTAMENTO-COMUNICACION-SOCIAL-DIF-TUXPAN-ADMINIST.pdf\">Inventario dpto. Comunicaci\u00f3n Social DIF Tuxpan Administraci\u00f3n 2015-2018<\/a><\/span><\/p>\n<p><span style=\"color: #008080;\">CENTROS ASISTENCIALES INFANTILES COMUNITARIOS:<\/span><\/p>\n<p><strong><span style=\"color: #000000;\">*CAIC GRILLITO CANTOR :<\/span><\/strong><\/p>\n<p><span style=\"color: #333399;\"><a style=\"color: #333399;\" href=\"https:\/\/diftuxpan.com\/web1\/wp-content\/uploads\/2019\/05\/VI.-B-TRANSPARENCIA.pdf\">Servicios P\u00fablicos del Centro Asistencial Infantil Comunitario<\/a><\/span><\/p>\n<p><span style=\"color: #333399;\"><a style=\"color: #333399;\" href=\"https:\/\/diftuxpan.com\/web1\/wp-content\/uploads\/2019\/05\/FORMATO-PARA-INCORPORACION-A-CAIG-1.pdf\">Formato Incorporaci\u00f3n\u00a0 al CAIC<\/a><\/span><\/p>\n<p><span style=\"color: #000000;\"><strong>*CAIC APRENDE JUGANDO<\/strong>:<\/span><\/p>\n<p><span style=\"color: #333399;\"><a style=\"color: #333399;\" href=\"https:\/\/diftuxpan.com\/web1\/wp-content\/uploads\/2019\/05\/Servicios-Publicos-CAIC-Aprende-Jugando.pdf\">Servicios Publicos CAIC &#8220;Aprende Jugando&#8221;<\/a><\/span><\/p>\n<p><span style=\"color: #333399;\"><a style=\"color: #333399;\" href=\"https:\/\/diftuxpan.com\/web1\/wp-content\/uploads\/2019\/05\/FORMATO-PARA-INCORPORACION-A-CAIG-1.pdf\">Formato Incorporacion al CAIC<\/a><\/span><\/p>\n<p><strong><span style=\"color: #000000;\">\u00a0CENTRO DE ATENCI\u00d3N ESPECIALIZADA EN TERAPIA FAMILIAR (CAEFT):<\/span><\/strong><\/p>\n<h6><strong>ADMINISTRACI\u00d3N 2021 &#8211; 2024\u00a0<\/strong><\/h6>\n<p><a href=\"https:\/\/diftuxpan.com\/web1\/wp-content\/uploads\/2022\/07\/FRACCION-VI-PSICOLOGIA.pdf\"><span style=\"color: #333399;\">Servicios P\u00fablicos<\/span> <\/a><\/p>\n<p><strong><span style=\"color: #000000;\">SERVICIOS P\u00daBLICOS UNIDAD B\u00c1SICA DE REHABILITACI\u00d3N UBR:<\/span><\/strong><\/p>\n<p><span style=\"color: #333399;\"><strong><a style=\"color: #333399;\" href=\"https:\/\/diftuxpan.com\/web1\/wp-content\/uploads\/2019\/05\/LTAIPEJM8FVIB_A15.pdf\">Servicios P\u00fablicos de la UBR Administraci\u00f3n 2015-2017<\/a><\/strong><\/span><\/p>\n<p><span style=\"color: #333399;\"><strong><a style=\"color: #333399;\" href=\"https:\/\/diftuxpan.com\/web1\/wp-content\/uploads\/2019\/05\/LTAIPEJM8FVIB_A217.pdf\">Servicios P\u00fablicos Actualizados de la\u00a0 UBR<\/a><\/strong><\/span><\/p>\n<p><span style=\"color: #333399;\"><strong><a style=\"color: #333399;\" href=\"https:\/\/diftuxpan.com\/web1\/wp-content\/uploads\/2019\/05\/LTAIPEJM8FVIB_B.pdf\">Tramites que se realizan en la UBR<\/a>:<\/strong><\/span><\/p>\n<p><span style=\"color: #333399;\"><strong><a style=\"color: #333399;\" href=\"https:\/\/diftuxpan.com\/web1\/wp-content\/uploads\/2019\/05\/SOLICITUD-DE-CREDENCIAL.xlsx\">Solicitud de Credencial\u00a0<\/a><\/strong><\/span><\/p>\n<p><span style=\"color: #0000ff;\"><a style=\"color: #0000ff;\" href=\"https:\/\/diftuxpan.com\/web1\/wp-content\/uploads\/2019\/05\/FORMATO-DE-GAFETE-1.xlsx\"><strong><span style=\"color: #333399;\">Formato Gafete<\/span><\/strong><\/a><\/span><\/p>\n<p><strong><span style=\"color: #000000;\">CAPACITACI\u00d3N AL TRABAJO:<\/span><\/strong><\/p>\n<p><span style=\"color: #333399;\"><strong><a style=\"color: #333399;\" href=\"https:\/\/diftuxpan.com\/web1\/wp-content\/uploads\/2019\/05\/CAPACITACION-AL-TRABAJO-2.docx\">Servicios P\u00fablicos Departamento de Capacitaci\u00f3n al Trabajo\u00a0<\/a><\/strong><\/span><\/p>\n<p><span style=\"color: #333399;\"><strong><a style=\"color: #333399;\" href=\"https:\/\/diftuxpan.com\/web1\/wp-content\/uploads\/2019\/05\/REGISTRO_DEL_SOLICITANTE-BECATE.pdf\">Registro del Solicitante BECATE<\/a><\/strong><\/span><\/p>\n<p><span style=\"color: #333399;\"><a style=\"color: #333399;\" href=\"https:\/\/diftuxpan.com\/web1\/wp-content\/uploads\/2019\/05\/LISTA-CURSOS.pdf\"><strong>Formato Registro de Inscripci\u00f3n a Cursos de Verano 2019<\/strong><\/a><\/span><\/p>\n<p><strong><span style=\"color: #000000;\">TRABAJO SOCIAL:<\/span><\/strong><\/p>\n<p><span style=\"color: #333399;\"><strong><a style=\"color: #333399;\" href=\"https:\/\/diftuxpan.com\/web1\/wp-content\/uploads\/2019\/05\/A-B.pdf\">Servicios P\u00fablicos Trabajo Social\u00a0<\/a><\/strong><\/span><\/p>\n<p><span style=\"color: #0000ff;\"><a style=\"color: #0000ff;\" href=\"https:\/\/diftuxpan.com\/web1\/wp-content\/uploads\/2019\/05\/FORMATO-DE-SOLICITUD-DE-APOYO-.pdf\"><span style=\"color: #333399;\"><strong>Solicitud de Apoyo(econ\u00f3mico, especie, entre otros)<\/strong><\/span><\/a><\/span><\/p>\n<p><strong><span style=\"color: #000000;\">CENTRO DE D\u00cdA Y COMEDOR ASISTENCIAL &#8220;SOR AMADA&#8221;<\/span>:<\/strong><\/p>\n<p><span style=\"color: #333399;\"><a style=\"color: #333399;\" href=\"https:\/\/diftuxpan.com\/web1\/wp-content\/uploads\/2019\/05\/SERVICIOS-PUBLICOS.pdf\">Servicios P\u00fablicos\u00a0<\/a><\/span><\/p>\n<p><strong><span style=\"color: #000000;\">SEGURIDAD ALIMENTARIA:<\/span><\/strong><\/p>\n<p><span style=\"color: #333399;\"><a style=\"color: #333399;\" href=\"https:\/\/diftuxpan.com\/web1\/wp-content\/uploads\/2019\/05\/SERVICIOS-PUBLICOS-DEPARTAMENTO-DE-SEGURIDAD-ALIMENTARIA-B.pdf\">Servicios P\u00fablicos Dpto. Seguridad Alimentaria<\/a><\/span><\/p>\n<p><span style=\"color: #333399;\"><a style=\"color: #333399;\" href=\"https:\/\/diftuxpan.com\/web1\/wp-content\/uploads\/2019\/05\/Acta-Constitutiva-Comite-Padres-Familia.pdf\">Acta Constitutiva Comite Padres Familia<\/a><\/span><\/p>\n<p><span style=\"color: #333399;\"> <a style=\"color: #333399;\" href=\"https:\/\/diftuxpan.com\/web1\/wp-content\/uploads\/2019\/05\/Inscripcion-de-Beneficiarios-Desayunos.pdf\">Inscripci\u00f3n de Beneficiarios Desayunos Escolares<\/a><\/span><\/p>\n<p><span style=\"color: #333399;\"><a style=\"color: #333399;\" href=\"https:\/\/diftuxpan.com\/web1\/wp-content\/uploads\/2019\/05\/ENCUESTA-ENHINA.pdf\">Encuesta ENHINA<\/a><\/span><\/p>\n<p><span style=\"color: #333399;\"><a style=\"color: #333399;\" href=\"https:\/\/diftuxpan.com\/web1\/wp-content\/uploads\/2019\/05\/Carta-compromiso-de-conocimiento-de-reglas-de-operaci\u00f3n.pdf\">Carta compromiso de conocimiento de reglas de operaci\u00f3n<\/a><\/span><\/p>\n<p><span style=\"color: #333399;\"> <a style=\"color: #333399;\" href=\"https:\/\/diftuxpan.com\/web1\/wp-content\/uploads\/2019\/05\/Carta-compromiso-del-padre-o-tutor-del-beneficiario-proalimne.pdf\">Carta compromiso del padre o tutor del beneficiario proalimne<\/a> <\/span><\/p>\n<p><span style=\"color: #333399;\"><a style=\"color: #333399;\" href=\"https:\/\/diftuxpan.com\/web1\/wp-content\/uploads\/2019\/05\/Carta-de-comprobaci\u00f3n-de-ingresos.pdf\">Carta de comprobaci\u00f3n de ingresos<\/a> <\/span><\/p>\n<p><span style=\"color: #333399;\"><a style=\"color: #333399;\" href=\"https:\/\/diftuxpan.com\/web1\/wp-content\/uploads\/2019\/05\/Estudio-socio-familiar..pdf\">Estudio socio-familiar.<\/a><\/span><\/p>\n<p><strong><span style=\"color: #000000;\">DEPARTAMENTO JUR\u00cdDICO:<\/span><\/strong><\/p>\n<p><span style=\"color: #000080;\"><a style=\"color: #000080;\" href=\"https:\/\/diftuxpan.com\/web1\/wp-content\/uploads\/2019\/05\/Servicios-Publicos.pdf\">Servicios P\u00fablicos<\/a><\/span><\/p>\n<p><span style=\"color: #000080;\"><a style=\"color: #000080;\" href=\"https:\/\/diftuxpan.com\/web1\/wp-content\/uploads\/2019\/05\/Formato-de-Registro-de-Visitas.pdf\">Formato de Registro de Visitas<\/a><\/span><\/p>\n<p><span style=\"color: #333399;\"><strong><span style=\"color: #333333;\">UNIDAD DE ATENCI\u00d3N\u00a0A LA VIOLENCIA INTRAFAMILIAR\u00a0 UAV<\/span>I<\/strong><\/span><\/p>\n<p><span style=\"color: #333399;\"><a style=\"color: #333399;\" href=\"https:\/\/diftuxpan.com\/web1\/wp-content\/uploads\/2019\/05\/transparencia-2019-uavi.pdf\">Servicios P\u00fablicos\u00a0<\/a><\/span><\/p>\n<p><strong><span style=\"color: #000000;\">APCE<\/span><\/strong><\/p>\n<p><span style=\"color: #000080;\"><a style=\"color: #000080;\" href=\"https:\/\/diftuxpan.com\/web1\/wp-content\/uploads\/2019\/05\/APCE-B.pdf\">Servicios P\u00fablicos APCE\u00a0<\/a><\/span><\/p>\n<p><span style=\"color: #000080;\"><a style=\"color: #000080;\" href=\"https:\/\/diftuxpan.com\/web1\/wp-content\/uploads\/2019\/05\/Formato-Justifiacion-de-Apoyos-Entregados.pdf\">Formato Justificaci\u00f3n de Apoyos Entregados<\/a><\/span><\/p>\n<p><strong><span style=\"color: #000000;\">2021<\/span><\/strong><\/p>\n<p><span style=\"color: #333399;\"><a style=\"color: #333399;\" href=\"https:\/\/diftuxpan.com\/web1\/wp-content\/uploads\/2019\/05\/VI-B.pdf\">Servicios P\u00fablicos<\/a><\/span><\/p>\n","protected":false},"excerpt":{"rendered":"<p>DIRECCI\u00d3N SISTEMA DIF : Servicios p\u00fablicos Administraci\u00f3n\u00a0 2015 &#8211; 2018 Servicios P\u00fablicos Administratorio\u00a0 2018 &#8211; 2019 UNIDAD DE TRANSPARENCIA: \u00a0Denominaci\u00f3n del Tramite Unidad de Transparencia DIF<span class=\"excerpt-hellip\"> [\u2026]<\/span><\/p>\n","protected":false},"author":2,"featured_media":0,"parent":0,"menu_order":0,"comment_status":"closed","ping_status":"closed","template":"","meta":[],"_links":{"self":[{"href":"https:\/\/diftuxpan.com\/web1\/wp-json\/wp\/v2\/pages\/4373"}],"collection":[{"href":"https:\/\/diftuxpan.com\/web1\/wp-json\/wp\/v2\/pages"}],"about":[{"href":"https:\/\/diftuxpan.com\/web1\/wp-json\/wp\/v2\/types\/page"}],"author":[{"embeddable":true,"href":"https:\/\/diftuxpan.com\/web1\/wp-json\/wp\/v2\/users\/2"}],"replies":[{"embeddable":true,"href":"https:\/\/diftuxpan.com\/web1\/wp-json\/wp\/v2\/comments?post=4373"}],"version-history":[{"count":44,"href":"https:\/\/diftuxpan.com\/web1\/wp-json\/wp\/v2\/pages\/4373\/revisions"}],"predecessor-version":[{"id":6473,"href":"https:\/\/diftuxpan.com\/web1\/wp-json\/wp\/v2\/pages\/4373\/revisions\/6473"}],"wp:attachment":[{"href":"https:\/\/diftuxpan.com\/web1\/wp-json\/wp\/v2\/media?parent=4373"}],"curies":[{"name":"wp","href":"https:\/\/api.w.org\/{rel}","templated":true}]}}