{"id":4335,"date":"2019-04-02T13:42:36","date_gmt":"2019-04-02T19:42:36","guid":{"rendered":"https:\/\/diftuxpan.com\/web1\/?page_id=4335"},"modified":"2020-03-25T10:46:36","modified_gmt":"2020-03-25T16:46:36","slug":"lineamientos-estatales-de-publicacion-y-actualizacion-de-informacion-fundamental-emitidos-por-el-instituto","status":"publish","type":"page","link":"https:\/\/diftuxpan.com\/web1\/lineamientos-estatales-de-publicacion-y-actualizacion-de-informacion-fundamental-emitidos-por-el-instituto\/","title":{"rendered":"Lineamientos Estatales de Publicaci\u00f3n y Actualizaci\u00f3n de Informaci\u00f3n Fundamental, emitidos por el Instituto"},"content":{"rendered":"<p><span style=\"color: #000080;\"><a style=\"color: #000080;\" href=\"https:\/\/diftuxpan.com\/web1\/wp-content\/uploads\/2019\/04\/lineamientos_generales_publicacion_actualizacion_informacion.-1.pdf\">Lineamientos Generales Publicaci\u00f3n Actualizaci\u00f3n Informaci\u00f3n.<\/a><\/span><\/p>\n<p><span style=\"color: #000080;\"><a style=\"color: #000080;\" href=\"https:\/\/diftuxpan.com\/web1\/wp-content\/uploads\/2019\/04\/reforma_y_adicion_a_lineamientos-2.pdf\">Reforma y Adici\u00f3n a Lineamientos<\/a><\/span><\/p>\n<p><span style=\"color: #000080;\"><a style=\"color: #000080;\" href=\"https:\/\/diftuxpan.com\/web1\/wp-content\/uploads\/2019\/04\/acuerdo_agp-itei-05-2020.pdf\">Acuerdo suspensi\u00f3n de actividades presenciales\u00a0 en las oficinas del ITEI\u00a0<\/a><\/span><\/p>\n<p><span style=\"color: #000080;\"><a style=\"color: #000080;\" href=\"https:\/\/diftuxpan.com\/web1\/wp-content\/uploads\/2019\/04\/acuerdo_medidas_de_prevencion_emergencia_sanitaria_covid-19.pdf\">Acuerdo medidas de prevenci\u00f3n emergencia sanitaria covid-19<\/a><\/span><\/p>\n","protected":false},"excerpt":{"rendered":"<p>Lineamientos Generales Publicaci\u00f3n Actualizaci\u00f3n Informaci\u00f3n. Reforma y Adici\u00f3n a Lineamientos Acuerdo suspensi\u00f3n de actividades presenciales\u00a0 en las oficinas del ITEI\u00a0 Acuerdo medidas de prevenci\u00f3n emergencia sanitaria<span class=\"excerpt-hellip\"> [\u2026]<\/span><\/p>\n","protected":false},"author":2,"featured_media":0,"parent":0,"menu_order":0,"comment_status":"closed","ping_status":"closed","template":"","meta":[],"_links":{"self":[{"href":"https:\/\/diftuxpan.com\/web1\/wp-json\/wp\/v2\/pages\/4335"}],"collection":[{"href":"https:\/\/diftuxpan.com\/web1\/wp-json\/wp\/v2\/pages"}],"about":[{"href":"https:\/\/diftuxpan.com\/web1\/wp-json\/wp\/v2\/types\/page"}],"author":[{"embeddable":true,"href":"https:\/\/diftuxpan.com\/web1\/wp-json\/wp\/v2\/users\/2"}],"replies":[{"embeddable":true,"href":"https:\/\/diftuxpan.com\/web1\/wp-json\/wp\/v2\/comments?post=4335"}],"version-history":[{"count":7,"href":"https:\/\/diftuxpan.com\/web1\/wp-json\/wp\/v2\/pages\/4335\/revisions"}],"predecessor-version":[{"id":5578,"href":"https:\/\/diftuxpan.com\/web1\/wp-json\/wp\/v2\/pages\/4335\/revisions\/5578"}],"wp:attachment":[{"href":"https:\/\/diftuxpan.com\/web1\/wp-json\/wp\/v2\/media?parent=4335"}],"curies":[{"name":"wp","href":"https:\/\/api.w.org\/{rel}","templated":true}]}}