{"id":4325,"date":"2019-04-02T13:25:34","date_gmt":"2019-04-02T19:25:34","guid":{"rendered":"https:\/\/diftuxpan.com\/web1\/?page_id=4325"},"modified":"2019-05-24T08:48:53","modified_gmt":"2019-05-24T14:48:53","slug":"lineamientos-estatales-de-clasificacion-de-informacion-publica-emitidos-por-el-instituto","status":"publish","type":"page","link":"https:\/\/diftuxpan.com\/web1\/lineamientos-estatales-de-clasificacion-de-informacion-publica-emitidos-por-el-instituto\/","title":{"rendered":"Lineamientos Estatales de Clasificaci\u00f3n de Informaci\u00f3n P\u00fablica, emitidos por el Instituto;"},"content":{"rendered":"<p><a style=\"color: #000080;\" href=\"https:\/\/diftuxpan.com\/web1\/wp-content\/uploads\/2019\/04\/8IcLineamientosGeneralesdeClasificacion-2014.pdf\">Lineamientos Generales de Publicacion de Informaci\u00f3n Fundamental\u00a0<\/a><\/p>\n<p><span style=\"color: #000080;\"><a style=\"color: #000080;\" href=\"https:\/\/diftuxpan.com\/web1\/wp-content\/uploads\/2019\/04\/8IcLineamientosGeneralesdeClasificacion-2014.pdf\">Lineamientos Generales en Materia de Clasificaci\u00f3n P\u00fablica<\/a><\/span><\/p>\n","protected":false},"excerpt":{"rendered":"<p>Lineamientos Generales de Publicacion de Informaci\u00f3n Fundamental\u00a0 Lineamientos Generales en Materia de Clasificaci\u00f3n P\u00fablica<\/p>\n","protected":false},"author":2,"featured_media":0,"parent":0,"menu_order":0,"comment_status":"closed","ping_status":"closed","template":"","meta":[],"_links":{"self":[{"href":"https:\/\/diftuxpan.com\/web1\/wp-json\/wp\/v2\/pages\/4325"}],"collection":[{"href":"https:\/\/diftuxpan.com\/web1\/wp-json\/wp\/v2\/pages"}],"about":[{"href":"https:\/\/diftuxpan.com\/web1\/wp-json\/wp\/v2\/types\/page"}],"author":[{"embeddable":true,"href":"https:\/\/diftuxpan.com\/web1\/wp-json\/wp\/v2\/users\/2"}],"replies":[{"embeddable":true,"href":"https:\/\/diftuxpan.com\/web1\/wp-json\/wp\/v2\/comments?post=4325"}],"version-history":[{"count":5,"href":"https:\/\/diftuxpan.com\/web1\/wp-json\/wp\/v2\/pages\/4325\/revisions"}],"predecessor-version":[{"id":4518,"href":"https:\/\/diftuxpan.com\/web1\/wp-json\/wp\/v2\/pages\/4325\/revisions\/4518"}],"wp:attachment":[{"href":"https:\/\/diftuxpan.com\/web1\/wp-json\/wp\/v2\/media?parent=4325"}],"curies":[{"name":"wp","href":"https:\/\/api.w.org\/{rel}","templated":true}]}}