{"id":4295,"date":"2019-03-14T09:14:54","date_gmt":"2019-03-14T15:14:54","guid":{"rendered":"https:\/\/diftuxpan.com\/web1\/?page_id=4295"},"modified":"2019-05-24T09:13:23","modified_gmt":"2019-05-24T15:13:23","slug":"denominacion-domicilio-telefonos-faxes-direccion-electronica-y-correo-electronico-oficiales-del-sujeto-obligado","status":"publish","type":"page","link":"https:\/\/diftuxpan.com\/web1\/denominacion-domicilio-telefonos-faxes-direccion-electronica-y-correo-electronico-oficiales-del-sujeto-obligado\/","title":{"rendered":"Denominaci\u00f3n, domicilio, tel\u00e9fonos, faxes, direcci\u00f3n electr\u00f3nica y correo electr\u00f3nico oficiales del sujeto obligado"},"content":{"rendered":"<p><span style=\"color: #000080;\"><a style=\"color: #000080;\" href=\"https:\/\/diftuxpan.com\/web1\/wp-content\/uploads\/2019\/03\/Denominaci\u00f3n-domicilio-direcci\u00f3n-electr\u00f3nica-fax.pdf\">Denominaci\u00f3n,Domicilio,Direcci\u00f3n Electr\u00f3nica y Fax<\/a><\/span><\/p>\n<p><span style=\"color: #000080;\"><a style=\"color: #000080;\" href=\"https:\/\/diftuxpan.com\/web1\/wp-content\/uploads\/2019\/03\/denominaci\u00f3n-domicilio-tel\u00e9fonos-faxes-direcci\u00f3n-electr\u00f3nica-y-correo-electr\u00f3nico-oficiales-del-sujeto-obligado.pdf\">Denominaci\u00f3n, domicilio, tel\u00e9fonos, faxes, direcci\u00f3n electr\u00f3nica y correo electr\u00f3nico oficiales del sujeto obligado<\/a><\/span><\/p>\n","protected":false},"excerpt":{"rendered":"<p>Denominaci\u00f3n,Domicilio,Direcci\u00f3n Electr\u00f3nica y Fax Denominaci\u00f3n, domicilio, tel\u00e9fonos, faxes, direcci\u00f3n electr\u00f3nica y correo electr\u00f3nico oficiales del sujeto obligado<\/p>\n","protected":false},"author":2,"featured_media":0,"parent":0,"menu_order":0,"comment_status":"closed","ping_status":"closed","template":"","meta":[],"_links":{"self":[{"href":"https:\/\/diftuxpan.com\/web1\/wp-json\/wp\/v2\/pages\/4295"}],"collection":[{"href":"https:\/\/diftuxpan.com\/web1\/wp-json\/wp\/v2\/pages"}],"about":[{"href":"https:\/\/diftuxpan.com\/web1\/wp-json\/wp\/v2\/types\/page"}],"author":[{"embeddable":true,"href":"https:\/\/diftuxpan.com\/web1\/wp-json\/wp\/v2\/users\/2"}],"replies":[{"embeddable":true,"href":"https:\/\/diftuxpan.com\/web1\/wp-json\/wp\/v2\/comments?post=4295"}],"version-history":[{"count":5,"href":"https:\/\/diftuxpan.com\/web1\/wp-json\/wp\/v2\/pages\/4295\/revisions"}],"predecessor-version":[{"id":4526,"href":"https:\/\/diftuxpan.com\/web1\/wp-json\/wp\/v2\/pages\/4295\/revisions\/4526"}],"wp:attachment":[{"href":"https:\/\/diftuxpan.com\/web1\/wp-json\/wp\/v2\/media?parent=4295"}],"curies":[{"name":"wp","href":"https:\/\/api.w.org\/{rel}","templated":true}]}}