{"id":4289,"date":"2019-03-14T08:59:00","date_gmt":"2019-03-14T14:59:00","guid":{"rendered":"https:\/\/diftuxpan.com\/web1\/?page_id=4289"},"modified":"2019-05-24T09:11:27","modified_gmt":"2019-05-24T15:11:27","slug":"direccion-electronica-donde-podran-recibirse-las-solicitudes-de-acceso-a-la-informacion","status":"publish","type":"page","link":"https:\/\/diftuxpan.com\/web1\/direccion-electronica-donde-podran-recibirse-las-solicitudes-de-acceso-a-la-informacion\/","title":{"rendered":"Direcci\u00f3n Electr\u00f3nica para recibir  Solicitudes de Acceso a la Informaci\u00f3n"},"content":{"rendered":"<p><span style=\"color: #000080;\"><a style=\"color: #000080;\" href=\"https:\/\/diftuxpan.com\/web1\/wp-content\/uploads\/2019\/03\/Direcci\u00f3n-electronica.pdf\">Direcci\u00f3n electronica<\/a><\/span><\/p>\n<p><span style=\"color: #000080;\"><a style=\"color: #000080;\" href=\"https:\/\/diftuxpan.com\/web1\/wp-content\/uploads\/2015\/10\/correo.pdf\">Correo<\/a><\/span><\/p>\n","protected":false},"excerpt":{"rendered":"<p>Direcci\u00f3n electronica Correo<\/p>\n","protected":false},"author":2,"featured_media":0,"parent":0,"menu_order":0,"comment_status":"closed","ping_status":"closed","template":"","meta":[],"_links":{"self":[{"href":"https:\/\/diftuxpan.com\/web1\/wp-json\/wp\/v2\/pages\/4289"}],"collection":[{"href":"https:\/\/diftuxpan.com\/web1\/wp-json\/wp\/v2\/pages"}],"about":[{"href":"https:\/\/diftuxpan.com\/web1\/wp-json\/wp\/v2\/types\/page"}],"author":[{"embeddable":true,"href":"https:\/\/diftuxpan.com\/web1\/wp-json\/wp\/v2\/users\/2"}],"replies":[{"embeddable":true,"href":"https:\/\/diftuxpan.com\/web1\/wp-json\/wp\/v2\/comments?post=4289"}],"version-history":[{"count":5,"href":"https:\/\/diftuxpan.com\/web1\/wp-json\/wp\/v2\/pages\/4289\/revisions"}],"predecessor-version":[{"id":4525,"href":"https:\/\/diftuxpan.com\/web1\/wp-json\/wp\/v2\/pages\/4289\/revisions\/4525"}],"wp:attachment":[{"href":"https:\/\/diftuxpan.com\/web1\/wp-json\/wp\/v2\/media?parent=4289"}],"curies":[{"name":"wp","href":"https:\/\/api.w.org\/{rel}","templated":true}]}}