{"id":4269,"date":"2019-03-13T14:14:03","date_gmt":"2019-03-13T20:14:03","guid":{"rendered":"https:\/\/diftuxpan.com\/web1\/?page_id=4269"},"modified":"2019-05-24T08:39:37","modified_gmt":"2019-05-24T14:39:37","slug":"ley-general-ley-presente-y-su-reglamento","status":"publish","type":"page","link":"https:\/\/diftuxpan.com\/web1\/ley-general-ley-presente-y-su-reglamento\/","title":{"rendered":"Ley General , Ley Presente y su Reglamento"},"content":{"rendered":"<p><span style=\"color: #000080;\"><a style=\"color: #000080;\" href=\"https:\/\/diftuxpan.com\/web1\/wp-content\/uploads\/2019\/03\/LEY-GENERAL-DE-TRANSPARENCIA-Y-ACCESO-A-LA-INFORMACION-PUBLICA.pdf\">Ley General de Transparencia y Acceso a la Informaci\u00f3n P\u00fablica<\/a><\/span><\/p>\n<p><span style=\"color: #000080;\"><a style=\"color: #000080;\" href=\"https:\/\/diftuxpan.com\/web1\/wp-content\/uploads\/2019\/03\/Ley-de-Transparencia-y-Acceso-a-la-Informaci\u00f3n-P\u00fablica-del-Estado-de-Jalisco-y-sus-Municipios.doc\">Ley de Transparencia y Acceso a la Informaci\u00f3n P\u00fablica del Estado de Jalisco y sus Municipios<\/a><\/span><\/p>\n<p><span style=\"color: #000080;\"><a style=\"color: #000080;\" href=\"https:\/\/diftuxpan.com\/web1\/wp-content\/uploads\/2019\/03\/Reglamento-de-la-Ley-de-Transparencia-y-Acceso-a-la-Informaci\u00f3n-P\u00fablica-del-Estado-de-Jalisco-y-sus-Municipios.doc\">Reglamento de la Ley de Transparencia y Acceso a la Informaci\u00f3n P\u00fablica del Estado de Jalisco y sus Municipios<\/a><\/span><\/p>\n","protected":false},"excerpt":{"rendered":"<p>Ley General de Transparencia y Acceso a la Informaci\u00f3n P\u00fablica Ley de Transparencia y Acceso a la Informaci\u00f3n P\u00fablica del Estado de Jalisco y sus Municipios<span class=\"excerpt-hellip\"> [\u2026]<\/span><\/p>\n","protected":false},"author":2,"featured_media":0,"parent":0,"menu_order":0,"comment_status":"closed","ping_status":"closed","template":"","meta":[],"_links":{"self":[{"href":"https:\/\/diftuxpan.com\/web1\/wp-json\/wp\/v2\/pages\/4269"}],"collection":[{"href":"https:\/\/diftuxpan.com\/web1\/wp-json\/wp\/v2\/pages"}],"about":[{"href":"https:\/\/diftuxpan.com\/web1\/wp-json\/wp\/v2\/types\/page"}],"author":[{"embeddable":true,"href":"https:\/\/diftuxpan.com\/web1\/wp-json\/wp\/v2\/users\/2"}],"replies":[{"embeddable":true,"href":"https:\/\/diftuxpan.com\/web1\/wp-json\/wp\/v2\/comments?post=4269"}],"version-history":[{"count":4,"href":"https:\/\/diftuxpan.com\/web1\/wp-json\/wp\/v2\/pages\/4269\/revisions"}],"predecessor-version":[{"id":4514,"href":"https:\/\/diftuxpan.com\/web1\/wp-json\/wp\/v2\/pages\/4269\/revisions\/4514"}],"wp:attachment":[{"href":"https:\/\/diftuxpan.com\/web1\/wp-json\/wp\/v2\/media?parent=4269"}],"curies":[{"name":"wp","href":"https:\/\/api.w.org\/{rel}","templated":true}]}}