{"id":4088,"date":"2019-01-28T10:17:07","date_gmt":"2019-01-28T16:17:07","guid":{"rendered":"https:\/\/diftuxpan.com\/web1\/?page_id=4088"},"modified":"2019-05-24T09:17:16","modified_gmt":"2019-05-24T15:17:16","slug":"indice-de-los-expedientes-clasificados-como-reservados-por-area-responsable-de-la-informacion-y-tema","status":"publish","type":"page","link":"https:\/\/diftuxpan.com\/web1\/indice-de-los-expedientes-clasificados-como-reservados-por-area-responsable-de-la-informacion-y-tema\/","title":{"rendered":"\u00cdndice de los Expedientes Clasificados como reservados, por \u00e1rea responsable de la informaci\u00f3n y tema;"},"content":{"rendered":"<p>&nbsp;<\/p>\n<p><span style=\"color: #000080;\"><a style=\"color: #000080;\" href=\"https:\/\/diftuxpan.com\/web1\/wp-content\/uploads\/2019\/01\/1-N-OCTUBRE-2015.pdf\">OCTUBRE- 2015<\/a><\/span><\/p>\n<p><span style=\"color: #000080;\"><a style=\"color: #000080;\" href=\"https:\/\/diftuxpan.com\/web1\/wp-content\/uploads\/2019\/01\/1-N-NOVIEMBRE-2015.pdf\">NOVIEMBRE- 2015<\/a><\/span><\/p>\n<p><span style=\"color: #000080;\"><a style=\"color: #000080;\" href=\"https:\/\/diftuxpan.com\/web1\/wp-content\/uploads\/2019\/01\/1-N-DICIEMBRE-2015.pdf\">DICIEMBRE- 2015<\/a><\/span><\/p>\n<p><span style=\"color: #000000;\">2016<\/span><\/p>\n<p><span style=\"color: #000080;\"><a style=\"color: #000080;\" href=\"https:\/\/diftuxpan.com\/web1\/wp-content\/uploads\/2019\/01\/1-N-ENERO-2016.pdf\">ENERO- 2016<\/a><\/span><\/p>\n<p><span style=\"color: #000080;\"><a style=\"color: #000080;\" href=\"https:\/\/diftuxpan.com\/web1\/wp-content\/uploads\/2019\/01\/1-N-FEBRERO-2016.pdf\">FEBRERO- 2016<\/a><\/span><\/p>\n<p><span style=\"color: #000080;\"><a style=\"color: #000080;\" href=\"https:\/\/diftuxpan.com\/web1\/wp-content\/uploads\/2019\/01\/1-N-MARZO-2016.pdf\">MARZO- 2016<\/a><\/span><\/p>\n<p><span style=\"color: #000080;\"><a style=\"color: #000080;\" href=\"https:\/\/diftuxpan.com\/web1\/wp-content\/uploads\/2019\/01\/1-N-ABRIL-2016.pdf\">ABRIL- 2016<\/a><\/span><\/p>\n<p><span style=\"color: #000080;\"><a style=\"color: #000080;\" href=\"https:\/\/diftuxpan.com\/web1\/wp-content\/uploads\/2019\/01\/1-N-MAYO-2016.pdf\">MAYO- 2016<\/a><\/span><\/p>\n<p><span style=\"color: #000080;\"><a style=\"color: #000080;\" href=\"https:\/\/diftuxpan.com\/web1\/wp-content\/uploads\/2019\/01\/1-N-JUNIO-2016.pdf\">JUNIO- 2016<\/a><\/span><\/p>\n<p><span style=\"color: #000080;\"><a style=\"color: #000080;\" href=\"https:\/\/diftuxpan.com\/web1\/wp-content\/uploads\/2019\/01\/1-N-JULIO-2016.pdf\">JULIO- 2016<\/a><\/span><\/p>\n<p><span style=\"color: #000080;\"><a style=\"color: #000080;\" href=\"https:\/\/diftuxpan.com\/web1\/wp-content\/uploads\/2019\/01\/1-N-AGOSTO-2016.pdf\">AGOSTO- 2016<\/a><\/span><\/p>\n<p><span style=\"color: #000080;\"><a style=\"color: #000080;\" href=\"https:\/\/diftuxpan.com\/web1\/wp-content\/uploads\/2019\/01\/1-N-SEPTIEMBRE-2016.pdf\">SEPTIEMBRE- 2016<\/a><\/span><\/p>\n<p><span style=\"color: #000080;\"><a style=\"color: #000080;\" href=\"https:\/\/diftuxpan.com\/web1\/wp-content\/uploads\/2019\/01\/1-N-OCTUBRE-2016.pdf\">OCTUBRE- 2016<\/a><\/span><\/p>\n<p><span style=\"color: #000080;\"><a style=\"color: #000080;\" href=\"https:\/\/diftuxpan.com\/web1\/wp-content\/uploads\/2019\/01\/1-N-NOVIEMBRE-2016.pdf\">NOVIEMBRE- 2016<\/a><\/span><\/p>\n<p><span style=\"color: #000080;\"><a style=\"color: #000080;\" href=\"https:\/\/diftuxpan.com\/web1\/wp-content\/uploads\/2019\/01\/1-N-DICIEMBRE-2016.pdf\">DICIEMBRE- 2016<\/a><\/span><\/p>\n<p><span style=\"color: #000000;\">2017<\/span><\/p>\n<p><span style=\"color: #000080;\"><a style=\"color: #000080;\" href=\"https:\/\/diftuxpan.com\/web1\/wp-content\/uploads\/2019\/01\/1-N-ENERO-2017.pdf\">ENERO- 201<\/a>7<\/span><\/p>\n<p><span style=\"color: #000080;\"><a style=\"color: #000080;\" href=\"https:\/\/diftuxpan.com\/web1\/wp-content\/uploads\/2019\/01\/1-N-FEBRERO-2017.pdf\">FEBRERO- 2017<\/a><\/span><\/p>\n<p><span style=\"color: #000080;\"><a style=\"color: #000080;\" href=\"https:\/\/diftuxpan.com\/web1\/wp-content\/uploads\/2019\/01\/1-N-MARZO-2017.pdf\">MARZO- 2017<\/a><\/span><\/p>\n<p><span style=\"color: #000080;\"><a style=\"color: #000080;\" href=\"https:\/\/diftuxpan.com\/web1\/wp-content\/uploads\/2019\/01\/1-N-ABRIL-2017.pdf\">ABRIL- 2017<\/a><\/span><\/p>\n<p><span style=\"color: #000080;\"><a style=\"color: #000080;\" href=\"https:\/\/diftuxpan.com\/web1\/wp-content\/uploads\/2019\/01\/1-N-MAYO-2017.pdf\">MAYO- 2017<\/a><\/span><\/p>\n<p><span style=\"color: #000080;\"><a style=\"color: #000080;\" href=\"https:\/\/diftuxpan.com\/web1\/wp-content\/uploads\/2019\/01\/1-N-JUNIO-2017.pdf\">JUNIO- 2017<\/a><\/span><\/p>\n<p><span style=\"color: #000080;\"><a style=\"color: #000080;\" href=\"https:\/\/diftuxpan.com\/web1\/wp-content\/uploads\/2019\/01\/1-N-JULIO-2017.pdf\">JULIO- 2017<\/a><\/span><\/p>\n<p><span style=\"color: #000080;\"><a style=\"color: #000080;\" href=\"https:\/\/diftuxpan.com\/web1\/wp-content\/uploads\/2019\/01\/1-N-AGOSTO-2017.pdf\">AGOSTO- 2017<\/a><\/span><\/p>\n<p><span style=\"color: #000080;\"><a style=\"color: #000080;\" href=\"https:\/\/diftuxpan.com\/web1\/wp-content\/uploads\/2019\/01\/1-N-SEPTIEMBRE-2017.pdf\">SEPTIEMBRE- 2017<\/a><\/span><\/p>\n<p><span style=\"color: #000080;\"><a style=\"color: #000080;\" href=\"https:\/\/diftuxpan.com\/web1\/wp-content\/uploads\/2019\/01\/1-N-OCTUBRE-2017.pdf\">OCTUBRE- 2017<\/a><\/span><\/p>\n<p><span style=\"color: #000080;\"><a style=\"color: #000080;\" href=\"https:\/\/diftuxpan.com\/web1\/wp-content\/uploads\/2019\/01\/1-N-NOVIEMBRE-2017.pdf\">NOVIEMBRE- 2017<\/a><\/span><\/p>\n<p><span style=\"color: #000080;\"><a style=\"color: #000080;\" href=\"https:\/\/diftuxpan.com\/web1\/wp-content\/uploads\/2019\/01\/1-N-DICIEMBRE-2017.pdf\">DICIEMBRE- 2017<\/a><\/span><\/p>\n<p><span style=\"color: #000000;\">2018<\/span><\/p>\n<p><span style=\"color: #000080;\"><a style=\"color: #000080;\" href=\"https:\/\/diftuxpan.com\/web1\/wp-content\/uploads\/2019\/01\/1-N-ENERO-2018.pdf\">ENERO- 2018<\/a><\/span><\/p>\n<p><span style=\"color: #000080;\"><a style=\"color: #000080;\" href=\"https:\/\/diftuxpan.com\/web1\/wp-content\/uploads\/2019\/01\/1-N-FEBRERO-2018.pdf\">FEBRERO- 2018<\/a><\/span><\/p>\n<p><span style=\"color: #000080;\"><a style=\"color: #000080;\" href=\"https:\/\/diftuxpan.com\/web1\/wp-content\/uploads\/2019\/01\/1-N-MARZO-2018.pdf\">MARZO- 2018<\/a><\/span><\/p>\n<p><span style=\"color: #000080;\"><a style=\"color: #000080;\" href=\"https:\/\/diftuxpan.com\/web1\/wp-content\/uploads\/2019\/01\/1-N-ABRIL-2018.pdf\">ABRIL- 2018<\/a><\/span><\/p>\n<p><span style=\"color: #000080;\"><a style=\"color: #000080;\" href=\"https:\/\/diftuxpan.com\/web1\/wp-content\/uploads\/2019\/01\/1-N-MAYO-2018.pdf\">MAYO- 2018<\/a><\/span><\/p>\n<p><span style=\"color: #000080;\"><a style=\"color: #000080;\" href=\"https:\/\/diftuxpan.com\/web1\/wp-content\/uploads\/2019\/01\/1-N-JUNIO-2018.pdf\">JUNIO- 2018<\/a><\/span><\/p>\n<p><span style=\"color: #000080;\"><a style=\"color: #000080;\" href=\"https:\/\/diftuxpan.com\/web1\/wp-content\/uploads\/2019\/01\/1-N-JULIO-2018.pdf\">JULIO- 201<\/a><\/span><\/p>\n<p><span style=\"color: #000080;\"><a style=\"color: #000080;\" href=\"https:\/\/diftuxpan.com\/web1\/wp-content\/uploads\/2019\/01\/1-N-AGOSTO-2018.pdf\">AGOSTO- 2018<\/a><\/span><\/p>\n<p><span style=\"color: #000080;\"><a style=\"color: #000080;\" href=\"https:\/\/diftuxpan.com\/web1\/wp-content\/uploads\/2019\/01\/1-N-SEPTIEMBRE-2018.pdf\">SEPTIEMBRE- 2018<\/a><\/span><\/p>\n<p><span style=\"color: #000080;\">ADMINISTRACI\u00d3N 2018-2021<\/span><\/p>\n<p><span style=\"color: #000080;\"><a style=\"color: #000080;\" href=\"https:\/\/diftuxpan.com\/web1\/wp-content\/uploads\/2019\/01\/1-N-OCTUBRE-2018.pdf\">OCTUBRE- 2018<\/a><\/span><\/p>\n<p><span style=\"color: #000080;\"><a style=\"color: #000080;\" href=\"https:\/\/diftuxpan.com\/web1\/wp-content\/uploads\/2019\/01\/1-N-NOVIEMBRE-2018.pdf\">NOVIEMBRE- 2018<\/a><\/span><\/p>\n<p><span style=\"color: #000080;\"><a style=\"color: #000080;\" href=\"https:\/\/diftuxpan.com\/web1\/wp-content\/uploads\/2019\/01\/1-N-DICIEMBRE-2018.pdf\">DICIEMBRE- 2018<\/a><\/span><\/p>\n","protected":false},"excerpt":{"rendered":"<p>&nbsp; OCTUBRE- 2015 NOVIEMBRE- 2015 DICIEMBRE- 2015 2016 ENERO- 2016 FEBRERO- 2016 MARZO- 2016 ABRIL- 2016 MAYO- 2016 JUNIO- 2016 JULIO- 2016 AGOSTO- 2016 SEPTIEMBRE- 2016<span class=\"excerpt-hellip\"> [\u2026]<\/span><\/p>\n","protected":false},"author":2,"featured_media":0,"parent":0,"menu_order":0,"comment_status":"closed","ping_status":"closed","template":"","meta":[],"_links":{"self":[{"href":"https:\/\/diftuxpan.com\/web1\/wp-json\/wp\/v2\/pages\/4088"}],"collection":[{"href":"https:\/\/diftuxpan.com\/web1\/wp-json\/wp\/v2\/pages"}],"about":[{"href":"https:\/\/diftuxpan.com\/web1\/wp-json\/wp\/v2\/types\/page"}],"author":[{"embeddable":true,"href":"https:\/\/diftuxpan.com\/web1\/wp-json\/wp\/v2\/users\/2"}],"replies":[{"embeddable":true,"href":"https:\/\/diftuxpan.com\/web1\/wp-json\/wp\/v2\/comments?post=4088"}],"version-history":[{"count":14,"href":"https:\/\/diftuxpan.com\/web1\/wp-json\/wp\/v2\/pages\/4088\/revisions"}],"predecessor-version":[{"id":4528,"href":"https:\/\/diftuxpan.com\/web1\/wp-json\/wp\/v2\/pages\/4088\/revisions\/4528"}],"wp:attachment":[{"href":"https:\/\/diftuxpan.com\/web1\/wp-json\/wp\/v2\/media?parent=4088"}],"curies":[{"name":"wp","href":"https:\/\/api.w.org\/{rel}","templated":true}]}}