{"id":3824,"date":"2018-05-24T09:38:32","date_gmt":"2018-05-24T15:38:32","guid":{"rendered":"http:\/\/diftuxpan.com\/web1\/?page_id=3824"},"modified":"2021-11-30T12:25:37","modified_gmt":"2021-11-30T18:25:37","slug":"plantilla-personal-dif","status":"publish","type":"page","link":"https:\/\/diftuxpan.com\/web1\/plantilla-personal-dif\/","title":{"rendered":"Plantilla de Personal Sistema DIF Tuxpan Jalisco."},"content":{"rendered":"<p>&nbsp;<\/p>\n<p><span style=\"color: #000080;\"><a style=\"color: #000080;\" href=\"http:\/\/diftuxpan.com\/web1\/wp-content\/uploads\/2018\/05\/ORGANIGRAMA.pdf\">Organigrama Sistema DIF Municipal Administraci\u00f3n 2015-2018<\/a><\/span><\/p>\n<p><span style=\"color: #000080;\"><a style=\"color: #000080;\" href=\"http:\/\/diftuxpan.com\/web1\/wp-content\/uploads\/2018\/05\/PERSONAL-DIF-2015.pdf\">Personal DIF a\u00f1o 2015<\/a><\/span><\/p>\n<p><span style=\"color: #000080;\"><a style=\"color: #000080;\" href=\"http:\/\/diftuxpan.com\/web1\/wp-content\/uploads\/2018\/05\/PERSONAL-DIF-2016.pdf\">Personal DIF a\u00f1o 2016<\/a><\/span><\/p>\n<p><span style=\"color: #000080;\"><a style=\"color: #000080;\" href=\"http:\/\/diftuxpan.com\/web1\/wp-content\/uploads\/2018\/05\/PERSONAL-DIF-2017.pdf\">Personal DIF a\u00f1o 2017<\/a><\/span><\/p>\n<p><span style=\"color: #000080;\"><a style=\"color: #000080;\" href=\"http:\/\/diftuxpan.com\/web1\/wp-content\/uploads\/2018\/05\/PERSONAL-DIF-2018.pdf\">Personal DIF a\u00f1o 2018<\/a><\/span><\/p>\n<p><span style=\"color: #000080;\"><a style=\"color: #000080;\" href=\"https:\/\/diftuxpan.com\/web1\/wp-content\/uploads\/2015\/10\/ORGANIGRAMA-SISTEMA-DIF-MUNICIPAL-2018-2021.pdf\">Organigrama Sistema DIF Municipal Administraci\u00f3n 2018-2021<\/a><\/span><\/p>\n<p><span style=\"color: #000080;\"><a style=\"color: #000080;\" href=\"https:\/\/diftuxpan.com\/web1\/wp-content\/uploads\/2018\/05\/PERSONAL-DIF-2018-2021-1.pdf\">Personal DIF 2018-2021\u00a0<\/a><\/span><\/p>\n<p><a href=\"https:\/\/diftuxpan.com\/web1\/wp-content\/uploads\/2018\/05\/ORGANIGRAMA-SISTEMA-DIF-MUNICIPAL.pdf\"><span style=\"color: #333399;\">Organigrama Sistema DIF Municipal Administraci\u00f3n 2021- 2024<\/span><\/a><\/p>\n","protected":false},"excerpt":{"rendered":"<p>&nbsp; Organigrama Sistema DIF Municipal Administraci\u00f3n 2015-2018 Personal DIF a\u00f1o 2015 Personal DIF a\u00f1o 2016 Personal DIF a\u00f1o 2017 Personal DIF a\u00f1o 2018 Organigrama Sistema DIF<span class=\"excerpt-hellip\"> [\u2026]<\/span><\/p>\n","protected":false},"author":2,"featured_media":0,"parent":0,"menu_order":0,"comment_status":"closed","ping_status":"closed","template":"","meta":[],"_links":{"self":[{"href":"https:\/\/diftuxpan.com\/web1\/wp-json\/wp\/v2\/pages\/3824"}],"collection":[{"href":"https:\/\/diftuxpan.com\/web1\/wp-json\/wp\/v2\/pages"}],"about":[{"href":"https:\/\/diftuxpan.com\/web1\/wp-json\/wp\/v2\/types\/page"}],"author":[{"embeddable":true,"href":"https:\/\/diftuxpan.com\/web1\/wp-json\/wp\/v2\/users\/2"}],"replies":[{"embeddable":true,"href":"https:\/\/diftuxpan.com\/web1\/wp-json\/wp\/v2\/comments?post=3824"}],"version-history":[{"count":12,"href":"https:\/\/diftuxpan.com\/web1\/wp-json\/wp\/v2\/pages\/3824\/revisions"}],"predecessor-version":[{"id":6205,"href":"https:\/\/diftuxpan.com\/web1\/wp-json\/wp\/v2\/pages\/3824\/revisions\/6205"}],"wp:attachment":[{"href":"https:\/\/diftuxpan.com\/web1\/wp-json\/wp\/v2\/media?parent=3824"}],"curies":[{"name":"wp","href":"https:\/\/api.w.org\/{rel}","templated":true}]}}