{"id":3811,"date":"2018-05-23T12:00:03","date_gmt":"2018-05-23T18:00:03","guid":{"rendered":"http:\/\/diftuxpan.com\/web1\/?page_id=3811"},"modified":"2019-05-24T10:50:57","modified_gmt":"2019-05-24T16:50:57","slug":"manuales-de-procedimientos","status":"publish","type":"page","link":"https:\/\/diftuxpan.com\/web1\/manuales-de-procedimientos\/","title":{"rendered":"Manuales de Procedimientos"},"content":{"rendered":"<p><span style=\"color: #000080;\"><a style=\"color: #000080;\" href=\"http:\/\/diftuxpan.com\/web1\/wp-content\/uploads\/2018\/05\/manual_op_estrategias_especiales_de_la_infancia-1.pdf\">Manual op Estrategias Especiales de la Infancia (1)<\/a><\/span><\/p>\n<p><span style=\"color: #000080;\"><a style=\"color: #000080;\" href=\"http:\/\/diftuxpan.com\/web1\/wp-content\/uploads\/2018\/05\/manual_op_estrategias_especiales_de_la_infancia.pdf\">Manual op Estrategias Especiales de la Infancia<\/a><\/span><\/p>\n<p><span style=\"color: #000080;\"><a style=\"color: #000080;\" href=\"http:\/\/diftuxpan.com\/web1\/wp-content\/uploads\/2018\/05\/manual_op_programa_asistencia_para_el_desarrollo_infantil.pdf\">Manual op Programa Asistencia para el Desarrollo Infantil<\/a><\/span><\/p>\n<p><span style=\"color: #000080;\"><a style=\"color: #000080;\" href=\"http:\/\/diftuxpan.com\/web1\/wp-content\/uploads\/2018\/05\/manual_op_sistema_interinstitucional_de_canalizacion.pdf\">Manual op Sistema Interinstitucional de Canalizaci\u00f3n<\/a><\/span><\/p>\n<p><span style=\"color: #000080;\"><a style=\"color: #000080;\" href=\"http:\/\/diftuxpan.com\/web1\/wp-content\/uploads\/2018\/05\/Manual_operativo_Asesoria_en_derecho_familiar.pdf\">Manual op Asesor\u00eda en Derecho Familiar<\/a><\/span><\/p>\n<p><span style=\"color: #000080;\"><a style=\"color: #000080;\" href=\"http:\/\/diftuxpan.com\/web1\/wp-content\/uploads\/2018\/05\/manual_operativo_fortalecimiento_sociofamiliar.pdf\">Manual op Fortalecimiento Sociofamiliar<\/a><\/span><\/p>\n<p><span style=\"color: #000080;\"><a style=\"color: #000080;\" href=\"http:\/\/diftuxpan.com\/web1\/wp-content\/uploads\/2018\/05\/manual_operativo_investigacion_y_metodologias_de_intervencion.pdf\">Manual op Investigaci\u00f3n y Metodolog\u00edas de Intervenci\u00f3n<\/a><\/span><\/p>\n<p><span style=\"color: #000080;\"><a style=\"color: #000080;\" href=\"http:\/\/diftuxpan.com\/web1\/wp-content\/uploads\/2018\/05\/PREVERP.pdf\">Programa de Prevenci\u00f3n de Riesgos Psicosociales \u00a0 PREVERP<\/a><\/span><\/p>\n<p><span style=\"color: #000000;\">SEGURIDAD ALIMENTARIA:<\/span><\/p>\n<p><span style=\"color: #000080;\"><a style=\"color: #000080;\" href=\"https:\/\/diftuxpan.com\/web1\/wp-content\/uploads\/2018\/05\/REGLAS-DE-OPERACI\u00d3N-PAAD-2017.pdf\">Reglas de\u00a0 Operacion PAAD 2017<\/a><\/span><\/p>\n<p><span style=\"color: #000080;\"><a style=\"color: #000080;\" href=\"https:\/\/diftuxpan.com\/web1\/wp-content\/uploads\/2018\/05\/ROP-PAAD-2018-1.pdf\">PAAD 2018 (1)<\/a><\/span><\/p>\n<p><span style=\"color: #000080;\"><a style=\"color: #000080;\" href=\"https:\/\/diftuxpan.com\/web1\/wp-content\/uploads\/2018\/05\/Reglas-de-Operaci\u00f3n-2019-PAAD.pdf\">\u00a0PAAD 2019<\/a><\/span><\/p>\n<p><span style=\"color: #000080;\"><a style=\"color: #000080;\" href=\"https:\/\/diftuxpan.com\/web1\/wp-content\/uploads\/2018\/05\/REGLAS-DE-OPERACI\u00d3N-PROALIMNE-2017.pdf\">Reglas de Operaci\u00f3n PROALIMNE 2017<\/a><\/span><\/p>\n<p><span style=\"color: #000080;\"><a style=\"color: #000080;\" href=\"https:\/\/diftuxpan.com\/web1\/wp-content\/uploads\/2018\/05\/REGLAS-DE-OPERACION-2018-PROALIMNE.pdf\">\u00a0PROALIME 2018<\/a><\/span><\/p>\n<p><span style=\"color: #000080;\"><a style=\"color: #000080;\" href=\"https:\/\/diftuxpan.com\/web1\/wp-content\/uploads\/2018\/05\/REGLAS-DE-OPERACION-DESAYUNOS-ESCOLARES-2018.pdf\">Reglas de Operaci\u00f3n Desayunos Escolares 2018<\/a><\/span><\/p>\n<p><span style=\"color: #000080;\"><a style=\"color: #000080;\" href=\"https:\/\/diftuxpan.com\/web1\/wp-content\/uploads\/2018\/05\/Reglas-de-Operaci\u00f3n-Desayunos-Escolares-2019.pdf\">Desayunos Escolares 2019<\/a><\/span><\/p>\n<p>&nbsp;<\/p>\n<p>&nbsp;<\/p>\n<p>&nbsp;<\/p>\n","protected":false},"excerpt":{"rendered":"<p>Manual op Estrategias Especiales de la Infancia (1) Manual op Estrategias Especiales de la Infancia Manual op Programa Asistencia para el Desarrollo Infantil Manual op Sistema<span class=\"excerpt-hellip\"> [\u2026]<\/span><\/p>\n","protected":false},"author":2,"featured_media":0,"parent":0,"menu_order":0,"comment_status":"closed","ping_status":"closed","template":"","meta":[],"_links":{"self":[{"href":"https:\/\/diftuxpan.com\/web1\/wp-json\/wp\/v2\/pages\/3811"}],"collection":[{"href":"https:\/\/diftuxpan.com\/web1\/wp-json\/wp\/v2\/pages"}],"about":[{"href":"https:\/\/diftuxpan.com\/web1\/wp-json\/wp\/v2\/types\/page"}],"author":[{"embeddable":true,"href":"https:\/\/diftuxpan.com\/web1\/wp-json\/wp\/v2\/users\/2"}],"replies":[{"embeddable":true,"href":"https:\/\/diftuxpan.com\/web1\/wp-json\/wp\/v2\/comments?post=3811"}],"version-history":[{"count":5,"href":"https:\/\/diftuxpan.com\/web1\/wp-json\/wp\/v2\/pages\/3811\/revisions"}],"predecessor-version":[{"id":4533,"href":"https:\/\/diftuxpan.com\/web1\/wp-json\/wp\/v2\/pages\/3811\/revisions\/4533"}],"wp:attachment":[{"href":"https:\/\/diftuxpan.com\/web1\/wp-json\/wp\/v2\/media?parent=3811"}],"curies":[{"name":"wp","href":"https:\/\/api.w.org\/{rel}","templated":true}]}}