{"id":3795,"date":"2018-05-23T11:50:36","date_gmt":"2018-05-23T17:50:36","guid":{"rendered":"http:\/\/diftuxpan.com\/web1\/?page_id=3795"},"modified":"2019-05-29T08:42:33","modified_gmt":"2019-05-29T14:42:33","slug":"manuales-de-organizacion","status":"publish","type":"page","link":"https:\/\/diftuxpan.com\/web1\/manuales-de-organizacion\/","title":{"rendered":"Manuales de Organizaci\u00f3n"},"content":{"rendered":"<p><span style=\"color: #000080;\"><a style=\"color: #000080;\" href=\"http:\/\/diftuxpan.com\/web1\/wp-content\/uploads\/2018\/05\/manual_op_estrategias_especiales_de_la_infancia-1.pdf\">Manual Operativo de Estrategias Especiales de la Infancia<\/a><\/span><\/p>\n<p><span style=\"color: #000080;\"><a style=\"color: #000080;\" href=\"http:\/\/diftuxpan.com\/web1\/wp-content\/uploads\/2018\/05\/manual_op_programa_asistencia_para_el_desarrollo_infantil.pdf\">Manual Operativo Programa Centros de Asistencia para el Desarrollo Infantil<\/a><\/span><\/p>\n<p><span style=\"color: #000080;\"><a style=\"color: #000080;\" href=\"http:\/\/diftuxpan.com\/web1\/wp-content\/uploads\/2018\/05\/manual_op_sistema_interinstitucional_de_canalizacion.pdf\">Manual Operativo &#8220;Sistema Interinstitucional de Canalizaci\u00f3n al Trabajo Social&#8221;<\/a><\/span><\/p>\n<p><span style=\"color: #000080;\"><a style=\"color: #000080;\" href=\"http:\/\/diftuxpan.com\/web1\/wp-content\/uploads\/2018\/05\/Manual_operativo_Asesoria_en_derecho_familiar.pdf\">Manual Operativo\u00a0 &#8220;Asesor\u00eda en Derecho Familiar&#8221;<\/a><\/span><\/p>\n<p><span style=\"color: #000080;\"><a style=\"color: #000080;\" href=\"http:\/\/diftuxpan.com\/web1\/wp-content\/uploads\/2018\/05\/manual_operativo_fortalecimiento_sociofamiliar.pdf\">Manual Operativo &#8220;Fortalecimiento Sociofamiliar&#8221;<\/a><\/span><\/p>\n<p><span style=\"color: #000080;\"><a style=\"color: #000080;\" href=\"http:\/\/diftuxpan.com\/web1\/wp-content\/uploads\/2018\/05\/manual_operativo_investigacion_y_metodologias_de_intervencion.pdf\">Manual Operativo &#8220;Investigaci\u00f3n y Metodolog\u00edas de intervenci\u00f3n en Trabajo Social Asistencial&#8221;<\/a><\/span><\/p>\n<p><span style=\"color: #000080;\"><a style=\"color: #000080;\" href=\"http:\/\/diftuxpan.com\/web1\/wp-content\/uploads\/2018\/05\/PREVERP.pdf\">Programa de Prevenci\u00f3n de Riesgos Psicosociales PREVERP<\/a><\/span><\/p>\n","protected":false},"excerpt":{"rendered":"<p>Manual Operativo de Estrategias Especiales de la Infancia Manual Operativo Programa Centros de Asistencia para el Desarrollo Infantil Manual Operativo &#8220;Sistema Interinstitucional de Canalizaci\u00f3n al Trabajo<span class=\"excerpt-hellip\"> [\u2026]<\/span><\/p>\n","protected":false},"author":2,"featured_media":0,"parent":0,"menu_order":0,"comment_status":"closed","ping_status":"closed","template":"","meta":[],"_links":{"self":[{"href":"https:\/\/diftuxpan.com\/web1\/wp-json\/wp\/v2\/pages\/3795"}],"collection":[{"href":"https:\/\/diftuxpan.com\/web1\/wp-json\/wp\/v2\/pages"}],"about":[{"href":"https:\/\/diftuxpan.com\/web1\/wp-json\/wp\/v2\/types\/page"}],"author":[{"embeddable":true,"href":"https:\/\/diftuxpan.com\/web1\/wp-json\/wp\/v2\/users\/2"}],"replies":[{"embeddable":true,"href":"https:\/\/diftuxpan.com\/web1\/wp-json\/wp\/v2\/comments?post=3795"}],"version-history":[{"count":5,"href":"https:\/\/diftuxpan.com\/web1\/wp-json\/wp\/v2\/pages\/3795\/revisions"}],"predecessor-version":[{"id":4625,"href":"https:\/\/diftuxpan.com\/web1\/wp-json\/wp\/v2\/pages\/3795\/revisions\/4625"}],"wp:attachment":[{"href":"https:\/\/diftuxpan.com\/web1\/wp-json\/wp\/v2\/media?parent=3795"}],"curies":[{"name":"wp","href":"https:\/\/api.w.org\/{rel}","templated":true}]}}