{"id":3683,"date":"2018-05-17T09:14:37","date_gmt":"2018-05-17T15:14:37","guid":{"rendered":"http:\/\/diftuxpan.com\/web1\/?page_id=3683"},"modified":"2019-05-24T09:55:41","modified_gmt":"2019-05-24T15:55:41","slug":"tratados-y-convenciones-internacionales-suscritas-por-mexico","status":"publish","type":"page","link":"https:\/\/diftuxpan.com\/web1\/tratados-y-convenciones-internacionales-suscritas-por-mexico\/","title":{"rendered":"Tratados y Convenciones Internacionales Suscritas por M\u00e9xico"},"content":{"rendered":"<p>&nbsp;<\/p>\n<p><span style=\"color: #000080;\"><a style=\"color: #000080;\" href=\"http:\/\/diftuxpan.com\/web1\/wp-content\/uploads\/2018\/05\/CONVENCION-DERECHOS-PERSONAS-CON-DISCAPACIDAD-1.pdf\">Convenci\u00f3n Derechos\u00a0 Personas con Discapacidad (1)<\/a><\/span><\/p>\n<p><span style=\"color: #000080;\"><a style=\"color: #000080;\" href=\"http:\/\/diftuxpan.com\/web1\/wp-content\/uploads\/2018\/05\/CONVENCION-DERECHOS-PERSONAS-CON-DISCAPACIDAD-11-b.pdf\">Convenci\u00f3n Derechos Personas con Discapacidad 11 b)<\/a><\/span><\/p>\n<p><span style=\"color: #000080;\"><a style=\"color: #000080;\" href=\"http:\/\/diftuxpan.com\/web1\/wp-content\/uploads\/2018\/05\/Convencion-Proteccion-de-Menores-en-Materia-de-Adopcion-Inter-1.pdf\">Convenci\u00f3n Protecci\u00f3n de Menores en Materia de Adopci\u00f3n Inter (1)<\/a><\/span><\/p>\n<p><span style=\"color: #000080;\"><a style=\"color: #000080;\" href=\"http:\/\/diftuxpan.com\/web1\/wp-content\/uploads\/2018\/05\/Convencion-Proteccion-de-Menores-en-Materia-de-Adopcion-Inter-IIb.pdf\">Convenci\u00f3n Protecci\u00f3n de Menores en Materia de Adopci\u00f3n Inter IIb)<\/a><\/span><\/p>\n<p><span style=\"color: #000080;\"><a style=\"color: #000080;\" href=\"http:\/\/diftuxpan.com\/web1\/wp-content\/uploads\/2018\/05\/CONVENCI\u00d3N-SOBRE-LOS-DERECHOS-DEL-NI\u00d1O-IIb.pdf\">Convenci\u00f3n sobre los derechos los Derechos del Ni\u00f1o IIb)<\/a><\/span><\/p>\n<p><span style=\"color: #000080;\"><a style=\"color: #000080;\" href=\"http:\/\/diftuxpan.com\/web1\/wp-content\/uploads\/2018\/05\/DECLARACION-UNIVERSAL-DE-DERECHOS-HUMANOS-1-IIb.pdf\">Declaraci\u00f3n Universal de Derechos Humanos (1) IIb)<\/a><\/span><\/p>\n<p><span style=\"color: #000080;\"><a style=\"color: #000080;\" href=\"http:\/\/diftuxpan.com\/web1\/wp-content\/uploads\/2018\/05\/Pacto-Internacional-de-Derechos-Civiles-y-Politicos-4-IIb.pdf\">Pacto Internacional de Derechos Civiles y Politicos (4) IIb)<\/a><\/span><\/p>\n<p><span style=\"color: #000080;\"><a style=\"color: #000080;\" href=\"http:\/\/diftuxpan.com\/web1\/wp-content\/uploads\/2018\/05\/DECLARACION-SOBRE-GOBIERNO-ABIERTO-IIb.pdf\">Declaraci\u00f3n sobre Gobierno Abierto IIb)<\/a><\/span><\/p>\n<p>&nbsp;<\/p>\n","protected":false},"excerpt":{"rendered":"<p>&nbsp; Convenci\u00f3n Derechos\u00a0 Personas con Discapacidad (1) Convenci\u00f3n Derechos Personas con Discapacidad 11 b) Convenci\u00f3n Protecci\u00f3n de Menores en Materia de Adopci\u00f3n Inter (1) Convenci\u00f3n Protecci\u00f3n<span class=\"excerpt-hellip\"> [\u2026]<\/span><\/p>\n","protected":false},"author":2,"featured_media":0,"parent":0,"menu_order":0,"comment_status":"closed","ping_status":"closed","template":"","meta":[],"_links":{"self":[{"href":"https:\/\/diftuxpan.com\/web1\/wp-json\/wp\/v2\/pages\/3683"}],"collection":[{"href":"https:\/\/diftuxpan.com\/web1\/wp-json\/wp\/v2\/pages"}],"about":[{"href":"https:\/\/diftuxpan.com\/web1\/wp-json\/wp\/v2\/types\/page"}],"author":[{"embeddable":true,"href":"https:\/\/diftuxpan.com\/web1\/wp-json\/wp\/v2\/users\/2"}],"replies":[{"embeddable":true,"href":"https:\/\/diftuxpan.com\/web1\/wp-json\/wp\/v2\/comments?post=3683"}],"version-history":[{"count":4,"href":"https:\/\/diftuxpan.com\/web1\/wp-json\/wp\/v2\/pages\/3683\/revisions"}],"predecessor-version":[{"id":4532,"href":"https:\/\/diftuxpan.com\/web1\/wp-json\/wp\/v2\/pages\/3683\/revisions\/4532"}],"wp:attachment":[{"href":"https:\/\/diftuxpan.com\/web1\/wp-json\/wp\/v2\/media?parent=3683"}],"curies":[{"name":"wp","href":"https:\/\/api.w.org\/{rel}","templated":true}]}}