{"id":3667,"date":"2018-05-16T12:42:06","date_gmt":"2018-05-16T18:42:06","guid":{"rendered":"http:\/\/diftuxpan.com\/web1\/?page_id=3667"},"modified":"2019-09-19T08:52:13","modified_gmt":"2019-09-19T14:52:13","slug":"concesiones-licencias-permisos-autorizaciones-y-demas-actos-administrativos","status":"publish","type":"page","link":"https:\/\/diftuxpan.com\/web1\/concesiones-licencias-permisos-autorizaciones-y-demas-actos-administrativos\/","title":{"rendered":"Concesiones,Licencias,Permisos,Autorizaciones y dem\u00e1s actos administrativos"},"content":{"rendered":"<p><span style=\"color: #000080;\"><a style=\"color: #000080;\" href=\"http:\/\/diftuxpan.com\/web1\/wp-content\/uploads\/2018\/05\/concesiones-licencias-permisos-autorizaciones-y-dem\u00e1s-actos-administrativos.pdf\">concesiones, licencias, permisos, autorizaciones y dem\u00e1s actos administrativos<\/a><\/span><\/p>\n<p><span style=\"color: #000000;\">Unidad B\u00e1sica de Rehabilitaci\u00f3n :<\/span><\/p>\n<p><span style=\"color: #000000;\"><a href=\"https:\/\/diftuxpan.com\/web1\/wp-content\/uploads\/2018\/05\/Fracci\u00f3n-VI-Inciso-G-.pdf\">\u00a0<span style=\"color: #000080;\">Credenciales de discapacidad entregadas correspondientes a enero 2016 a Junio 2019<\/span><\/a><\/span><\/p>\n<p><span style=\"color: #000080;\"><a style=\"color: #000080;\" href=\"https:\/\/diftuxpan.com\/web1\/wp-content\/uploads\/2018\/05\/Fracci\u00f3n-VI-Inciso-G.pdf\">Requisitos para acceder al Tramite para Credencial de Discapacidad\u00a0<\/a><\/span><\/p>\n<p><span style=\"color: #000000;\">Departamento\u00a0 Jur\u00eddico<\/span><\/p>\n<p><span style=\"color: #000080;\"><a style=\"color: #000080;\" href=\"https:\/\/diftuxpan.com\/web1\/wp-content\/uploads\/2018\/05\/ADMINISTRACION-2018-VI-G.pdf\">Administraci\u00f3n\u00a0 2018 &#8211; 2021<\/a><\/span><\/p>\n<p>&nbsp;<\/p>\n","protected":false},"excerpt":{"rendered":"<p>concesiones, licencias, permisos, autorizaciones y dem\u00e1s actos administrativos Unidad B\u00e1sica de Rehabilitaci\u00f3n : \u00a0Credenciales de discapacidad entregadas correspondientes a enero 2016 a Junio 2019 Requisitos para<span class=\"excerpt-hellip\"> [\u2026]<\/span><\/p>\n","protected":false},"author":2,"featured_media":0,"parent":0,"menu_order":0,"comment_status":"closed","ping_status":"closed","template":"","meta":[],"_links":{"self":[{"href":"https:\/\/diftuxpan.com\/web1\/wp-json\/wp\/v2\/pages\/3667"}],"collection":[{"href":"https:\/\/diftuxpan.com\/web1\/wp-json\/wp\/v2\/pages"}],"about":[{"href":"https:\/\/diftuxpan.com\/web1\/wp-json\/wp\/v2\/types\/page"}],"author":[{"embeddable":true,"href":"https:\/\/diftuxpan.com\/web1\/wp-json\/wp\/v2\/users\/2"}],"replies":[{"embeddable":true,"href":"https:\/\/diftuxpan.com\/web1\/wp-json\/wp\/v2\/comments?post=3667"}],"version-history":[{"count":7,"href":"https:\/\/diftuxpan.com\/web1\/wp-json\/wp\/v2\/pages\/3667\/revisions"}],"predecessor-version":[{"id":5271,"href":"https:\/\/diftuxpan.com\/web1\/wp-json\/wp\/v2\/pages\/3667\/revisions\/5271"}],"wp:attachment":[{"href":"https:\/\/diftuxpan.com\/web1\/wp-json\/wp\/v2\/media?parent=3667"}],"curies":[{"name":"wp","href":"https:\/\/api.w.org\/{rel}","templated":true}]}}