{"id":3634,"date":"2018-05-16T10:00:41","date_gmt":"2018-05-16T16:00:41","guid":{"rendered":"http:\/\/diftuxpan.com\/web1\/?page_id=3634"},"modified":"2022-11-11T10:54:08","modified_gmt":"2022-11-11T16:54:08","slug":"contrato-de-prestacion-de-servicios-o-por-honorarios-y-el-gasto-realizado-por-concepto-de-pago-de-asesorias","status":"publish","type":"page","link":"https:\/\/diftuxpan.com\/web1\/contrato-de-prestacion-de-servicios-o-por-honorarios-y-el-gasto-realizado-por-concepto-de-pago-de-asesorias\/","title":{"rendered":"Contrato Prestaci\u00f3n de servicios o por honorarios, y el gasto pago de Asesor\u00edas"},"content":{"rendered":"<p><span style=\"color: #000080;\"><a style=\"color: #000080;\" href=\"http:\/\/diftuxpan.com\/web1\/wp-content\/uploads\/2018\/05\/contrato-de-prestaci\u00f3n-de-servicios-o-por-honorarios-y-el-gasto-realizado-por-concepto-de-pago-de-asesor\u00edas.pdf\">contrato de prestaci\u00f3n de servicios o por honorarios, y el gasto realizado por concepto de pago de asesor\u00edas<\/a><\/span><\/p>\n<p><span style=\"color: #000080;\"><a style=\"color: #000080;\" href=\"https:\/\/diftuxpan.com\/web1\/wp-content\/uploads\/2018\/05\/V-K-contrato-de-prestacion-de-servicios-o-por-honorarios-2018.pdf\">contrato de prestaci\u00f3n de servicios o por honorarios Administraci\u00f3n 2018-2021<\/a><\/span><\/p>\n<p>\u00a0<\/p>\n\n\n<p><\/p>\n","protected":false},"excerpt":{"rendered":"<p>contrato de prestaci\u00f3n de servicios o por honorarios, y el gasto realizado por concepto de pago de asesor\u00edas contrato de prestaci\u00f3n de servicios o por honorarios<span class=\"excerpt-hellip\"> [\u2026]<\/span><\/p>\n","protected":false},"author":2,"featured_media":0,"parent":0,"menu_order":0,"comment_status":"closed","ping_status":"closed","template":"","meta":[],"_links":{"self":[{"href":"https:\/\/diftuxpan.com\/web1\/wp-json\/wp\/v2\/pages\/3634"}],"collection":[{"href":"https:\/\/diftuxpan.com\/web1\/wp-json\/wp\/v2\/pages"}],"about":[{"href":"https:\/\/diftuxpan.com\/web1\/wp-json\/wp\/v2\/types\/page"}],"author":[{"embeddable":true,"href":"https:\/\/diftuxpan.com\/web1\/wp-json\/wp\/v2\/users\/2"}],"replies":[{"embeddable":true,"href":"https:\/\/diftuxpan.com\/web1\/wp-json\/wp\/v2\/comments?post=3634"}],"version-history":[{"count":5,"href":"https:\/\/diftuxpan.com\/web1\/wp-json\/wp\/v2\/pages\/3634\/revisions"}],"predecessor-version":[{"id":6608,"href":"https:\/\/diftuxpan.com\/web1\/wp-json\/wp\/v2\/pages\/3634\/revisions\/6608"}],"wp:attachment":[{"href":"https:\/\/diftuxpan.com\/web1\/wp-json\/wp\/v2\/media?parent=3634"}],"curies":[{"name":"wp","href":"https:\/\/api.w.org\/{rel}","templated":true}]}}