{"id":3602,"date":"2018-05-16T09:00:45","date_gmt":"2018-05-16T15:00:45","guid":{"rendered":"http:\/\/diftuxpan.com\/web1\/?page_id=3602"},"modified":"2020-04-03T10:34:04","modified_gmt":"2020-04-03T16:34:04","slug":"adjudicaciones-directas-en-materia-de-adquisiciones-obra-publica-proyectos-de-inversion-y-prestacion-de-servicios","status":"publish","type":"page","link":"https:\/\/diftuxpan.com\/web1\/adjudicaciones-directas-en-materia-de-adquisiciones-obra-publica-proyectos-de-inversion-y-prestacion-de-servicios\/","title":{"rendered":"Adjudicaciones Directas en Materia de Adquisiciones, obra p\u00fablica, proyectos de inversi\u00f3n y prestaci\u00f3n de servicios"},"content":{"rendered":"<p><span style=\"color: #000080;\"><a style=\"color: #000080;\" href=\"http:\/\/diftuxpan.com\/web1\/wp-content\/uploads\/2018\/05\/adjudicaciones-directas-en-materia-de-adquisiciones-obra-p\u00fablica-proyectos-de-inversi\u00f3n-y-prestaci\u00f3n-de-servicios.pdf\">Adjudicaciones directas en materia de adquisiciones, obra p\u00fablica, proyectos de inversi\u00f3n y prestaci\u00f3n de servicios<\/a><\/span><\/p>\n<p><span style=\"color: #000080;\"><a style=\"color: #000080;\" href=\"https:\/\/diftuxpan.com\/web1\/wp-content\/uploads\/2018\/05\/V-O-info-adjudicaciones-2018-2021.pdf\">\u00a0Informaci\u00f3n sobre\u00a0 adjudicaciones directas\u00a0 2018-2021<\/a><\/span><\/p>\n<p>&nbsp;<\/p>\n","protected":false},"excerpt":{"rendered":"<p>Adjudicaciones directas en materia de adquisiciones, obra p\u00fablica, proyectos de inversi\u00f3n y prestaci\u00f3n de servicios \u00a0Informaci\u00f3n sobre\u00a0 adjudicaciones directas\u00a0 2018-2021 &nbsp;<\/p>\n","protected":false},"author":2,"featured_media":0,"parent":0,"menu_order":0,"comment_status":"closed","ping_status":"closed","template":"","meta":[],"_links":{"self":[{"href":"https:\/\/diftuxpan.com\/web1\/wp-json\/wp\/v2\/pages\/3602"}],"collection":[{"href":"https:\/\/diftuxpan.com\/web1\/wp-json\/wp\/v2\/pages"}],"about":[{"href":"https:\/\/diftuxpan.com\/web1\/wp-json\/wp\/v2\/types\/page"}],"author":[{"embeddable":true,"href":"https:\/\/diftuxpan.com\/web1\/wp-json\/wp\/v2\/users\/2"}],"replies":[{"embeddable":true,"href":"https:\/\/diftuxpan.com\/web1\/wp-json\/wp\/v2\/comments?post=3602"}],"version-history":[{"count":6,"href":"https:\/\/diftuxpan.com\/web1\/wp-json\/wp\/v2\/pages\/3602\/revisions"}],"predecessor-version":[{"id":5604,"href":"https:\/\/diftuxpan.com\/web1\/wp-json\/wp\/v2\/pages\/3602\/revisions\/5604"}],"wp:attachment":[{"href":"https:\/\/diftuxpan.com\/web1\/wp-json\/wp\/v2\/media?parent=3602"}],"curies":[{"name":"wp","href":"https:\/\/api.w.org\/{rel}","templated":true}]}}