{"id":3592,"date":"2018-05-14T13:41:18","date_gmt":"2018-05-14T19:41:18","guid":{"rendered":"http:\/\/diftuxpan.com\/web1\/?page_id=3592"},"modified":"2019-05-24T09:46:55","modified_gmt":"2019-05-24T15:46:55","slug":"disposiciones-de-las-constituciones-politicas-federal-y-estatal","status":"publish","type":"page","link":"https:\/\/diftuxpan.com\/web1\/disposiciones-de-las-constituciones-politicas-federal-y-estatal\/","title":{"rendered":"Disposiciones de las Constituciones Pol\u00edticas Federal y Estatal"},"content":{"rendered":"<p><span style=\"color: #000080;\"><a style=\"color: #000080;\" href=\"http:\/\/diftuxpan.com\/web1\/wp-content\/uploads\/2018\/05\/CONSTITUCION-POLITICA-EDOS-UNIDOS-MEXICANOS.pdf\">Constituci\u00f3n Pol\u00edtica de los Estados Unidos Mexicanos\u00a0<\/a><\/span><\/p>\n<p><span style=\"color: #000080;\"><a style=\"color: #000080;\" href=\"http:\/\/diftuxpan.com\/web1\/wp-content\/uploads\/2018\/05\/CONSTITUCION-POLITICA-EDO-DE-JALISCO..pdf\">Constituci\u00f3n Pol\u00edtica del Estado de Jalisco.<\/a><\/span><\/p>\n<p><span style=\"color: #000080;\">A<a style=\"color: #000080;\" href=\"http:\/\/diftuxpan.com\/web1\/wp-content\/uploads\/2018\/05\/articulos-aplicables-de-la-Constitucion-Pol\u00edtica-de-los-Estados-Unidos-Mexicanos-1.pdf\">rticulos aplicables de la Constituci\u00f3n Pol\u00edtica de los Estados Unidos Mexicanos (1)<\/a><\/span><\/p>\n<p><span style=\"color: #000080;\">A<a style=\"color: #000080;\" href=\"http:\/\/diftuxpan.com\/web1\/wp-content\/uploads\/2018\/05\/articulos-aplicables-de-la-Constitucion-Pol\u00edtica-del-Estado-de-jalisco-2.pdf\">rticulos aplicables de la Constitucion Pol\u00edtica del Estado de jalisco (2)<\/a><\/span><\/p>\n<p>&nbsp;<\/p>\n","protected":false},"excerpt":{"rendered":"<p>Constituci\u00f3n Pol\u00edtica de los Estados Unidos Mexicanos\u00a0 Constituci\u00f3n Pol\u00edtica del Estado de Jalisco. Articulos aplicables de la Constituci\u00f3n Pol\u00edtica de los Estados Unidos Mexicanos (1) Articulos<span class=\"excerpt-hellip\"> [\u2026]<\/span><\/p>\n","protected":false},"author":2,"featured_media":0,"parent":0,"menu_order":0,"comment_status":"closed","ping_status":"closed","template":"","meta":[],"_links":{"self":[{"href":"https:\/\/diftuxpan.com\/web1\/wp-json\/wp\/v2\/pages\/3592"}],"collection":[{"href":"https:\/\/diftuxpan.com\/web1\/wp-json\/wp\/v2\/pages"}],"about":[{"href":"https:\/\/diftuxpan.com\/web1\/wp-json\/wp\/v2\/types\/page"}],"author":[{"embeddable":true,"href":"https:\/\/diftuxpan.com\/web1\/wp-json\/wp\/v2\/users\/2"}],"replies":[{"embeddable":true,"href":"https:\/\/diftuxpan.com\/web1\/wp-json\/wp\/v2\/comments?post=3592"}],"version-history":[{"count":6,"href":"https:\/\/diftuxpan.com\/web1\/wp-json\/wp\/v2\/pages\/3592\/revisions"}],"predecessor-version":[{"id":4530,"href":"https:\/\/diftuxpan.com\/web1\/wp-json\/wp\/v2\/pages\/3592\/revisions\/4530"}],"wp:attachment":[{"href":"https:\/\/diftuxpan.com\/web1\/wp-json\/wp\/v2\/media?parent=3592"}],"curies":[{"name":"wp","href":"https:\/\/api.w.org\/{rel}","templated":true}]}}