{"id":3514,"date":"2018-05-11T10:46:45","date_gmt":"2018-05-11T16:46:45","guid":{"rendered":"http:\/\/diftuxpan.com\/web1\/?page_id=3514"},"modified":"2019-05-24T08:29:58","modified_gmt":"2019-05-24T14:29:58","slug":"el-manual-y-formato-de-solicitud-de-informacion-publica","status":"publish","type":"page","link":"https:\/\/diftuxpan.com\/web1\/el-manual-y-formato-de-solicitud-de-informacion-publica\/","title":{"rendered":"Manual  y Formato de Solicitud de Informaci\u00f3n P\u00fablica;"},"content":{"rendered":"<p><span style=\"color: #000080;\"><a style=\"color: #000080;\" href=\"https:\/\/diftuxpan.com\/web1\/wp-content\/uploads\/2018\/05\/FORMATO-SOLICITUD-INFORMACION-1-1.docx\">Formato solicitud de\u00a0 informaci\u00f3n (1)<\/a><\/span><\/p>\n<p><span style=\"color: #000080;\"><a style=\"color: #000080;\" href=\"https:\/\/diftuxpan.com\/web1\/wp-content\/uploads\/2018\/05\/MANUAL-PARA-SOLICITUD-DE-INFORMACION-PUBLICA-1.docx\">Manual para solicitud de informaci\u00f3n p\u00fablica\u00a0<\/a><\/span><\/p>\n<p><span style=\"color: #000080;\"><a style=\"color: #000080;\" href=\"https:\/\/diftuxpan.com\/web1\/MANUAL DEL SISTEMA INFOMEX.pdf\">Manual Sistema INFOMEX<\/a><\/span><\/p>\n","protected":false},"excerpt":{"rendered":"<p>Formato solicitud de\u00a0 informaci\u00f3n (1) Manual para solicitud de informaci\u00f3n p\u00fablica\u00a0 Manual Sistema INFOMEX<\/p>\n","protected":false},"author":2,"featured_media":0,"parent":0,"menu_order":0,"comment_status":"closed","ping_status":"closed","template":"","meta":[],"_links":{"self":[{"href":"https:\/\/diftuxpan.com\/web1\/wp-json\/wp\/v2\/pages\/3514"}],"collection":[{"href":"https:\/\/diftuxpan.com\/web1\/wp-json\/wp\/v2\/pages"}],"about":[{"href":"https:\/\/diftuxpan.com\/web1\/wp-json\/wp\/v2\/types\/page"}],"author":[{"embeddable":true,"href":"https:\/\/diftuxpan.com\/web1\/wp-json\/wp\/v2\/users\/2"}],"replies":[{"embeddable":true,"href":"https:\/\/diftuxpan.com\/web1\/wp-json\/wp\/v2\/comments?post=3514"}],"version-history":[{"count":8,"href":"https:\/\/diftuxpan.com\/web1\/wp-json\/wp\/v2\/pages\/3514\/revisions"}],"predecessor-version":[{"id":4510,"href":"https:\/\/diftuxpan.com\/web1\/wp-json\/wp\/v2\/pages\/3514\/revisions\/4510"}],"wp:attachment":[{"href":"https:\/\/diftuxpan.com\/web1\/wp-json\/wp\/v2\/media?parent=3514"}],"curies":[{"name":"wp","href":"https:\/\/api.w.org\/{rel}","templated":true}]}}