{"id":3491,"date":"2018-05-11T09:06:41","date_gmt":"2018-05-11T15:06:41","guid":{"rendered":"http:\/\/diftuxpan.com\/web1\/?page_id=3491"},"modified":"2020-05-06T09:36:54","modified_gmt":"2020-05-06T15:36:54","slug":"los-lineamientos-generales-que-emita-el-sistema-nacional-2","status":"publish","type":"page","link":"https:\/\/diftuxpan.com\/web1\/los-lineamientos-generales-que-emita-el-sistema-nacional-2\/","title":{"rendered":"Lineamientos Generales que emita el Sistema Nacional"},"content":{"rendered":"<p><span style=\"color: #000080;\"><a style=\"color: #000080;\" href=\"https:\/\/diftuxpan.com\/web1\/wp-content\/uploads\/2018\/05\/ADMINISTRACI\u00d3N-2018-2021.docx\">ADMINISTRACI\u00d3N 2018-2021<\/a><\/span><\/p>\n<p><span style=\"color: #000080;\"><a style=\"color: #000080;\" href=\"https:\/\/diftuxpan.com\/web1\/wp-content\/uploads\/2018\/05\/Lineamientos-para-la-Organizaci\u00f3n-y-Conservaci\u00f3n-de-los-Archivos.doc\">Acuerdo del Consejo Nacional del Sistema Nacional de Transparencia, Acceso a la Informacion Publica y Protecion de Datos Personales,por el que se aprueban los Lineamientos para la Organizacion y Conservacion de Archivos<\/a><\/span><\/p>\n<p><span style=\"color: #000080;\"><a style=\"color: #000080;\" href=\"https:\/\/diftuxpan.com\/web1\/wp-content\/uploads\/2018\/05\/ACUERDO-del-Consejo-Nacional-del-Sistema-Nacional-de-Transparencia-Acceso-a-la-Informaci\u00f3n-P\u00fablica-y-Protecci\u00f3n-de-Datos-Personales.doc\">ACUERDO del Consejo Nacional del Sistema Nacional de Transparencia, Acceso a la Informaci\u00f3n P\u00fablica y Protecci\u00f3n de Datos Personales<\/a><\/span><\/p>\n<p><span style=\"color: #000080;\"><a style=\"color: #000080;\" href=\"https:\/\/diftuxpan.com\/web1\/wp-content\/uploads\/2018\/05\/ACUERDO-del-Consejo-Nacional-del-Sistema-Nacional-de-Transparencia-Acceso.doc\">ACUERDO del Consejo Nacional del Sistema Nacional de Transparencia, Acceso a la Informaci\u00f3n P\u00fablica y Protecci\u00f3n de Datos Personales, por el que se aprueban los Lineamientos para la implementaci\u00f3n y operaci\u00f3n de la Plataforma Nacional de Transparencia.<\/a><\/span><\/p>\n<p><span style=\"color: #000080;\"><a style=\"color: #000080;\" href=\"https:\/\/diftuxpan.com\/web1\/wp-content\/uploads\/2018\/05\/ACUERDO-del-Consejo-Nacional-del-Sistema-Nacional-de-Transparencia-Acceso-a-la-Informaci%C3%B3n-P%C3%BAblica-y-Pro.docx\">ACUERDO del Consejo Nacional del Sistema Nacional de Transparencia, Acceso a la Informaci\u00f3n P\u00fablica y Protecci\u00f3n de Datos Personales, por el que se aprueban los Lineamientos generales en materia de clasificaci\u00f3n y desclasificaci\u00f3n de la informaci\u00f3n, as\u00ed como para la elaboraci\u00f3n de versiones p\u00fablicas.<\/a><\/span><\/p>\n<p><span style=\"color: #000080;\"><a style=\"color: #000080;\" href=\"https:\/\/diftuxpan.com\/web1\/wp-content\/uploads\/2018\/05\/ACUERDO-del-Consejo-Nacional-del-Sistema-Nacional-de-Transparencia-Acceso-a-la-Informaci%C3%B3n-P%C3%BAblica-y-Protecci%C3%B3n-de-Datos-Personales-por-el-que-se-aprueban-l.doc\">ACUERDO del Consejo Nacional del Sistema Nacional de Transparencia, Acceso a la Informaci\u00f3n P\u00fablica y Protecci\u00f3n de Datos Personales, por el que se aprueban los Lineamientos para la elaboraci\u00f3n, ejecuci\u00f3n y evaluaci\u00f3n del Programa Nacional de Transparencia y Acceso a la Informaci\u00f3n.<\/a><\/span><\/p>\n<p><span style=\"color: #000080;\"><a style=\"color: #000080;\" href=\"https:\/\/diftuxpan.com\/web1\/wp-content\/uploads\/2018\/05\/que-deben-de-difundir-los-sujetos-obligados-en-los-portales-de-Internet-y-en-la-Plataforma-Nacional-de-Transparencia.doc\">ACUERDO del Consejo Nacional del Sistema Nacional de Transparencia, Acceso a la Informaci\u00f3n P\u00fablica y Protecci\u00f3n de Datos Personales, por el que se aprueban los Lineamientos t\u00e9cnicos generales para la publicaci\u00f3n, homologaci\u00f3n y estandarizaci\u00f3n de la informaci\u00f3n de las obligaciones establecidas en el t\u00edtulo quinto y en la fracci\u00f3n IV del art\u00edculo 31 de la Ley General de Transparencia y Acceso a la Informaci\u00f3n P\u00fablica, que deben de difundir los sujetos obligados en los portales de Internet y en la Plataforma Nacional de Transparencia. (Contin\u00faa en la Octava Secci\u00f3n)<\/a><\/span><\/p>\n<p><span style=\"color: #000080;\"><a style=\"color: #000080;\" href=\"https:\/\/diftuxpan.com\/web1\/wp-content\/uploads\/2018\/05\/que-deben-de-difundir-los-sujetos-obligados-en-los-portales-de-Internet-y-en-la-Plataforma-Nacional-de-Transparencia-1.doc\">ACUERDO del Consejo Nacional del Sistema Nacional de Transparencia, Acceso a la Informaci\u00f3n P\u00fablica y Protecci\u00f3n de Datos Personales, por el que se aprueban los Lineamientos t\u00e9cnicos generales para la publicaci\u00f3n, homologaci\u00f3n y estandarizaci\u00f3n de la informaci\u00f3n de las obligaciones establecidas en el t\u00edtulo quinto y en la fracci\u00f3n IV del art\u00edculo 31 de la Ley General de Transparencia y Acceso a la Informaci\u00f3n P\u00fablica, que deben de difundir los sujetos obligados en los portales de Internet y en la Plataforma Nacional de Transparencia. (Contin\u00faa en la Octava Secci\u00f3n)<\/a><\/span><\/p>\n<p><span style=\"color: #000080;\"><a style=\"color: #000080;\" href=\"https:\/\/diftuxpan.com\/web1\/wp-content\/uploads\/2018\/05\/acuerdo_directorio_de_cuenta_de_redes_sociales.pdf\">ACUERDO\u00a0 directorio de cuenta de redes sociales<\/a><\/span><\/p>\n<p><span style=\"color: #000080;\"><a style=\"color: #000080;\" href=\"https:\/\/diftuxpan.com\/web1\/wp-content\/uploads\/2018\/05\/criterio_de_interpretacion_001-2019.pdf\">Criterio de Interpretaci\u00f3n 001-2019<\/a><\/span><\/p>\n<p><span style=\"color: #000080;\"><a style=\"color: #000080;\" href=\"https:\/\/diftuxpan.com\/web1\/wp-content\/uploads\/2018\/05\/acuerdo_recursos_de_transparencia.pdf\">Acuerdo Recursos de Transparencia<\/a><\/span><\/p>\n<p><span style=\"color: #000080;\"><a style=\"color: #000080;\" href=\"https:\/\/diftuxpan.com\/web1\/wp-content\/uploads\/2018\/05\/criterio_de_interpretacion_03-2019.pdf\">Criterio de Interpretaci\u00f3n 03-2019<\/a><\/span><\/p>\n<p><span style=\"color: #000080;\"><a style=\"color: #000080;\" href=\"https:\/\/diftuxpan.com\/web1\/wp-content\/uploads\/2018\/05\/acuerdo_directorio_de_cuentas_de_redes_sociales_digitales.pdf\">Acuerdo directorio de cuentas de redes sociales digitales<\/a><\/span><\/p>\n<p><span style=\"color: #000080;\"><a style=\"color: #000080;\" href=\"https:\/\/diftuxpan.com\/web1\/wp-content\/uploads\/2018\/05\/acuerdo_lineamientos_datos_personales.pdf\">Acuerdo lineamientos datos personales<\/a><\/span><\/p>\n<p>&nbsp;<\/p>\n<p>&nbsp;<\/p>\n<p>&nbsp;<\/p>\n","protected":false},"excerpt":{"rendered":"<p>ADMINISTRACI\u00d3N 2018-2021 Acuerdo del Consejo Nacional del Sistema Nacional de Transparencia, Acceso a la Informacion Publica y Protecion de Datos Personales,por el que se aprueban los<span class=\"excerpt-hellip\"> [\u2026]<\/span><\/p>\n","protected":false},"author":2,"featured_media":0,"parent":0,"menu_order":0,"comment_status":"closed","ping_status":"closed","template":"","meta":[],"_links":{"self":[{"href":"https:\/\/diftuxpan.com\/web1\/wp-json\/wp\/v2\/pages\/3491"}],"collection":[{"href":"https:\/\/diftuxpan.com\/web1\/wp-json\/wp\/v2\/pages"}],"about":[{"href":"https:\/\/diftuxpan.com\/web1\/wp-json\/wp\/v2\/types\/page"}],"author":[{"embeddable":true,"href":"https:\/\/diftuxpan.com\/web1\/wp-json\/wp\/v2\/users\/2"}],"replies":[{"embeddable":true,"href":"https:\/\/diftuxpan.com\/web1\/wp-json\/wp\/v2\/comments?post=3491"}],"version-history":[{"count":13,"href":"https:\/\/diftuxpan.com\/web1\/wp-json\/wp\/v2\/pages\/3491\/revisions"}],"predecessor-version":[{"id":4284,"href":"https:\/\/diftuxpan.com\/web1\/wp-json\/wp\/v2\/pages\/3491\/revisions\/4284"}],"wp:attachment":[{"href":"https:\/\/diftuxpan.com\/web1\/wp-json\/wp\/v2\/media?parent=3491"}],"curies":[{"name":"wp","href":"https:\/\/api.w.org\/{rel}","templated":true}]}}