{"id":3449,"date":"2018-04-12T09:15:43","date_gmt":"2018-04-12T15:15:43","guid":{"rendered":"http:\/\/diftuxpan.com\/web1\/?page_id=3449"},"modified":"2020-04-03T10:32:20","modified_gmt":"2020-04-03T16:32:20","slug":"5-q","status":"publish","type":"page","link":"https:\/\/diftuxpan.com\/web1\/5-q\/","title":{"rendered":"Nombre, denominaci\u00f3n o raz\u00f3n social y clave del Registro Federal de Contribuyentes de quienes se les hubiera cancelado, condonado alg\u00fan cr\u00e9dito fiscal,  montos as\u00ed como  informaci\u00f3n estad\u00edstica sobre las exenciones."},"content":{"rendered":"<p><span style=\"color: #000080;\"><a style=\"color: #000080;\" href=\"https:\/\/diftuxpan.com\/web1\/wp-content\/uploads\/2018\/04\/V-Q-Condonacion-de-creditos-fiscales-2015-2018.pdf\">\u00a0Condonacion de creditos fiscales 2015-2018<\/a><\/span><\/p>\n<p><span style=\"color: #000080;\"><a style=\"color: #000080;\" href=\"https:\/\/diftuxpan.com\/web1\/wp-content\/uploads\/2018\/04\/V-Q-Condonacion-de-creditos-fiscales-2018-2021.pdf\">\u00a0Condonacion de creditos fiscales 2018-2021<\/a><\/span><\/p>\n","protected":false},"excerpt":{"rendered":"<p>\u00a0Condonacion de creditos fiscales 2015-2018 \u00a0Condonacion de creditos fiscales 2018-2021<\/p>\n","protected":false},"author":2,"featured_media":0,"parent":0,"menu_order":0,"comment_status":"closed","ping_status":"closed","template":"","meta":[],"_links":{"self":[{"href":"https:\/\/diftuxpan.com\/web1\/wp-json\/wp\/v2\/pages\/3449"}],"collection":[{"href":"https:\/\/diftuxpan.com\/web1\/wp-json\/wp\/v2\/pages"}],"about":[{"href":"https:\/\/diftuxpan.com\/web1\/wp-json\/wp\/v2\/types\/page"}],"author":[{"embeddable":true,"href":"https:\/\/diftuxpan.com\/web1\/wp-json\/wp\/v2\/users\/2"}],"replies":[{"embeddable":true,"href":"https:\/\/diftuxpan.com\/web1\/wp-json\/wp\/v2\/comments?post=3449"}],"version-history":[{"count":7,"href":"https:\/\/diftuxpan.com\/web1\/wp-json\/wp\/v2\/pages\/3449\/revisions"}],"predecessor-version":[{"id":5603,"href":"https:\/\/diftuxpan.com\/web1\/wp-json\/wp\/v2\/pages\/3449\/revisions\/5603"}],"wp:attachment":[{"href":"https:\/\/diftuxpan.com\/web1\/wp-json\/wp\/v2\/media?parent=3449"}],"curies":[{"name":"wp","href":"https:\/\/api.w.org\/{rel}","templated":true}]}}