{"id":3234,"date":"2018-03-26T13:43:44","date_gmt":"2018-03-26T19:43:44","guid":{"rendered":"http:\/\/diftuxpan.com\/web1\/?page_id=3234"},"modified":"2019-07-08T11:06:14","modified_gmt":"2019-07-08T17:06:14","slug":"8-3e","status":"publish","type":"page","link":"https:\/\/diftuxpan.com\/web1\/8-3e\/","title":{"rendered":"Programas  Regionales"},"content":{"rendered":"<p>&nbsp;<\/p>\n<p><span style=\"color: #000080;\"><a style=\"color: #000080;\" href=\"https:\/\/diftuxpan.com\/web1\/wp-content\/uploads\/2019\/07\/Reglas-de-Operaci\u00f3n-2019-Ayuda-Alimentaria-Directa.pdf\">Reglas de Operaci\u00f3n 2019 Ayuda Alimentaria Directa<\/a><\/span><\/p>\n<p><span style=\"color: #000080;\"><a style=\"color: #000080;\" href=\"https:\/\/diftuxpan.com\/web1\/wp-content\/uploads\/2019\/07\/Reglas-de-Operaci\u00f3n-2019-Desayunos-Escolares.pdf\">Reglas de Operaci\u00f3n 2019 Desayunos Escolares<\/a><\/span><\/p>\n<p><span style=\"color: #000080;\"><a style=\"color: #000080;\" href=\"https:\/\/diftuxpan.com\/web1\/wp-content\/uploads\/2019\/07\/Reglas-de-Operaci\u00f3n-2019-Nutrici\u00f3n-Extraescolar.pdf\">Reglas de Operaci\u00f3n 2019 Nutrici\u00f3n Extraescolar<\/a><\/span><\/p>\n<p><span style=\"color: #000080;\"><a style=\"color: #000080;\" href=\"https:\/\/diftuxpan.com\/web1\/wp-content\/uploads\/2018\/03\/Ficha-t\u00e9cnica-del-programa-Nutricion-Extraescolar.pdf\">Ficha t\u00e9cnica del programa Nutrici\u00f3n Extraescolar<\/a><\/span><\/p>\n<p>&nbsp;<\/p>\n","protected":false},"excerpt":{"rendered":"<p>&nbsp; Reglas de Operaci\u00f3n 2019 Ayuda Alimentaria Directa Reglas de Operaci\u00f3n 2019 Desayunos Escolares Reglas de Operaci\u00f3n 2019 Nutrici\u00f3n Extraescolar Ficha t\u00e9cnica del programa Nutrici\u00f3n Extraescolar<span class=\"excerpt-hellip\"> [\u2026]<\/span><\/p>\n","protected":false},"author":2,"featured_media":0,"parent":0,"menu_order":0,"comment_status":"closed","ping_status":"closed","template":"","meta":[],"_links":{"self":[{"href":"https:\/\/diftuxpan.com\/web1\/wp-json\/wp\/v2\/pages\/3234"}],"collection":[{"href":"https:\/\/diftuxpan.com\/web1\/wp-json\/wp\/v2\/pages"}],"about":[{"href":"https:\/\/diftuxpan.com\/web1\/wp-json\/wp\/v2\/types\/page"}],"author":[{"embeddable":true,"href":"https:\/\/diftuxpan.com\/web1\/wp-json\/wp\/v2\/users\/2"}],"replies":[{"embeddable":true,"href":"https:\/\/diftuxpan.com\/web1\/wp-json\/wp\/v2\/comments?post=3234"}],"version-history":[{"count":11,"href":"https:\/\/diftuxpan.com\/web1\/wp-json\/wp\/v2\/pages\/3234\/revisions"}],"predecessor-version":[{"id":4929,"href":"https:\/\/diftuxpan.com\/web1\/wp-json\/wp\/v2\/pages\/3234\/revisions\/4929"}],"wp:attachment":[{"href":"https:\/\/diftuxpan.com\/web1\/wp-json\/wp\/v2\/media?parent=3234"}],"curies":[{"name":"wp","href":"https:\/\/api.w.org\/{rel}","templated":true}]}}