{"id":10,"date":"2015-10-15T11:36:58","date_gmt":"2015-10-15T17:36:58","guid":{"rendered":"http:\/\/diftuxpan.com\/web1\/?page_id=10"},"modified":"2016-05-11T22:25:43","modified_gmt":"2016-05-12T04:25:43","slug":"quienes-somos","status":"publish","type":"page","link":"https:\/\/diftuxpan.com\/web1\/quienes-somos\/","title":{"rendered":"QUIENES SOMOS"},"content":{"rendered":"<p>&nbsp;<\/p>\n<p><a href=\"http:\/\/diftuxpan.com\/web1\/wp-content\/uploads\/2015\/10\/patricia-ba\u00f1ales-hernandez-presidenta-dif.jpg\"><img loading=\"lazy\" class=\"aligncenter wp-image-95 size-medium\" src=\"http:\/\/diftuxpan.com\/web1\/wp-content\/uploads\/2015\/10\/patricia-ba\u00f1ales-hernandez-presidenta-dif-214x300.jpg\" alt=\"patricia ba\u00f1ales hernandez presidenta dif\" width=\"214\" height=\"300\" srcset=\"https:\/\/diftuxpan.com\/web1\/wp-content\/uploads\/2015\/10\/patricia-ba\u00f1ales-hernandez-presidenta-dif-214x300.jpg 214w, https:\/\/diftuxpan.com\/web1\/wp-content\/uploads\/2015\/10\/patricia-ba\u00f1ales-hernandez-presidenta-dif-731x1024.jpg 731w, https:\/\/diftuxpan.com\/web1\/wp-content\/uploads\/2015\/10\/patricia-ba\u00f1ales-hernandez-presidenta-dif.jpg 1500w\" sizes=\"(max-width: 214px) 100vw, 214px\" \/><\/a><\/p>\n<p style=\"text-align: center;\"><strong>Sra. Patricia Ba\u00f1ales Hern\u00e1ndez<\/strong><\/p>\n<p style=\"text-align: center;\"><strong>Presidenta del Sistema DIF Tuxpan<\/strong><\/p>\n<hr \/>\n<p>&nbsp;<\/p>\n<p><a href=\"http:\/\/diftuxpan.com\/web1\/wp-content\/uploads\/2015\/10\/EDGAR-RENTERIA.jpg\"><img loading=\"lazy\" class=\"wp-image-888 aligncenter\" src=\"http:\/\/diftuxpan.com\/web1\/wp-content\/uploads\/2015\/10\/EDGAR-RENTERIA-1024x683.jpg\" alt=\"EDGAR RENTERIA\" width=\"300\" height=\"200\" srcset=\"https:\/\/diftuxpan.com\/web1\/wp-content\/uploads\/2015\/10\/EDGAR-RENTERIA-1024x683.jpg 1024w, https:\/\/diftuxpan.com\/web1\/wp-content\/uploads\/2015\/10\/EDGAR-RENTERIA-300x200.jpg 300w, https:\/\/diftuxpan.com\/web1\/wp-content\/uploads\/2015\/10\/EDGAR-RENTERIA.jpg 1818w\" sizes=\"(max-width: 300px) 100vw, 300px\" \/><\/a><\/p>\n<p style=\"text-align: center;\"><b>Lic. Edgar Renter\u00eda S\u00e1nchez<\/b><\/p>\n<p style=\"text-align: center;\"><strong>Director General<\/strong><\/p>\n<hr \/>\n<p>&nbsp;<\/p>\n<p>&nbsp;<\/p>\n<p style=\"text-align: center;\">\u00a0\u00a0\u00a0<a href=\"http:\/\/diftuxpan.com\/web1\/wp-content\/uploads\/2015\/10\/Elena-Villalobos-Sanchez-administracion.jpg\"><img loading=\"lazy\" class=\"alignnone wp-image-88 size-medium\" src=\"http:\/\/diftuxpan.com\/web1\/wp-content\/uploads\/2015\/10\/Elena-Villalobos-Sanchez-administracion-214x300.jpg\" alt=\"Elena Villalobos Sanchez administracion\" width=\"214\" height=\"300\" srcset=\"https:\/\/diftuxpan.com\/web1\/wp-content\/uploads\/2015\/10\/Elena-Villalobos-Sanchez-administracion-214x300.jpg 214w, https:\/\/diftuxpan.com\/web1\/wp-content\/uploads\/2015\/10\/Elena-Villalobos-Sanchez-administracion-731x1024.jpg 731w, https:\/\/diftuxpan.com\/web1\/wp-content\/uploads\/2015\/10\/Elena-Villalobos-Sanchez-administracion.jpg 1500w\" sizes=\"(max-width: 214px) 100vw, 214px\" \/><\/a><\/p>\n<p style=\"text-align: center;\"><strong>L.A.E. Elena Villalobos S\u00e1nchez<\/strong><\/p>\n<p style=\"text-align: center;\"><strong>Administraci\u00f3n\u00a0<\/strong><\/p>\n<hr \/>\n<p>&nbsp;<\/p>\n<p style=\"text-align: center;\"><a href=\"http:\/\/diftuxpan.com\/web1\/wp-content\/uploads\/2015\/10\/carlos-jose-mendoza-figueroa-administracion.jpg\"><img loading=\"lazy\" class=\"aligncenter wp-image-85 size-medium\" src=\"http:\/\/diftuxpan.com\/web1\/wp-content\/uploads\/2015\/10\/carlos-jose-mendoza-figueroa-administracion-214x300.jpg\" alt=\"carlos jose mendoza figueroa administracion\" width=\"214\" height=\"300\" srcset=\"https:\/\/diftuxpan.com\/web1\/wp-content\/uploads\/2015\/10\/carlos-jose-mendoza-figueroa-administracion-214x300.jpg 214w, https:\/\/diftuxpan.com\/web1\/wp-content\/uploads\/2015\/10\/carlos-jose-mendoza-figueroa-administracion-731x1024.jpg 731w, https:\/\/diftuxpan.com\/web1\/wp-content\/uploads\/2015\/10\/carlos-jose-mendoza-figueroa-administracion.jpg 1500w\" sizes=\"(max-width: 214px) 100vw, 214px\" \/><\/a><\/p>\n<p style=\"text-align: center;\"><strong>L.C. Carlos Jos\u00e9 Mendoza Figueroa<\/strong><\/p>\n<p style=\"text-align: center;\"><strong>AUXILIAR DE ADMINISTRACI\u00d3N<\/strong><\/p>\n<hr \/>\n<p style=\"text-align: center;\"><a href=\"http:\/\/diftuxpan.com\/web1\/wp-content\/uploads\/2015\/10\/graciela-diaz-mora-recepcion.jpg\"><img loading=\"lazy\" class=\"alignnone wp-image-90 size-medium\" src=\"http:\/\/diftuxpan.com\/web1\/wp-content\/uploads\/2015\/10\/graciela-diaz-mora-recepcion-214x300.jpg\" alt=\"graciela diaz mora recepcion\" width=\"214\" height=\"300\" srcset=\"https:\/\/diftuxpan.com\/web1\/wp-content\/uploads\/2015\/10\/graciela-diaz-mora-recepcion-214x300.jpg 214w, https:\/\/diftuxpan.com\/web1\/wp-content\/uploads\/2015\/10\/graciela-diaz-mora-recepcion-731x1024.jpg 731w, https:\/\/diftuxpan.com\/web1\/wp-content\/uploads\/2015\/10\/graciela-diaz-mora-recepcion.jpg 1500w\" sizes=\"(max-width: 214px) 100vw, 214px\" \/><\/a><\/p>\n<p style=\"text-align: center;\"><strong>Tec. Graciela D\u00edaz Mora<\/strong><\/p>\n<p style=\"text-align: center;\"><strong>Recepci\u00f3n<\/strong><\/p>\n<hr \/>\n<p>&nbsp;<\/p>\n<p style=\"text-align: center;\"><a href=\"http:\/\/diftuxpan.com\/web1\/wp-content\/uploads\/2015\/10\/mirian-janeth-mtz-urtiz.jpg\"><img loading=\"lazy\" class=\"alignnone wp-image-94 size-medium\" src=\"http:\/\/diftuxpan.com\/web1\/wp-content\/uploads\/2015\/10\/mirian-janeth-mtz-urtiz-214x300.jpg\" alt=\"mirian janeth mtz urtiz\" width=\"214\" height=\"300\" srcset=\"https:\/\/diftuxpan.com\/web1\/wp-content\/uploads\/2015\/10\/mirian-janeth-mtz-urtiz-214x300.jpg 214w, https:\/\/diftuxpan.com\/web1\/wp-content\/uploads\/2015\/10\/mirian-janeth-mtz-urtiz-731x1024.jpg 731w, https:\/\/diftuxpan.com\/web1\/wp-content\/uploads\/2015\/10\/mirian-janeth-mtz-urtiz.jpg 1500w\" sizes=\"(max-width: 214px) 100vw, 214px\" \/><\/a><\/p>\n<p style=\"text-align: center;\"><strong>Lic. Miriam Janeth Mart\u00ednez Urtiz<\/strong><\/p>\n<p style=\"text-align: center;\"><strong>Trabajo Social<\/strong><\/p>\n<hr \/>\n<p style=\"text-align: center;\"><a href=\"http:\/\/diftuxpan.com\/web1\/wp-content\/uploads\/2015\/10\/edith-araceli-martinez-capacitacion-al-trabajo.jpg\"><img loading=\"lazy\" class=\"alignnone wp-image-87 size-medium\" src=\"http:\/\/diftuxpan.com\/web1\/wp-content\/uploads\/2015\/10\/edith-araceli-martinez-capacitacion-al-trabajo-214x300.jpg\" alt=\"edith araceli martinez capacitacion al trabajo\" width=\"214\" height=\"300\" srcset=\"https:\/\/diftuxpan.com\/web1\/wp-content\/uploads\/2015\/10\/edith-araceli-martinez-capacitacion-al-trabajo-214x300.jpg 214w, https:\/\/diftuxpan.com\/web1\/wp-content\/uploads\/2015\/10\/edith-araceli-martinez-capacitacion-al-trabajo-731x1024.jpg 731w, https:\/\/diftuxpan.com\/web1\/wp-content\/uploads\/2015\/10\/edith-araceli-martinez-capacitacion-al-trabajo.jpg 1500w\" sizes=\"(max-width: 214px) 100vw, 214px\" \/><\/a><\/p>\n<p style=\"text-align: center;\"><strong>Tec. Edith Araceli Mart\u00ednez Vazquez<\/strong><\/p>\n<p style=\"text-align: center;\"><strong>Capacitaci\u00f3n Al Trabajo<\/strong><\/p>\n<hr \/>\n<p>&nbsp;<\/p>\n<p style=\"text-align: center;\"><a href=\"http:\/\/diftuxpan.com\/web1\/wp-content\/uploads\/2015\/10\/silvia-sanchez-ramirez-desarrollo-comunitario.jpg\"><img loading=\"lazy\" class=\"alignnone wp-image-99 size-medium\" src=\"http:\/\/diftuxpan.com\/web1\/wp-content\/uploads\/2015\/10\/silvia-sanchez-ramirez-desarrollo-comunitario-214x300.jpg\" alt=\"silvia sanchez ramirez desarrollo comunitario\" width=\"214\" height=\"300\" srcset=\"https:\/\/diftuxpan.com\/web1\/wp-content\/uploads\/2015\/10\/silvia-sanchez-ramirez-desarrollo-comunitario-214x300.jpg 214w, https:\/\/diftuxpan.com\/web1\/wp-content\/uploads\/2015\/10\/silvia-sanchez-ramirez-desarrollo-comunitario-731x1024.jpg 731w, https:\/\/diftuxpan.com\/web1\/wp-content\/uploads\/2015\/10\/silvia-sanchez-ramirez-desarrollo-comunitario.jpg 1500w\" sizes=\"(max-width: 214px) 100vw, 214px\" \/><\/a><\/p>\n<p style=\"text-align: center;\"><strong>Lic. Silvia S\u00e1nchez Ram\u00edrez<\/strong><\/p>\n<p style=\"text-align: center;\"><strong>Desarrollo Comunitario<\/strong><\/p>\n<hr \/>\n<p>&nbsp;<\/p>\n<p style=\"text-align: center;\"><a href=\"http:\/\/diftuxpan.com\/web1\/wp-content\/uploads\/2015\/10\/maria-de-jesus-garcia-medina-psicologa.jpg\"><img loading=\"lazy\" class=\"alignnone wp-image-93 size-medium\" src=\"http:\/\/diftuxpan.com\/web1\/wp-content\/uploads\/2015\/10\/maria-de-jesus-garcia-medina-psicologa-214x300.jpg\" alt=\"maria de jesus garcia medina psicologa\" width=\"214\" height=\"300\" srcset=\"https:\/\/diftuxpan.com\/web1\/wp-content\/uploads\/2015\/10\/maria-de-jesus-garcia-medina-psicologa-214x300.jpg 214w, https:\/\/diftuxpan.com\/web1\/wp-content\/uploads\/2015\/10\/maria-de-jesus-garcia-medina-psicologa-731x1024.jpg 731w, https:\/\/diftuxpan.com\/web1\/wp-content\/uploads\/2015\/10\/maria-de-jesus-garcia-medina-psicologa.jpg 1500w\" sizes=\"(max-width: 214px) 100vw, 214px\" \/><\/a><\/p>\n<p style=\"text-align: center;\"><strong>Lic. Mar\u00eda de Jes\u00fas Gac\u00eda Medina<\/strong><\/p>\n<p style=\"text-align: center;\"><strong>Psic\u00f3loga ( PREVEP)<\/strong><\/p>\n<hr \/>\n<p>&nbsp;<\/p>\n<p style=\"text-align: center;\"><a href=\"http:\/\/diftuxpan.com\/web1\/wp-content\/uploads\/2015\/10\/yola.jpg\"><img loading=\"lazy\" class=\"alignnone wp-image-101 size-medium\" src=\"http:\/\/diftuxpan.com\/web1\/wp-content\/uploads\/2015\/10\/yola-214x300.jpg\" alt=\"yola\" width=\"214\" height=\"300\" srcset=\"https:\/\/diftuxpan.com\/web1\/wp-content\/uploads\/2015\/10\/yola-214x300.jpg 214w, https:\/\/diftuxpan.com\/web1\/wp-content\/uploads\/2015\/10\/yola-731x1024.jpg 731w, https:\/\/diftuxpan.com\/web1\/wp-content\/uploads\/2015\/10\/yola.jpg 1500w\" sizes=\"(max-width: 214px) 100vw, 214px\" \/><\/a><\/p>\n<p style=\"text-align: center;\"><strong>Lic. Delia Yolanda Mart\u00ednez Gonz\u00e1lez<\/strong><\/p>\n<p style=\"text-align: center;\"><strong>Psic\u00f3loga ( PAIDEA)<\/strong><\/p>\n<hr \/>\n<p style=\"text-align: center;\"><a href=\"http:\/\/diftuxpan.com\/web1\/wp-content\/uploads\/2015\/10\/karla-liliana-soltero-gonzalez-seguridad-alimentaria.jpg\"><img loading=\"lazy\" class=\"alignnone wp-image-91 size-medium\" src=\"http:\/\/diftuxpan.com\/web1\/wp-content\/uploads\/2015\/10\/karla-liliana-soltero-gonzalez-seguridad-alimentaria-214x300.jpg\" alt=\"karla liliana soltero gonzalez seguridad alimentaria\" width=\"214\" height=\"300\" srcset=\"https:\/\/diftuxpan.com\/web1\/wp-content\/uploads\/2015\/10\/karla-liliana-soltero-gonzalez-seguridad-alimentaria-214x300.jpg 214w, https:\/\/diftuxpan.com\/web1\/wp-content\/uploads\/2015\/10\/karla-liliana-soltero-gonzalez-seguridad-alimentaria-731x1024.jpg 731w, https:\/\/diftuxpan.com\/web1\/wp-content\/uploads\/2015\/10\/karla-liliana-soltero-gonzalez-seguridad-alimentaria.jpg 1500w\" sizes=\"(max-width: 214px) 100vw, 214px\" \/><\/a><\/p>\n<p style=\"text-align: center;\"><strong>Lic. Karla Liliana Soltero Gonz\u00e1lez<\/strong><\/p>\n<p style=\"text-align: center;\"><strong>Seguridad Alimentaria<\/strong><\/p>\n<hr \/>\n<p style=\"text-align: center;\"><a href=\"http:\/\/diftuxpan.com\/web1\/wp-content\/uploads\/2015\/10\/raquel-leal-torres.jpg\"><img loading=\"lazy\" class=\"alignnone wp-image-97 size-medium\" src=\"http:\/\/diftuxpan.com\/web1\/wp-content\/uploads\/2015\/10\/raquel-leal-torres-214x300.jpg\" alt=\"raquel leal torres\" width=\"214\" height=\"300\" srcset=\"https:\/\/diftuxpan.com\/web1\/wp-content\/uploads\/2015\/10\/raquel-leal-torres-214x300.jpg 214w, https:\/\/diftuxpan.com\/web1\/wp-content\/uploads\/2015\/10\/raquel-leal-torres-731x1024.jpg 731w, https:\/\/diftuxpan.com\/web1\/wp-content\/uploads\/2015\/10\/raquel-leal-torres.jpg 1500w\" sizes=\"(max-width: 214px) 100vw, 214px\" \/><\/a><\/p>\n<p style=\"text-align: center;\"><strong>C. Raquel Leal Torres<\/strong><\/p>\n<p style=\"text-align: center;\"><strong>Desayunos Escolares<\/strong><\/p>\n<hr \/>\n<p>&nbsp;<\/p>\n<p style=\"text-align: center;\"><a href=\"http:\/\/diftuxpan.com\/web1\/wp-content\/uploads\/2015\/10\/armando-de-jesus-martinez-flores-comunicacion.jpg\"><img loading=\"lazy\" class=\"alignnone wp-image-83 size-medium\" src=\"http:\/\/diftuxpan.com\/web1\/wp-content\/uploads\/2015\/10\/armando-de-jesus-martinez-flores-comunicacion-214x300.jpg\" alt=\"armando de jesus martinez flores comunicacion\" width=\"214\" height=\"300\" srcset=\"https:\/\/diftuxpan.com\/web1\/wp-content\/uploads\/2015\/10\/armando-de-jesus-martinez-flores-comunicacion-214x300.jpg 214w, https:\/\/diftuxpan.com\/web1\/wp-content\/uploads\/2015\/10\/armando-de-jesus-martinez-flores-comunicacion-731x1024.jpg 731w, https:\/\/diftuxpan.com\/web1\/wp-content\/uploads\/2015\/10\/armando-de-jesus-martinez-flores-comunicacion.jpg 1500w\" sizes=\"(max-width: 214px) 100vw, 214px\" \/><\/a><\/p>\n<p style=\"text-align: center;\"><strong>Lic. Armando de Jes\u00fas Mart\u00ednez Flores<\/strong><\/p>\n<p style=\"text-align: center;\"><strong>Comunicaci\u00f3n Social<\/strong><\/p>\n<hr \/>\n<p style=\"text-align: center;\"><a href=\"http:\/\/diftuxpan.com\/web1\/wp-content\/uploads\/2015\/10\/liliana-andrade.jpg\"><img loading=\"lazy\" class=\"alignnone wp-image-92 size-medium\" src=\"http:\/\/diftuxpan.com\/web1\/wp-content\/uploads\/2015\/10\/liliana-andrade-214x300.jpg\" alt=\"liliana andrade\" width=\"214\" height=\"300\" srcset=\"https:\/\/diftuxpan.com\/web1\/wp-content\/uploads\/2015\/10\/liliana-andrade-214x300.jpg 214w, https:\/\/diftuxpan.com\/web1\/wp-content\/uploads\/2015\/10\/liliana-andrade-731x1024.jpg 731w, https:\/\/diftuxpan.com\/web1\/wp-content\/uploads\/2015\/10\/liliana-andrade.jpg 1500w\" sizes=\"(max-width: 214px) 100vw, 214px\" \/><\/a><\/p>\n<p style=\"text-align: center;\"><strong>Lic. Liliana Medrano Medina<\/strong><\/p>\n<p style=\"text-align: center;\"><strong>Directora C.A.I.C. &#8220;APRENDE JUGANDO&#8221;<\/strong><\/p>\n<hr \/>\n<p style=\"text-align: center;\"><a href=\"http:\/\/diftuxpan.com\/web1\/wp-content\/uploads\/2015\/10\/david-ceballos.jpg\"><img loading=\"lazy\" class=\"alignnone wp-image-86 size-medium\" src=\"http:\/\/diftuxpan.com\/web1\/wp-content\/uploads\/2015\/10\/david-ceballos-214x300.jpg\" alt=\"david ceballos\" width=\"214\" height=\"300\" srcset=\"https:\/\/diftuxpan.com\/web1\/wp-content\/uploads\/2015\/10\/david-ceballos-214x300.jpg 214w, https:\/\/diftuxpan.com\/web1\/wp-content\/uploads\/2015\/10\/david-ceballos-731x1024.jpg 731w, https:\/\/diftuxpan.com\/web1\/wp-content\/uploads\/2015\/10\/david-ceballos.jpg 1500w\" sizes=\"(max-width: 214px) 100vw, 214px\" \/><\/a><\/p>\n<p style=\"text-align: center;\"><strong>C. David Ceballos Mart\u00ednez<\/strong><\/p>\n<p style=\"text-align: center;\"><strong>Chofer<\/strong><\/p>\n<hr \/>\n<p style=\"text-align: center;\"><a href=\"http:\/\/diftuxpan.com\/web1\/wp-content\/uploads\/2015\/10\/DSC07341.jpg\"><img loading=\"lazy\" class=\"alignnone  wp-image-889\" src=\"http:\/\/diftuxpan.com\/web1\/wp-content\/uploads\/2015\/10\/DSC07341-1024x768.jpg\" alt=\"DSC07341\" width=\"236\" height=\"177\" srcset=\"https:\/\/diftuxpan.com\/web1\/wp-content\/uploads\/2015\/10\/DSC07341-1024x768.jpg 1024w, https:\/\/diftuxpan.com\/web1\/wp-content\/uploads\/2015\/10\/DSC07341-300x225.jpg 300w\" sizes=\"(max-width: 236px) 100vw, 236px\" \/><\/a><\/p>\n<p style=\"text-align: center;\"><strong>Carlos Vicente Mart\u00ednez V\u00e1zquez<\/strong><\/p>\n<p style=\"text-align: center;\"><strong>Chofer<\/strong><\/p>\n<hr \/>\n<p style=\"text-align: center;\"><a href=\"http:\/\/diftuxpan.com\/web1\/wp-content\/uploads\/2015\/10\/tere-intendencia.jpg\"><img loading=\"lazy\" class=\"alignnone wp-image-100 size-medium\" src=\"http:\/\/diftuxpan.com\/web1\/wp-content\/uploads\/2015\/10\/tere-intendencia-214x300.jpg\" alt=\"tere intendencia\" width=\"214\" height=\"300\" srcset=\"https:\/\/diftuxpan.com\/web1\/wp-content\/uploads\/2015\/10\/tere-intendencia-214x300.jpg 214w, https:\/\/diftuxpan.com\/web1\/wp-content\/uploads\/2015\/10\/tere-intendencia-731x1024.jpg 731w, https:\/\/diftuxpan.com\/web1\/wp-content\/uploads\/2015\/10\/tere-intendencia.jpg 1500w\" sizes=\"(max-width: 214px) 100vw, 214px\" \/><\/a><\/p>\n<p style=\"text-align: center;\"><strong>C. Teresa de Jes\u00fas Mendoza Hern\u00e1ndez<\/strong><\/p>\n<p style=\"text-align: center;\"><strong>Servicios Varios<\/strong><\/p>\n<hr \/>\n<p style=\"text-align: center;\"><a href=\"http:\/\/diftuxpan.com\/web1\/wp-content\/uploads\/2015\/10\/se\u00f1orax.jpg\"><img loading=\"lazy\" class=\"alignnone wp-image-98 size-medium\" src=\"http:\/\/diftuxpan.com\/web1\/wp-content\/uploads\/2015\/10\/se\u00f1orax-214x300.jpg\" alt=\"se\u00f1orax\" width=\"214\" height=\"300\" srcset=\"https:\/\/diftuxpan.com\/web1\/wp-content\/uploads\/2015\/10\/se\u00f1orax-214x300.jpg 214w, https:\/\/diftuxpan.com\/web1\/wp-content\/uploads\/2015\/10\/se\u00f1orax-731x1024.jpg 731w, https:\/\/diftuxpan.com\/web1\/wp-content\/uploads\/2015\/10\/se\u00f1orax.jpg 1500w\" sizes=\"(max-width: 214px) 100vw, 214px\" \/><\/a><\/p>\n<p style=\"text-align: center;\"><strong>C. Adriana Guzm\u00e1n Hernandez<\/strong><\/p>\n<p style=\"text-align: center;\"><strong>Directora Centro de D\u00eda<\/strong><\/p>\n","protected":false},"excerpt":{"rendered":"<p>&nbsp; Sra. Patricia Ba\u00f1ales Hern\u00e1ndez Presidenta del Sistema DIF Tuxpan &nbsp; Lic. Edgar Renter\u00eda S\u00e1nchez Director General &nbsp; &nbsp; \u00a0\u00a0\u00a0 L.A.E. Elena Villalobos S\u00e1nchez Administraci\u00f3n\u00a0 &nbsp;<span class=\"excerpt-hellip\"> [\u2026]<\/span><\/p>\n","protected":false},"author":2,"featured_media":0,"parent":0,"menu_order":0,"comment_status":"closed","ping_status":"closed","template":"","meta":[],"_links":{"self":[{"href":"https:\/\/diftuxpan.com\/web1\/wp-json\/wp\/v2\/pages\/10"}],"collection":[{"href":"https:\/\/diftuxpan.com\/web1\/wp-json\/wp\/v2\/pages"}],"about":[{"href":"https:\/\/diftuxpan.com\/web1\/wp-json\/wp\/v2\/types\/page"}],"author":[{"embeddable":true,"href":"https:\/\/diftuxpan.com\/web1\/wp-json\/wp\/v2\/users\/2"}],"replies":[{"embeddable":true,"href":"https:\/\/diftuxpan.com\/web1\/wp-json\/wp\/v2\/comments?post=10"}],"version-history":[{"count":17,"href":"https:\/\/diftuxpan.com\/web1\/wp-json\/wp\/v2\/pages\/10\/revisions"}],"predecessor-version":[{"id":890,"href":"https:\/\/diftuxpan.com\/web1\/wp-json\/wp\/v2\/pages\/10\/revisions\/890"}],"wp:attachment":[{"href":"https:\/\/diftuxpan.com\/web1\/wp-json\/wp\/v2\/media?parent=10"}],"curies":[{"name":"wp","href":"https:\/\/api.w.org\/{rel}","templated":true}]}}